{"id":1067,"date":"2025-12-10T09:04:18","date_gmt":"2025-12-10T08:04:18","guid":{"rendered":"https:\/\/sosi.expert\/?page_id=1067"},"modified":"2025-12-17T14:37:36","modified_gmt":"2025-12-17T13:37:36","slug":"etre-au-septieme-ciel","status":"publish","type":"page","link":"https:\/\/sosi.expert\/index.php\/a-propos\/papillon-perdu-en-pensee\/etre-au-septieme-ciel\/","title":{"rendered":"\u00catre au septi\u00e8me ciel"},"content":{"rendered":"<p class=\"p1\">Au travail, envisager de passer toute sa vie dans une seule entreprise n\u2019est pas une fin en soi \ud83e\udd37\u200d\u2642\ufe0f<\/p>\n<p class=\"p1\">Le sacro-saint <a title=\"Contrat de travail \u00e0 dur\u00e9e ind\u00e9termin\u00e9e\" href=\"https:\/\/fr.wikipedia.org\/wiki\/Contrat_de_travail_%C3%A0_dur%C3%A9e_ind%C3%A9termin%C3%A9e\" target=\"_blank\" rel=\"noopener\" class=\"wikipedia\">Contrat \u00e0 Dur\u00e9e Ind\u00e9termin\u00e9e (CDI)<\/a> ne repr\u00e9sente plus le Graal, la qu\u00eate ultime de toutes les employ\u00e9es et tous les employ\u00e9s \ud83d\ude42\u200d\u2194\ufe0f<\/p>\n<p class=\"p1\">Si ce dernier peut \u00eatre garant d\u2019une certaine s\u00e9curit\u00e9, d&rsquo;une plus grande stabilit\u00e9 \u00e0 moyen terme, en g\u00e9n\u00e9ral dans des circonstances familiales particuli\u00e8res, envisager de fr\u00e9quenter un seul environnement professionnel peut avoir tendance \u00e0 nous ramollir, notamment le cerveau \ud83e\udde0<\/p>\n<p class=\"p1\">Difficile d\u2019\u00e9voluer ou de faire \u00e9voluer les points de vue, lorsque nous sommes sans arr\u00eat soumis \u00e0 la m\u00eame routine, aux m\u00eames rengaines et autres \u00e9l\u00e9ments de langage impos\u00e9s \ud83d\udcaa\ud83c\udffd<\/p>\n<p class=\"p1\">Le manque de confrontations d\u2019id\u00e9es dans son domaine de comp\u00e9tence a tendance \u00e0 nous enfermer dans nos certitudes sans vouloir ni, pour certains et certaines pseudos sp\u00e9cialistes autoproclam\u00e9s, pouvoir nous remettre en cause et encore moins en question \ud83e\udd14<\/p>\n<p class=\"p1\">Si, par malheur, contrairement \u00e0 ce que <a title=\"Article L1152-1\" href=\"https:\/\/www.legifrance.gouv.fr\/codes\/article_lc\/LEGIARTI000006900818\" target=\"_blank\" rel=\"noopener\" class=\"loi\">pr\u00e9voit la Loi<\/a>, l\u2019employeur n\u2019est pas en mesure d\u2019impliquer l\u2019employ\u00e9e ou l&#8217;employ\u00e9 dans des projets \u00e9panouissants, correspondants \u00e0 son niveau r\u00e9el et reconnaissables par le plus grand nombre en interne, le <a title=\"Contrat de travail \u00e0 dur\u00e9e ind\u00e9termin\u00e9e\" href=\"https:\/\/fr.wikipedia.org\/wiki\/Contrat_de_travail_%C3%A0_dur%C3%A9e_ind%C3%A9termin%C3%A9e\" target=\"_blank\" rel=\"noopener\" class=\"wikipedia\">CDI<\/a> n\u2019est plus un r\u00eave \ud83d\ude2b<\/p>\n<p class=\"p1\">Dans ces tristes circonstances, il s\u2019av\u00e8re ne pas \u00eatre un pont vers d\u2019autres fonctions, mais bel et bien un sombre tunnel \u00e0 la travers\u00e9e interminable et effroyablement douloureuse \ud83e\udd15<\/p>\n<p class=\"p1\">Le tout dans un <a title=\"Article L4121-1\" href=\"https:\/\/www.legifrance.gouv.fr\/codes\/article_lc\/LEGIARTI000035640828\/\" target=\"_blank\" rel=\"noopener\" class=\"loi\">silence subit<\/a>, sans crispation possible \ud83d\ude2c<\/p>\n<p class=\"p1\">De <a title=\"M\u00e9mo r\u00e9f\u00e9rence sur la discrimination au Travail\" href=\"https:\/\/sosi.expert\/index.php\/a-propos\/support-pedagogique\/memo-reference-sur-la-discrimination-au-travail\/\" target=\"_blank\" rel=\"noopener\" class=\"sosi\">\u00ab mise au placard \u00bb<\/a> progressive \u00e0 la rupture brutale, en passant par le conflit larv\u00e9, cet \u00ab effet tunnel \u00bb peut s\u2019apparenter \u00e0 l\u2019\u00e9pop\u00e9e d\u2019un soldat entr\u00e9, contre son gr\u00e9, en r\u00e9sistance face \u00e0 l\u2019oppresseur \ud83d\ude21<\/p>\n<p class=\"p1\">S\u2019\u00e9chapper du pi\u00e8ge infernal n\u2019est pas sans risque \ud83d\ude2e\u200d\ud83d\udca8<\/p>\n<p class=\"p1\">Les embuches et autres effondrements sont \u00e0 pr\u00e9voir \ud83d\ude30<\/p>\n<p class=\"p1\">Souvent les explosions sc\u00e9l\u00e9rates, surtout \u00e0 l\u2019int\u00e9rieur de la structure, peuvent \u00eatre enclench\u00e9es par des \u00ab petits chefs \u00bb s&#8217;emm\u00ealant dans la connexion de leurs fils \ud83e\udee1<\/p>\n<p class=\"style-scope ytd-watch-metadata\"><span class=\"break-words\n          tvm-parent-container\"><span dir=\"ltr\">\u27a1\ufe0f<\/span><\/span> \u00a0<img loading=\"lazy\" decoding=\"async\" src=\"https:\/\/sosi.expert\/wp-content\/uploads\/2025\/04\/Youtube_Icon.png\" alt=\"Lien vers une page YouTube\" width=\"25\" height=\"25\" \/> <a title=\"Le fil vert sur le bouton vert\" href=\"https:\/\/www.youtube.com\/watch?v=iqB18OUzlQU\" target=\"_blank\" rel=\"noopener\" class=\"youtube\">Le fil vert sur le bouton vert<\/a><\/p>\n<p class=\"p1\">Ce qui est en effet un peu con \ud83e\udd2a<\/p>\n<p class=\"p2\"><span class=\"break-words\n          tvm-parent-container\"><span dir=\"ltr\">\u27a1\ufe0f<\/span><\/span> \u00a0<img loading=\"lazy\" decoding=\"async\" src=\"https:\/\/sosi.expert\/wp-content\/uploads\/2025\/04\/Youtube_Icon.png\" alt=\"Lien vers une page YouTube\" width=\"25\" height=\"25\" \/> <a title=\"Qu 'est ce qui dit ?\" href=\"https:\/\/www.youtube.com\/watch?v=crJ8cXSmocg\" target=\"_blank\" rel=\"noopener\" class=\"youtube\"><span class=\"style-scope yt-formatted-string\" dir=\"auto\">Qu &lsquo;est ce qui dit ?<\/span><\/a><\/p>\n<p class=\"p1\">Et parfois, sans comprendre ni chercher \u00e0 le faire, une fois la lumi\u00e8re atteinte \ud83d\udca1<\/p>\n<p class=\"p1\"><em>\u00ab Si j\u2019connaissais l\u2019type qui a fait sauter le tunnel \u2026 J\u2019l\u2019embrasserais ! \u00bb<\/em> \ud83d\ude18<\/p>\n<p class=\"p2\"><span class=\"break-words\n          tvm-parent-container\"><span dir=\"ltr\">\u27a1\ufe0f<\/span><\/span> \u00a0<img loading=\"lazy\" decoding=\"async\" src=\"https:\/\/sosi.expert\/wp-content\/uploads\/2025\/04\/Youtube_Icon.png\" alt=\"Lien vers une page YouTube\" width=\"25\" height=\"25\" \/> <a title=\"\u00c9vasion\" href=\"https:\/\/www.youtube.com\/watch?v=bdm6Z80DcTQ\" target=\"_blank\" rel=\"noopener\" class=\"youtube\">\u00c9vasion<\/a><\/p>\n","protected":false},"excerpt":{"rendered":"<p>Au travail, envisager de passer toute sa vie dans une seule entreprise n\u2019est pas une fin en soi \ud83e\udd37\u200d\u2642\ufe0f Le sacro-saint Contrat \u00e0 Dur\u00e9e Ind\u00e9termin\u00e9e (CDI) ne repr\u00e9sente plus le Graal, la qu\u00eate ultime de toutes les employ\u00e9es et tous les employ\u00e9s \ud83d\ude42\u200d\u2194\ufe0f Si ce dernier peut \u00eatre garant d\u2019une certaine s\u00e9curit\u00e9, d&rsquo;une plus grande &hellip; <a href=\"https:\/\/sosi.expert\/index.php\/a-propos\/papillon-perdu-en-pensee\/etre-au-septieme-ciel\/\" class=\"more-link\">Continuer la lecture<span class=\"screen-reader-text\"> de &laquo;&nbsp;\u00catre au septi\u00e8me ciel&nbsp;&raquo;<\/span><\/a><\/p>\n","protected":false},"author":2,"featured_media":1068,"parent":542,"menu_order":7,"comment_status":"closed","ping_status":"closed","template":"","meta":{"_uag_custom_page_level_css":"","_monsterinsights_skip_tracking":false,"_monsterinsights_sitenote_active":false,"_monsterinsights_sitenote_note":"","_monsterinsights_sitenote_category":0,"footnotes":""},"class_list":["post-1067","page","type-page","status-publish","has-post-thumbnail","hentry"],"aioseo_notices":[],"uagb_featured_image_src":{"full":["https:\/\/sosi.expert\/wp-content\/uploads\/2025\/12\/La-7ieme.png",1920,1079,false],"thumbnail":["https:\/\/sosi.expert\/wp-content\/uploads\/2025\/12\/La-7ieme-150x150.png",150,150,true],"medium":["https:\/\/sosi.expert\/wp-content\/uploads\/2025\/12\/La-7ieme-300x169.png",300,169,true],"medium_large":["https:\/\/sosi.expert\/wp-content\/uploads\/2025\/12\/La-7ieme-768x432.png",768,432,true],"large":["https:\/\/sosi.expert\/wp-content\/uploads\/2025\/12\/La-7ieme-1024x575.png",840,472,true],"1536x1536":["https:\/\/sosi.expert\/wp-content\/uploads\/2025\/12\/La-7ieme-1536x863.png",1536,863,true],"2048x2048":["https:\/\/sosi.expert\/wp-content\/uploads\/2025\/12\/La-7ieme.png",1920,1079,false],"post-thumbnail":["https:\/\/sosi.expert\/wp-content\/uploads\/2025\/12\/La-7ieme-1200x674.png",1200,674,true]},"uagb_author_info":{"display_name":"Patrick Millan","author_link":"https:\/\/sosi.expert\/index.php\/author\/patrick-millan\/"},"uagb_comment_info":0,"uagb_excerpt":"Au travail, envisager de passer toute sa vie dans une seule entreprise n\u2019est pas une fin en soi \ud83e\udd37\u200d\u2642\ufe0f Le sacro-saint Contrat \u00e0 Dur\u00e9e Ind\u00e9termin\u00e9e (CDI) ne repr\u00e9sente plus le Graal, la qu\u00eate ultime de toutes les employ\u00e9es et tous les employ\u00e9s \ud83d\ude42\u200d\u2194\ufe0f Si ce dernier peut \u00eatre garant d\u2019une certaine s\u00e9curit\u00e9, d&rsquo;une plus grande\u2026","_links":{"self":[{"href":"https:\/\/sosi.expert\/index.php\/wp-json\/wp\/v2\/pages\/1067","targetHints":{"allow":["GET"]}}],"collection":[{"href":"https:\/\/sosi.expert\/index.php\/wp-json\/wp\/v2\/pages"}],"about":[{"href":"https:\/\/sosi.expert\/index.php\/wp-json\/wp\/v2\/types\/page"}],"author":[{"embeddable":true,"href":"https:\/\/sosi.expert\/index.php\/wp-json\/wp\/v2\/users\/2"}],"replies":[{"embeddable":true,"href":"https:\/\/sosi.expert\/index.php\/wp-json\/wp\/v2\/comments?post=1067"}],"version-history":[{"count":3,"href":"https:\/\/sosi.expert\/index.php\/wp-json\/wp\/v2\/pages\/1067\/revisions"}],"predecessor-version":[{"id":1486,"href":"https:\/\/sosi.expert\/index.php\/wp-json\/wp\/v2\/pages\/1067\/revisions\/1486"}],"up":[{"embeddable":true,"href":"https:\/\/sosi.expert\/index.php\/wp-json\/wp\/v2\/pages\/542"}],"wp:featuredmedia":[{"embeddable":true,"href":"https:\/\/sosi.expert\/index.php\/wp-json\/wp\/v2\/media\/1068"}],"wp:attachment":[{"href":"https:\/\/sosi.expert\/index.php\/wp-json\/wp\/v2\/media?parent=1067"}],"curies":[{"name":"wp","href":"https:\/\/api.w.org\/{rel}","templated":true}]}}