{"id":1072,"date":"2025-12-10T09:30:45","date_gmt":"2025-12-10T08:30:45","guid":{"rendered":"https:\/\/sosi.expert\/?page_id=1072"},"modified":"2026-01-28T12:27:00","modified_gmt":"2026-01-28T11:27:00","slug":"petit-moment-de-litterature","status":"publish","type":"page","link":"https:\/\/sosi.expert\/index.php\/a-propos\/papillon-perdu-en-pensee\/petit-moment-de-litterature\/","title":{"rendered":"Petit moment de litt\u00e9rature"},"content":{"rendered":"<p><strong>Promotion \u00e0 saisir :<br \/><\/strong> \u00c0 chaque commande, appliquer le code <a title=\"Code Orange - Shatter\" href=\"https:\/\/www.youtube.com\/watch?v=L6E0xdvstJU&amp;list=RDL6E0xdvstJU&amp;start_radio=1\" target=\"_blank\" rel=\"noopener\" class=\"youtube\">ORANGE<\/a><\/p>\n<h2><strong><em>Pr\u00e9face :<\/em><\/strong><\/h2>\n<p><span class=\"break-words\n          tvm-parent-container\"><span dir=\"ltr\">\ud83d\udca1 Pour No\u00ebl, partagez le \u00ab <em>Petit manuel de survie d\u2019un repr\u00e9sentant du personnel en entreprise<\/em> \u00bb<\/p>\n<p>Les f\u00eates de fin d\u2019ann\u00e9es approchent \ud83c\udfb6 \u2744\ufe0f \ud83c\udf85 \ud83e\udd73<br \/>\nLa pr\u00e9paration des cadeaux \ud83c\udf81 s\u2019active, et comme\u00a0beaucoup \ud83e\udd37\u200d\u2642\ufe0f, vous vous y \u00eates pris \u00e0 la derni\u00e8re minute \u23f0<\/p>\n<p>La vie est si tr\u00e9pidante \ud83c\udfc3\u200d\u2642\ufe0f \ud83c\udfc3\u200d\u2640\ufe0f\u200d\u27a1\ufe0f que nous en oublions souvent \ud83d\ude29 l\u2019essentiel \u2763\ufe0f, \u00e0 savoir, faire plaisir \ud83d\udc8c le plus souvent possible \u00e0 notre entourage \ud83e\udd70, les personnes qui nous sont le plus ch\u00e8res \ud83d\ude18<\/p>\n<p>Rien de plus simple finalement \ud83d\ude00 qu\u2019un peu de lecture \ud83d\udcda \u00e0 partager \ud83e\udd1d\ud83c\udffd et \u00e0 faire partager \ud83d\udde3\ufe0f au plus grand nombre \ud83d\udc4d\ud83c\udffd<\/p>\n<p>Les questions environnementales sont dans les t\u00eates \ud83e\udde0 et les C\u0153urs \ud83d\udc9a de beaucoup d\u2019entre-nous \ud83d\udc6b \ud83d\udc6d \ud83d\udc6c<br \/>\nL\u2019Amour \ud83e\udef6\ud83c\udffd de la Nature \ud83c\udf33 \ud83c\udf3c \ud83e\udd8a nous impr\u00e8gne \ud83c\udf31 inexorablement \ud83e\udd17<\/p>\n<p>Pourtant, ce milieu \ud83c\udf0d \ud83c\udf0e \ud83c\udf0f, si magnifique \u00e0 d\u00e9couvrir \ud83d\ude03, regorge d\u2019innombrables pi\u00e8ges \u26a0\ufe0f, de dangers parfois mortels \ud83d\udd25 \u2622\ufe0f \u2620\ufe0f, \u00e0 \u00e9viter \u00e0 tout prix \ud83d\ude25<\/p>\n<p>L\u2019article \ud83d\udcdc ci-dessous \ud83d\udc47\ud83c\udffd est un petit manuel \ud83d\udcd6 vous offrant \ud83d\ude06 les bases de survie dans ce milieu finalement tr\u00e8s naturel qu\u2019est le monde de l\u2019entreprise \ud83c\udfed \ud83c\udfeb \ud83c\udfe5, lorsque, par g\u00e9n\u00e9rosit\u00e9 \ud83d\ude07 Humaine \ud83d\udc91, vous d\u00e9cidez d\u2019exercer les fonctions tr\u00e8s risqu\u00e9es \ud83d\ude30 \ud83d\ude31 de repr\u00e9sentant du personnel \ud83d\udc6e<\/p>\n<p>Inspir\u00e9 d\u2019un Tr\u00e8s Grand \ud83d\udcaa\ud83c\udffd et C\u00e9l\u00e8bre Aventurier \ud83e\uddd7\u26f7\ufe0f\ud83c\udfca\ud83c\udfc3\u200d\u27a1\ufe0f de la Nature \ud83d\uddfa\ufe0f, au sens \u00e9cologique \ud83c\udf40 du terme, <a title=\"Mike Horn\" href=\"https:\/\/fr.wikipedia.org\/wiki\/Mike_Horn\" target=\"_blank\" rel=\"noopener\" class=\"wikipedia\">Mike Horn<\/a> \ud83e\uddd1\u200d\ud83c\udf3e, il deviendra tr\u00e8s vite votre <a title=\"Site officiel de Mike Horn\" href=\"https:\/\/www.mikehorn.com\/shop\/guide-survie-sos-aventurier-mike-horn\/\" target=\"_blank\" rel=\"noopener\" class=\"canard\">\u00ab Livre de chevet \u00bb<\/a> \ud83d\udcd7<\/p>\n<p>Bonne lecture ! \ud83d\udc4c\ud83c\udffd<\/span><\/span><\/p>\n<h2><strong><em>R\u00e9sum\u00e9 de l&rsquo;ouvrage :<\/em><\/strong><\/h2>\n<p class=\"p1\">Au moment d\u2019int\u00e9grer une entreprise, le premier contact avec le nouvel \u00e9cosyst\u00e8me est souvent tr\u00e8s chaleureux.<\/p>\n<p class=\"p1\">Les portes sont grandes ouvertes.<\/p>\n<p class=\"p1\">Les locaux sont accueillants et la personne, qui accompagne les premiers pas du petit nouveau, affiche un v\u00e9ritable sourire doux, en \u00e9tant particuli\u00e8rement bienveillante.<\/p>\n<p class=\"p1\">\u00c0 raison d\u2019ailleurs.<\/p>\n<p class=\"p1\">Elle dresse le portrait de tous les coll\u00e8gues comme si ils ou elles \u00e9taient de v\u00e9ritables merveilles<\/p>\n<p class=\"p1\">Elle voit clair en ce novice dans l\u2019apprentissage des us et coutumes locales.<\/p>\n<p class=\"p1\">Bien que ce dernier ait perdu sa virginit\u00e9 dans les milieux professionnels depuis un temps certain.<\/p>\n<p class=\"p1\">La future partenaire de projets prend spontan\u00e9ment l\u2019initiative du premier rendez-vous, arborant un aussi grand sourire, est dynamique, engageante et tr\u00e8s professionnelle, en expliquant clairement le contexte des futures missions.<\/p>\n<p class=\"p1\">Cela vaut pour une bonne partie des autres coll\u00e8gues de p\u00f4le en g\u00e9n\u00e9ral, baptisant symboliquement et paternellement la joyeuse int\u00e9gration.<\/p>\n<p class=\"p1\">Les \u00e9changes restent en toutes circonstances, positifs et constructifs, apportant \u00e0 l\u2019ensemble une fraicheur vivifiante.<\/p>\n<p class=\"p1\">Tout semble bien carr\u00e9.<\/p>\n<p class=\"p1\">La direction, malgr\u00e9 son lot quotidien de responsabilit\u00e9s, vient \u00e0 la rencontre est fait connaissance poliment, courtoisement m\u00eame, prenant soin de respecter les r\u00e8gles distancielles de base dans toutes relations professionnelles naissantes.<\/p>\n<p class=\"p1\">Le manager accompagne progressivement dans la prise de fonction, listant les t\u00e2ches, aidant studieusement et en souplesse \u00e0 organiser l\u2019emploi du temps, en prenant bien garde \u00e0 ce que les autres activit\u00e9s non assign\u00e9es ne pompent et ne nuisent en aucun cas \u00e0 toute l\u2019\u00e9nergique motivation initiale d\u00e9pens\u00e9e.<\/p>\n<p class=\"p1\">Les coll\u00e8gues de bureau sont charmantes et cools, car tr\u00e8s exp\u00e9riment\u00e9s suite \u00e0 leur pr\u00e9sence renouvel\u00e9e ann\u00e9es apr\u00e8s ann\u00e9es.<\/p>\n<p class=\"p1\">Les portes ne sont pas clause et ludiquement, divinement et maternellement les outils internes sont progressivement maitris\u00e9s.<\/p>\n<p class=\"p1\">Toutes et tous aiment \u00e0 nourrir la curiosit\u00e9, elle si souvent source de plaisirs partag\u00e9s, et l\u2019arrivant le leur rend bien.<\/p>\n<p class=\"p1\">Il se sent dans son \u00e9l\u00e9ment tel un petit poisson souriant dans un grand aquarium.<\/p>\n<p class=\"p1\">Il joue m\u00eame le r\u00f4le du petit SAM en fin de soir\u00e9e d\u2019Afterwork, \u00e9pop\u00e9e comique que beaucoup comparent alors \u00e0 celle d\u2019un heureux h\u00e9ros grec ayant fait un long voyage.<\/p>\n<p class=\"p1\">Et puis c\u2019est tout.<\/p>\n<p class=\"p1\">Vient le moment de briser la glace, mettre \u00e0 bas les espoirs, faire la nique aux ambitions.<\/p>\n<p class=\"p1\">Les difficult\u00e9s vont croissantes lorsque l\u2019employ\u00e9 est pris syst\u00e9matiquement \u00e0 l\u2019\u00e9cart, cherchant par cette pratique \u00e0 recueillir confidences, sans convergence d\u2019informations, voir allant jusqu\u2019\u00e0 lire les \u00e9changes en son absence dans sa messagerie interne.<\/p>\n<p class=\"p1\">L\u2019\u00e9coute est un art nouant parfois des liens \u00e9tranges avec qui veut un instant recueillir confession, mais pouvant malgr\u00e9 tout s\u2019am\u00e9liorer avec le temps, quoique ne pouvant en aucun cas \u00eatre le d\u00e9but d&rsquo;une relation amicale fiable.<\/p>\n<p class=\"p1\">Rien ne sert de courir, il faut partir \u00e0 point, l\u2019\u00e9quilibre de l\u2019Eden initial est rompu.<\/p>\n<p class=\"p1\">Toutes recherches de Qualit\u00e9 dans les travaux sont, de fa\u00e7on imag\u00e9e, syst\u00e9matiquement balanc\u00e9es \u00e0 la cuvette.<\/p>\n<p class=\"p1\">L\u2019employ\u00e9 est litt\u00e9ralement bout\u00e9 hors des projets les plus valorisants, cantonn\u00e9s aux t\u00e2ches par d\u00e9finition les plus barbantes ou restant perp\u00e9tuellement au stade embryonnaire.<\/p>\n<p class=\"p1\">Bon an mal an, il continue son petit bonhomme de chemin et sympathise malgr\u00e9 tout avec un grand nombre.<\/p>\n<p class=\"p1\">La vie ne se r\u00e9sume pas qu\u2019\u00e0 l\u2019environnement professionnel.<\/p>\n<p class=\"p1\">Battre le rappel n&rsquo;attend pas.<br \/>Le temps passe inexorablement.<\/p>\n<p class=\"p1\">D\u2019exp\u00e9rience, il a le r\u00e9flexe de consigner toutes ses interventions et leur chronologie, dans ses notes, mais surtout via ses courriels.<\/p>\n<p class=\"p1\">C\u2019est alors que toutes les personnes s\u2019\u00e9tant montr\u00e9es si agr\u00e9ables avec lui se mettent \u00e0 disparaitre progressivement.<\/p>\n<p class=\"p1\">Les liens de sympathie font qu\u2019il ne supporte plus cette situation et propose spontan\u00e9ment son aide \u00e0 qui se trouve en difficult\u00e9.<\/p>\n<p class=\"p1\">Il prodigue conseils et consignes, r\u00e9sultats de son long parcours pass\u00e9.<\/p>\n<p class=\"p1\">D\u2019aucun(e) accepte ce soutien et le voil\u00e0, de fil en aiguille, promu \u00e0 la majorit\u00e9, repr\u00e9sentant du personnel, jouant du fer avec qui ose nuire \u00e0 autrui.<\/p>\n<p class=\"p1\">L\u2019agacement en interne monte.<\/p>\n<p class=\"p1\">Les jalousies se font silencieuses.<\/p>\n<p class=\"p1\">L\u2019orgueil s\u2019\u00e9tale de plus en plus au grand jour.<\/p>\n<p class=\"p1\">Mais, se sachant avoir une cible dans le dos, le repr\u00e9sentant se m\u00e9fie de toutes sournoiseries et autres trahisons.<\/p>\n<p class=\"p1\">Il applique \u00e0 la lettre le plus souvent, les principes de base de survie en milieu hostile que de sages mentors lui ont nagu\u00e8re enseign\u00e9.<\/p>\n<p class=\"p1\">Il continue ses prises de note habituelles de la mani\u00e8re la plus exhaustive possible, sans viser l\u2019inatteignable perfection.<\/p>\n<p class=\"p1\">Ne pouvant b\u00e9n\u00e9ficier du mat\u00e9riel pourtant requis l\u00e9galement en de telles circonstances, il s\u2019assure de la mise en s\u00e9curit\u00e9 de celles-ci.<\/p>\n<p class=\"p1\"><em>Comment fait-il ?<\/em><\/p>\n<p class=\"p1\">Comme tout aventurier bien pr\u00e9par\u00e9 avant d\u2019escalader un haut sommet, se lancer dans une travers\u00e9e de d\u00e9sert, de mer ou d\u2019oc\u00e9an, il met en place des <a title=\"Que fait \u00ab Malotru \u00bb dans son bureau ?\" href=\"https:\/\/sosi.expert\/index.php\/a-propos\/le-papillon-perdu-dans-ses-pensees\/que-fait-malotru-dans-son-bureau\/\" target=\"_blank\" rel=\"noopener\" class=\"sosi\">routines de sauvegarde l\u00e9gale<\/a>.<\/p>\n<p class=\"p1\">D\u00e8s le d\u00e9but de ses interventions pour le bien du plus grand nombre au sein du collectif afin de prot\u00e9ger les plus d\u00e9munis, et bien \u00e9videment, en premier lieu, afin d\u2019assurer sa propre int\u00e9grit\u00e9 morale voir physique, l\u2019essentiel des traces ayant attrait \u00e0 ses fonctions particuli\u00e8res est transf\u00e9r\u00e9 sur un support distant externe.<\/p>\n<p class=\"p1\">Mais plus important encore, tout indice pouvant sugg\u00e9rer ces envois est supprim\u00e9 au fur et \u00e0 mesure.<\/p>\n<p class=\"p1\">Nous ne sommes vraiment jamais assez trop prudents.<\/p>\n<p class=\"p1\">Ainsi en cas de violents coups de vent, m\u00e9caniquement, sans r\u00e9fl\u00e9chir, il ex\u00e9cute les gestes qui sauvent.<\/p>\n<p class=\"p1\">De l\u2019importance de l\u2019entrainement et de l\u2019apprentissage des concepts et pratiques les plus simples, basiques et leur r\u00e9p\u00e9tition avant toutes \u00e9preuves.<\/p>\n<p class=\"p1\"><strong>Moralit\u00e9, le retour aux fondamentaux est la valeur la plus s\u00fbre en cas de coups durs, est utile toute la vie, en toute humilit\u00e9 face au d\u00e9chainement des \u00e9l\u00e9ments alentours.<\/strong><\/p>\n<p>&nbsp;<\/p>\n","protected":false},"excerpt":{"rendered":"<p>Promotion \u00e0 saisir : \u00c0 chaque commande, appliquer le code ORANGE Pr\u00e9face : \ud83d\udca1 Pour No\u00ebl, partagez le \u00ab Petit manuel de survie d\u2019un repr\u00e9sentant du personnel en entreprise \u00bb Les f\u00eates de fin d\u2019ann\u00e9es approchent \ud83c\udfb6 \u2744\ufe0f \ud83c\udf85 \ud83e\udd73 La pr\u00e9paration des cadeaux \ud83c\udf81 s\u2019active, et comme\u00a0beaucoup \ud83e\udd37\u200d\u2642\ufe0f, vous vous y \u00eates pris \u00e0 &hellip; <a href=\"https:\/\/sosi.expert\/index.php\/a-propos\/papillon-perdu-en-pensee\/petit-moment-de-litterature\/\" class=\"more-link\">Continuer la lecture<span class=\"screen-reader-text\"> de &laquo;&nbsp;Petit moment de litt\u00e9rature&nbsp;&raquo;<\/span><\/a><\/p>\n","protected":false},"author":2,"featured_media":1073,"parent":542,"menu_order":6,"comment_status":"closed","ping_status":"closed","template":"","meta":{"_uag_custom_page_level_css":"","_monsterinsights_skip_tracking":false,"_monsterinsights_sitenote_active":false,"_monsterinsights_sitenote_note":"","_monsterinsights_sitenote_category":0,"footnotes":""},"class_list":["post-1072","page","type-page","status-publish","has-post-thumbnail","hentry"],"aioseo_notices":[],"uagb_featured_image_src":{"full":["https:\/\/sosi.expert\/wp-content\/uploads\/2025\/12\/Le-SOS-du-Representant.png",1920,1080,false],"thumbnail":["https:\/\/sosi.expert\/wp-content\/uploads\/2025\/12\/Le-SOS-du-Representant-150x150.png",150,150,true],"medium":["https:\/\/sosi.expert\/wp-content\/uploads\/2025\/12\/Le-SOS-du-Representant-300x169.png",300,169,true],"medium_large":["https:\/\/sosi.expert\/wp-content\/uploads\/2025\/12\/Le-SOS-du-Representant-768x432.png",768,432,true],"large":["https:\/\/sosi.expert\/wp-content\/uploads\/2025\/12\/Le-SOS-du-Representant-1024x576.png",840,473,true],"1536x1536":["https:\/\/sosi.expert\/wp-content\/uploads\/2025\/12\/Le-SOS-du-Representant-1536x864.png",1536,864,true],"2048x2048":["https:\/\/sosi.expert\/wp-content\/uploads\/2025\/12\/Le-SOS-du-Representant.png",1920,1080,false],"post-thumbnail":["https:\/\/sosi.expert\/wp-content\/uploads\/2025\/12\/Le-SOS-du-Representant-1200x675.png",1200,675,true]},"uagb_author_info":{"display_name":"Patrick Millan","author_link":"https:\/\/sosi.expert\/index.php\/author\/patrick-millan\/"},"uagb_comment_info":0,"uagb_excerpt":"Promotion \u00e0 saisir : \u00c0 chaque commande, appliquer le code ORANGE Pr\u00e9face : \ud83d\udca1 Pour No\u00ebl, partagez le \u00ab Petit manuel de survie d\u2019un repr\u00e9sentant du personnel en entreprise \u00bb Les f\u00eates de fin d\u2019ann\u00e9es approchent \ud83c\udfb6 \u2744\ufe0f \ud83c\udf85 \ud83e\udd73 La pr\u00e9paration des cadeaux \ud83c\udf81 s\u2019active, et comme\u00a0beaucoup \ud83e\udd37\u200d\u2642\ufe0f, vous vous y \u00eates pris \u00e0\u2026","_links":{"self":[{"href":"https:\/\/sosi.expert\/index.php\/wp-json\/wp\/v2\/pages\/1072","targetHints":{"allow":["GET"]}}],"collection":[{"href":"https:\/\/sosi.expert\/index.php\/wp-json\/wp\/v2\/pages"}],"about":[{"href":"https:\/\/sosi.expert\/index.php\/wp-json\/wp\/v2\/types\/page"}],"author":[{"embeddable":true,"href":"https:\/\/sosi.expert\/index.php\/wp-json\/wp\/v2\/users\/2"}],"replies":[{"embeddable":true,"href":"https:\/\/sosi.expert\/index.php\/wp-json\/wp\/v2\/comments?post=1072"}],"version-history":[{"count":13,"href":"https:\/\/sosi.expert\/index.php\/wp-json\/wp\/v2\/pages\/1072\/revisions"}],"predecessor-version":[{"id":1858,"href":"https:\/\/sosi.expert\/index.php\/wp-json\/wp\/v2\/pages\/1072\/revisions\/1858"}],"up":[{"embeddable":true,"href":"https:\/\/sosi.expert\/index.php\/wp-json\/wp\/v2\/pages\/542"}],"wp:featuredmedia":[{"embeddable":true,"href":"https:\/\/sosi.expert\/index.php\/wp-json\/wp\/v2\/media\/1073"}],"wp:attachment":[{"href":"https:\/\/sosi.expert\/index.php\/wp-json\/wp\/v2\/media?parent=1072"}],"curies":[{"name":"wp","href":"https:\/\/api.w.org\/{rel}","templated":true}]}}