{"id":1081,"date":"2025-12-10T10:02:09","date_gmt":"2025-12-10T09:02:09","guid":{"rendered":"https:\/\/sosi.expert\/?page_id=1081"},"modified":"2025-12-17T04:33:53","modified_gmt":"2025-12-17T03:33:53","slug":"les-reunions-de-cons","status":"publish","type":"page","link":"https:\/\/sosi.expert\/index.php\/a-propos\/papillon-perdu-en-pensee\/les-reunions-de-cons\/","title":{"rendered":"Les r\u00e9unions de Cons"},"content":{"rendered":"<p>R\u00e9flexion sur la pertinence de certaines r\u00e9unions.<\/p>\n<p><strong>Contexte<\/strong><\/p>\n<p><a title=\"Le D\u00eener de cons\" href=\"https:\/\/fr.wikipedia.org\/wiki\/Le_D%C3%AEner_de_cons\" target=\"_blank\" rel=\"noopener\" class=\"wikipedia\"><span class=\"s1\">\u00ab Le diner de Cons \u00bb<\/span><\/a> est un film r\u00e9alis\u00e9 par <a title=\"Francis Veber\" href=\"https:\/\/fr.wikipedia.org\/wiki\/Francis_Veber\" target=\"_blank\" rel=\"noopener\" class=\"wikipedia\"><span class=\"s1\">Francis Veber<\/span><\/a> datant de 1998.<\/p>\n<p>S\u2019inscrivant dans la lign\u00e9 de la s\u00e9rie cin\u00e9matographique se basant sur le personnage \u00ab gauche \u00bb de <a title=\"Fran\u00e7ois Pignon\" href=\"https:\/\/fr.wikipedia.org\/wiki\/Fran%C3%A7ois_Pignon\" target=\"_blank\" rel=\"noopener\" class=\"wikipedia\"><span class=\"s1\">Fran\u00e7ois Pignon<\/span><\/a>.<\/p>\n<p>L\u2019un des autres films les plus connus de cette s\u00e9rie est <a title=\"L'Emmerdeur (film, 1973)\" href=\"https:\/\/fr.wikipedia.org\/wiki\/L%27Emmerdeur_(film,_1973)\" target=\"_blank\" rel=\"noopener\" class=\"wikipedia\"><span class=\"s1\">\u00ab L\u2019Emmerdeur \u00bb <\/span><\/a>(avec <a title=\"Jacques Brel\" href=\"https:\/\/fr.wikipedia.org\/wiki\/Jacques_Brel\" target=\"_blank\" rel=\"noopener\" class=\"wikipedia\"><span class=\"s1\">Jacques Brel<\/span><\/a> en Pignon, et pour lui donner la r\u00e9plique, l\u2019impassible <a title=\"Lino Ventura\" href=\"https:\/\/fr.wikipedia.org\/wiki\/Lino_Ventura\" target=\"_blank\" rel=\"noopener\" class=\"wikipedia\"><span class=\"s1\">Lino Ventura<\/span><\/a> dans le r\u00f4le du tueur de sang-froid nomm\u00e9 Ralf Milan).<\/p>\n<p>Le film rencontra un franc succ\u00e8s de par sa d\u00e9nonciation implicite, certes caricaturale (quoique \u2026), des relations sociales bas\u00e9es sur le m\u00e9pris d\u2019autrui.<\/p>\n<p>Les personnages principaux sont incarn\u00e9s avec un grand recul par :<\/p>\n<ul>\n<li><a title=\"Jacques Villeret\" href=\"https:\/\/fr.wikipedia.org\/wiki\/Jacques_Villeret\" target=\"_blank\" rel=\"noopener\" class=\"wikipedia\"><span class=\"s1\">Jacques Villeret<\/span><\/a> (Fran\u00e7ois Pignon, un employ\u00e9 \u00e0 l\u2019administration des imp\u00f4ts)<\/li>\n<li><a title=\"Thierry Lhermitte\" href=\"https:\/\/fr.wikipedia.org\/wiki\/Thierry_Lhermitte\" target=\"_blank\" rel=\"noopener\" class=\"wikipedia\"><span class=\"s1\">Thierry Lhermitte<\/span><\/a> (Pierre Brochant, \u00e9diteur)<\/li>\n<li><a title=\"Francis Huster\" href=\"https:\/\/fr.wikipedia.org\/wiki\/Francis_Huster\" target=\"_blank\" rel=\"noopener\" class=\"wikipedia\"><span class=\"s1\">Francis Huster<\/span><\/a> (Juste Leblanc, \u00e9crivain)<\/li>\n<li><a title=\"Daniel Pr\u00e9vost\" href=\"https:\/\/fr.wikipedia.org\/wiki\/Daniel_Pr%C3%A9vost\" target=\"_blank\" rel=\"noopener\" class=\"wikipedia\"><span class=\"s1\">Daniel Pr\u00e9vost<\/span><\/a> (Lucien Cheval, contr\u00f4leur fiscal)<\/li>\n<\/ul>\n<p>Il est \u00e0 noter que ces personnages sont exclusivement masculins, ce qui ne signifie en rien que la Connerie soit l\u2019apanage unique des hommes.<\/p>\n<p><strong>La morale de cette histoire \u00e9tant que les apparences sont souvent trompeuses, d\u2019o\u00f9 le fait que les plus gros Cons ne sont pas toujours ceux \u00e0 qui l\u2019on pense en premier lieu.<\/strong><\/p>\n<p><strong>Article<\/strong><\/p>\n<p>Ils ou elles nous convient, pour ne pas \u00e9crire, nous imposent, de participer \u00e0 des r\u00e9unions sans fin et sans int\u00e9r\u00eat, pour juste combler le blanc.<\/p>\n<p><em>\u00ab \u2013 Qu\u2019est-ce que vous faites Mercredi prochain de 14h \u00e0 16h ?<br \/>\n\u2013 Mercredi prochain (dans mon agenda pourtant partag\u00e9) \u2026 Rien !<br \/>\n\u2013 Parfait ! L\u2019 \u00ab ami \u00bb qui encadre cet important Projet pour l\u2019entreprise, organise une nouvelle r\u00e9union, vous allez nous repr\u00e9senter !<br \/>\n\u2013 C\u2019est vraiment tr\u00e8s gentil \u00e7a !<\/em><br \/>\n\u2013 Non c\u2019est normal, pensez aux objectifs rat\u00e9s du dernier semestre, on \u2026 vous ne les raterez pas la prochaine fois ! \u00bb<\/em><\/p>\n<p>Ils ou elles parlent pour ne rien dire et nous font des le\u00e7ons de morale \u00e0 chacune de nos remarques pourtant pertinentes, car eux seuls et elles seules savent comment vraiment \u00ab marcher \u00bb.<\/p>\n<p><em>\u00ab J\u2019avais dit \u00e0 gauche, sans votre opinion ! \u00bb<\/em><\/p>\n<p>Ils ou elles passent leurs journ\u00e9es \u00e0 <a class=\"sosi\" title=\"La psychologie du \u00ab Chiffre \u00bb\" href=\"https:\/\/sosi.expert\/index.php\/2025\/07\/07\/la-psychologie-du-chiffre\/\" target=\"_blank\" rel=\"noopener\">contempler des graphiques et des chiffres<\/a>, esp\u00e9rant par le regard provoquer l\u2019acc\u00e9l\u00e9ration exponentielle et le buzz, synonymes de gloire et fortune.<\/p>\n<p><em>\u00ab Ces indicateurs ont une belle t\u00eate de vainqueur. \u00bb<\/em><\/p>\n<p>Ils ou elles refusent d\u2019\u00e9crire leurs raisonnements lors de l\u2019\u00e9laboration de prises de d\u00e9cisions.<\/p>\n<p><em>\u00ab Je veux que tu me rappelles tout de suite \u2026 Bien s\u00fbr, tu laisses de c\u00f4t\u00e9 ton occupation du moment, \u00e9videmment que tu laisses de c\u00f4t\u00e9 ton occupation du moment ! J\u2019ai besoin de te parler. \u00bb<\/em><\/p>\n<p>Ils ou elles nous prennent en apart\u00e9 pour nous expliquer \u00e0 quel point nous avons de la chance d\u2019\u00eatre dans son secret des Dieux.<\/p>\n<p><em>\u00ab <a title=\"Le Livre de la Jungle - Aie Confiance\" href=\"https:\/\/www.youtube.com\/watch?v=NQPJGWrB8sQ&#038;list=RDNQPJGWrB8sQ&#038;start_radio=1\" target=\"_blank\" rel=\"noopener\" class=\"youtube\">Aie confiancccce !<\/a><br \/>\n<a title=\"L'Enfer Du Dimanche - Discours Du Coach\" href=\"https:\/\/www.youtube.com\/watch?v=Jh8t-IOvJfk\" target=\"_blank\" rel=\"noopener\" class=\"youtube\">J\u2019ai confiance en toi !<\/a><br \/>\n<a title=\"Batman (1989)\" href=\"https:\/\/www.youtube.com\/watch?v=aBzjN3LunQI\" target=\"_blank\" rel=\"noopener\" class=\"youtube\">Tu es mon super bras droit !<\/a> \u00bb<\/em><\/p>\n<p>Ils ou elles m\u00e9prisent ces, dixit, <em>\u00ab <a title=\"Elie Semoun - Les grosses t\u00eates - Les Petites Annonces\" href=\"https:\/\/www.youtube.com\/watch?v=eOx8gX3GiO0\" target=\"_blank\" rel=\"noopener\" class=\"youtube\">petites t\u00eates<\/a> \u00bb<\/em>, ces <em>\u00ab <a title=\"Coluche - Sois fain\u00e9ant (ou conseil \u00e0 un nourrisson)\" href=\"https:\/\/www.youtube.com\/watch?v=z_B6jy4qqws&#038;list=RDz_B6jy4qqws&#038;start_radio=1\" target=\"_blank\" rel=\"noopener\" class=\"youtube\">fain\u00e9ants<\/a> \u00bb<\/em>, ces \u00ab <a title=\"Les bronz\u00e9s\" href=\"https:\/\/www.youtube.com\/watch?v=z6JaWSQpBhw\" target=\"_blank\" rel=\"noopener\" class=\"youtube\">planqu\u00e9s au soleil<\/a> \u00bb, nous sugg\u00e9rant de <em>\u00ab <a title=\"Singin' in the Rain - Gene Kelly\" href=\"https:\/\/www.youtube.com\/watch?v=swloMVFALXw&#038;list=RDswloMVFALXw&#038;start_radio=1\" target=\"_blank\" rel=\"noopener\" class=\"youtube\">jouer des claquettes<\/a> \u00bb<\/em> afin de <em>\u00ab <a title=\"Donald\" href=\"https:\/\/www.youtube.com\/watch?v=ynmxiMXkAm8\" target=\"_blank\" rel=\"noopener\" class=\"youtube\">passer plus de temps sur les greens de golf<\/a> \u00bb<\/em>.<\/p>\n<p><em>\u00ab Ils ont la classe mondiale, peut-\u00eatre m\u00eame sont-ils champions du Monde. \u00bb<\/em><\/p>\n<p>En retour, nous ne sommes publiquement que des <a class=\"sosi\" title=\"Un Grand Pouvoir implique de Grandes Responsabilit\u00e9s\" href=\"https:\/\/sosi.expert\/index.php\/a-propos\/papillon-perdu-en-pensee\/un-grand-pouvoir-implique-de-grandes-responsabilites\/\" target=\"_blank\" rel=\"noopener\">\u00ab petites mains \u00bb<\/a> leurs devant tout, m\u00eame si ils ou elles pensent tr\u00e8s fortement \u00e0 nous lorsque nous finissons par mal nous sentir.<\/p>\n<p><em>\u00ab Il fait peine \u00e0 voir, on dirait un cheval qu\u2019\u00e0 rat\u00e9 une haie, on l\u2019abattrait sur un champ de course. \u00bb<\/em><\/p>\n<p>Pas de faiblesse pour les forts, ces derniers appliquant leurs lois.<\/p>\n<p>Tous les coups sont permis et encourag\u00e9s, <a class=\"sosi\" title=\"Pas d\u2019embrouille en trompe-l\u2019\u0153il\" href=\"https:\/\/sosi.expert\/index.php\/2025\/12\/01\/pas-dembrouille-en-trompe-loeil\/\" target=\"_blank\" rel=\"noopener\">martel\u00e9s par des \u00e9l\u00e9ments de langages \u00e9labor\u00e9s<\/a> mais, dans le fond, d\u2019<a class=\"sosi\" title=\"Le Syndrome du Titanic\" href=\"https:\/\/sosi.expert\/index.php\/2025\/12\/03\/le-syndrome-du-titanic\/\" target=\"_blank\" rel=\"noopener\">une pauvret\u00e9 affligeante<\/a>.<\/p>\n<p><em>\u00ab Puisque je vous dis et \u00e9cris que j\u2019ai raison ! \u00bb<\/em><\/p>\n<p><a class=\"sosi\" title=\"Lorsque la pr\u00e9cision \u00ab chirurgicale \u00bb des faits met en \u00e9vidence une dynamique manag\u00e9riale passive\/agressive\" href=\"https:\/\/sosi.expert\/index.php\/a-propos\/papillon-perdu-en-pensee\/les-entreprises-bisounours-lorsque-la-precision-chirurgicale-des-faits-met-en-evidence-une-dynamique-manageriale-passive-agressive\/\" target=\"_blank\" rel=\"noopener\">Vive la tyrannie de la bienveillance !<\/a><\/p>\n<p>Nous ne sommes plus \u00e0 une contradiction pr\u00eat, puisqu\u2019il n\u2019y a plus lieu de culpabiliser.<\/p>\n<p><em>\u00ab Alors \u00e7a c\u2019est tordu, mais bougrement intelligent. \u00bb<\/em><\/p>\n<p>Et puis un jour, la roue tourne, car voyez-vous, il est cruellement fatiguant d\u2019\u00eatre si intelligent.<\/p>\n<p>L\u2019esprit critique, la remise en cause, n\u2019\u00e9tant pas incompatible avec la v\u00e9ritable bienveillance, l\u2019am\u00e9lioration continue, aussi franc que l\u2019on soit en donnant son opinion, tout ceci finit par faire apparaitre au grand jour ces p\u00eachers d\u2019orgueil, de vanit\u00e9 et de jalousie.<\/p>\n<p><a class=\"sosi\" title=\"\u00catre au septi\u00e8me ciel\" href=\"https:\/\/sosi.expert\/index.php\/a-propos\/papillon-perdu-en-pensee\/etre-au-septieme-ciel\/\" target=\"_blank\" rel=\"noopener\">L\u2019incomp\u00e9tence et la m\u00e9diocrit\u00e9 de ces individus deviennent criardes.<\/a><\/p>\n<p>Ils ou elles se sentant pourtant parfaits et parfaites, au dessus de tout autre et soup\u00e7ons, ils ou elles s\u2019inventent des ennemis imaginaires sur-puissants, des g\u00e9nies d\u00e9moniaques <em>\u00ab pires qu\u2019elles et eux \u00bb<\/em>, ils ou elles embrochant le <em>\u00ab monsieur m\u00e9chant \u00bb<\/em>.<\/p>\n<p>Dans leur esprit, le mal est partout, ils ou elles ne sachant se comparer que de fa\u00e7on n\u00e9gative, l\u2019emploi de cet adjectif \u00ab pire \u00bb est pleinement justifi\u00e9.<\/p>\n<p><a class=\"sosi\" title=\"The western is East again\" href=\"https:\/\/sosi.expert\/index.php\/2025\/12\/14\/the-western-is-east-again\/\" target=\"_blank\" rel=\"noopener\">Le monde se divisant bien en deux cat\u00e9gories, ils ou elles n\u2019ont pas conscience que, dans la r\u00e9alit\u00e9, ils ou elles, par cet \u00e9tat d\u2019esprit d\u00e9l\u00e9t\u00e8re, ont creus\u00e9 leur propre tombe.<\/a><\/p>\n<p>Il est donc difficile pour elles et eux de s\u2019extraire par leurs propres moyens de ces catacombes, leurs paroles n\u2019ayant plus de valeur, plus d\u2019\u00e9cho, <a class=\"sosi\" title=\"Lorsque l\u2019incoh\u00e9rence des faits met en \u00e9vidence le Mensonge\" href=\"https:\/\/sosi.expert\/index.php\/a-propos\/papillon-perdu-en-pensee\/lorsque-lincoherence-des-faits-met-en-evidence-le-mensonge\/\" target=\"_blank\" rel=\"noopener\">les faits et \u00e9crits d\u00e9montrant sans \u00e9quivoque leurs perversions<\/a>.<\/p>\n<p>En conclusion, \u00e0 force de n\u00e9gliger le bon sens et la simplicit\u00e9, qui peuvent \u00eatre tout sauf simplistes, mais surtout \u00e0 force de prendre les autres syst\u00e9matiquement pour des Cons, nous risquons de nous rendre compte que ce sont bien nous qui le sommes.<\/p>\n<p>La na\u00efvet\u00e9 n\u2019est qu\u2019apparence, la gentillesse toujours relative, et la bienveillance souvent s\u00e9v\u00e8re, mais tellement juste.<\/p>\n<p><em>\u00ab Ne m\u2019invitez jamais \u00e0 ces r\u00e9unions, j\u2019aurais toujours un doute. \u00bb<\/em><\/p>\n","protected":false},"excerpt":{"rendered":"<p>R\u00e9flexion sur la pertinence de certaines r\u00e9unions. Contexte \u00ab Le diner de Cons \u00bb est un film r\u00e9alis\u00e9 par Francis Veber datant de 1998. S\u2019inscrivant dans la lign\u00e9 de la s\u00e9rie cin\u00e9matographique se basant sur le personnage \u00ab gauche \u00bb de Fran\u00e7ois Pignon. L\u2019un des autres films les plus connus de cette s\u00e9rie est \u00ab &hellip; <a href=\"https:\/\/sosi.expert\/index.php\/a-propos\/papillon-perdu-en-pensee\/les-reunions-de-cons\/\" class=\"more-link\">Continuer la lecture<span class=\"screen-reader-text\"> de &laquo;&nbsp;Les r\u00e9unions de Cons&nbsp;&raquo;<\/span><\/a><\/p>\n","protected":false},"author":2,"featured_media":718,"parent":542,"menu_order":4,"comment_status":"closed","ping_status":"closed","template":"","meta":{"_uag_custom_page_level_css":"","_monsterinsights_skip_tracking":false,"_monsterinsights_sitenote_active":false,"_monsterinsights_sitenote_note":"","_monsterinsights_sitenote_category":0,"footnotes":""},"class_list":["post-1081","page","type-page","status-publish","has-post-thumbnail","hentry"],"aioseo_notices":[],"uagb_featured_image_src":{"full":["https:\/\/sosi.expert\/wp-content\/uploads\/2025\/08\/Oh-Pignon.png",1920,1080,false],"thumbnail":["https:\/\/sosi.expert\/wp-content\/uploads\/2025\/08\/Oh-Pignon-150x150.png",150,150,true],"medium":["https:\/\/sosi.expert\/wp-content\/uploads\/2025\/08\/Oh-Pignon-300x169.png",300,169,true],"medium_large":["https:\/\/sosi.expert\/wp-content\/uploads\/2025\/08\/Oh-Pignon-768x432.png",768,432,true],"large":["https:\/\/sosi.expert\/wp-content\/uploads\/2025\/08\/Oh-Pignon-1024x576.png",840,473,true],"1536x1536":["https:\/\/sosi.expert\/wp-content\/uploads\/2025\/08\/Oh-Pignon-1536x864.png",1536,864,true],"2048x2048":["https:\/\/sosi.expert\/wp-content\/uploads\/2025\/08\/Oh-Pignon.png",1920,1080,false],"post-thumbnail":["https:\/\/sosi.expert\/wp-content\/uploads\/2025\/08\/Oh-Pignon-1200x675.png",1200,675,true]},"uagb_author_info":{"display_name":"Patrick Millan","author_link":"https:\/\/sosi.expert\/index.php\/author\/patrick-millan\/"},"uagb_comment_info":0,"uagb_excerpt":"R\u00e9flexion sur la pertinence de certaines r\u00e9unions. Contexte \u00ab Le diner de Cons \u00bb est un film r\u00e9alis\u00e9 par Francis Veber datant de 1998. S\u2019inscrivant dans la lign\u00e9 de la s\u00e9rie cin\u00e9matographique se basant sur le personnage \u00ab gauche \u00bb de Fran\u00e7ois Pignon. L\u2019un des autres films les plus connus de cette s\u00e9rie est \u00ab\u2026","_links":{"self":[{"href":"https:\/\/sosi.expert\/index.php\/wp-json\/wp\/v2\/pages\/1081","targetHints":{"allow":["GET"]}}],"collection":[{"href":"https:\/\/sosi.expert\/index.php\/wp-json\/wp\/v2\/pages"}],"about":[{"href":"https:\/\/sosi.expert\/index.php\/wp-json\/wp\/v2\/types\/page"}],"author":[{"embeddable":true,"href":"https:\/\/sosi.expert\/index.php\/wp-json\/wp\/v2\/users\/2"}],"replies":[{"embeddable":true,"href":"https:\/\/sosi.expert\/index.php\/wp-json\/wp\/v2\/comments?post=1081"}],"version-history":[{"count":19,"href":"https:\/\/sosi.expert\/index.php\/wp-json\/wp\/v2\/pages\/1081\/revisions"}],"predecessor-version":[{"id":1402,"href":"https:\/\/sosi.expert\/index.php\/wp-json\/wp\/v2\/pages\/1081\/revisions\/1402"}],"up":[{"embeddable":true,"href":"https:\/\/sosi.expert\/index.php\/wp-json\/wp\/v2\/pages\/542"}],"wp:featuredmedia":[{"embeddable":true,"href":"https:\/\/sosi.expert\/index.php\/wp-json\/wp\/v2\/media\/718"}],"wp:attachment":[{"href":"https:\/\/sosi.expert\/index.php\/wp-json\/wp\/v2\/media?parent=1081"}],"curies":[{"name":"wp","href":"https:\/\/api.w.org\/{rel}","templated":true}]}}