{"id":1567,"date":"2025-12-22T08:12:57","date_gmt":"2025-12-22T07:12:57","guid":{"rendered":"https:\/\/sosi.expert\/?page_id=1567"},"modified":"2026-03-05T10:16:10","modified_gmt":"2026-03-05T09:16:10","slug":"remerciements","status":"publish","type":"page","link":"https:\/\/sosi.expert\/index.php\/a-propos\/remerciements\/","title":{"rendered":"\ud83d\ude4f\ud83c\udffd Remerciements"},"content":{"rendered":"<p>Il est de coutume de remercier toutes contributions \u00e0 la r\u00e9alisation d&rsquo;une \u0153uvre, d&rsquo;avoir de la gratitude pour celles et ceux qui nous soutiennent dans nos travaux, ouvertement ou en silence, les l\u00e9gitimant en partie.<\/p>\n<p>Les auteurs choisissent g\u00e9n\u00e9ralement un \u00e9v\u00e9nement symbolique, une date particuli\u00e8re, marquant ainsi la m\u00e9moire du plus grand nombre.<\/p>\n<p>Rien de tout ceci ici, le temps n&rsquo;y a aucune importance.<\/p>\n<p>Tout comme la liste de toutes les personnes \u00e0 \u00e9voquer, tant celle-ci serait interminable, l&rsquo;oubli involontaire de quelques noms devenant malencontreusement in\u00e9vitable.<\/p>\n<p>J&rsquo;\u00e9voque simplement cette citation que m&rsquo;a faite derni\u00e8rement un sage afin de me r\u00e9conforter :<br \/>\n<em>\u00ab\u00a0Tu sais, lorsque les gens qui t\u2019entourent n\u2019en ont que pour leur gueule, que face \u00e0 ta douleur ils restent indiff\u00e9rents, s\u2019applaudissent au lieu de te soutenir, dinent copieusement sans t\u2019\u00e9couter et, au final, ne bougent m\u00eame pas le petit doigt face \u00e0 ta d\u00e9tresse, c\u2019est qu\u2019ils ne valent vraiment pas la peine que tu t\u2019attardes sur eux.\u00bb<\/em><\/p>\n<p>Il a grandement raison.<\/p>\n<p>Lorsque l&rsquo;on est au fond du trou, les v\u00e9ritables belles valeurs deviennent \u00e9videntes.<\/p>\n<p>Les personnes auxquelles nous ne pensions plus se manifestent spontan\u00e9ment pour nous soutenir, simplement parce qu\u2019elles ont compris sans savoir, parce qu\u2019elles nous connaissent vraiment, malgr\u00e9 le fait que nous ne les ayons que peu c\u00f4toy\u00e9es en comparaison.<\/p>\n<p>Les vraies amies et les vrais amis restent toujours \u00e0 nos c\u00f4t\u00e9s.<\/p>\n<p>Et puis, aussi incroyable que cela puisse para\u00eetre, \u00e9norm\u00e9ment d\u2019autres belles personnes apparaissent, r\u00e9agissent \u00e0 nos remarques, rebondissent sur nos avis partag\u00e9s, mais de mani\u00e8re encore plus touchante et massivement, en priv\u00e9, ont des mots qui effacent tous nos maux.<\/p>\n<p>Par respect, je ne trahirai jamais leurs identit\u00e9s.<\/p>\n<p>\u00c0 toutes et \u00e0 tous, du plus profond de mon c\u0153ur \ud83d\udc9a, je vous \u00e9cris un immense <em><strong>\u00ab\u00a0MERCI\u00a0!!!!!!!! \u00bb<\/strong><\/em><\/p>\n<p><em><strong>\u00ab\u00a0MERCI\u00a0!!!!!!!! \u00bb<\/strong><\/em> de m\u2019avoir permis de simplement revivre.<\/p>\n<p>Que l\u2019Aventure continue !<br \/>\nToujours avec <a title=\"L\u2019importancede l\u2019\u00e9l\u00e9gance relationnelleen entreprise\" href=\"https:\/\/sosi.expert\/index.php\/2024\/01\/16\/limportance-de-lelegance-relationnelle-en-entreprise\/\" target=\"_blank\" rel=\"noopener\" class=\"sosi\">Classe, Humour et Po\u00e9sie<\/a>.<\/p>\n<p>Parfois l\u00e9g\u00e8rement, parfois durement, le plus souvent atypiquement, mais en continuant de m\u2019appliquer, \u00e0 rester juste.<\/p>\n<p>Ce site a \u00e9t\u00e9 con\u00e7u \u00e0 la mani\u00e8re du sc\u00e9nario de\u00a0 <a title=\"Quentin Tarantino\" href=\"https:\/\/fr.wikipedia.org\/wiki\/Quentin_Tarantino\" target=\"_blank\" rel=\"noopener\" class=\"wikipedia\">Quentin Tarantino<\/a> dans son film aux multiples r\u00e9compenses <a title=\"Pulp Fiction\" href=\"https:\/\/fr.wikipedia.org\/wiki\/Pulp_Fiction\" target=\"_blank\" rel=\"noopener\" class=\"wikipedia\">Pulp Fiction<\/a>.<\/p>\n<p>C&rsquo;est donc aux lecteurs d&rsquo;assembler convenablement les morceaux du puzzle pour en comprendre le sens et la chronologie.<\/p>\n<p>La sc\u00e8ne finale reste fort heureusement bien diff\u00e9rente de celles d&rsquo;<a title=\"Usual Suspects\" href=\"https:\/\/fr.wikipedia.org\/wiki\/Usual_Suspects\" target=\"_blank\" rel=\"noopener\" class=\"wikipedia\">Usual Suspects<\/a> ou du <a title=\"Sixi\u00e8me Sens\" href=\"https:\/\/fr.wikipedia.org\/wiki\/Sixi%C3%A8me_Sens_(film)\" target=\"_blank\" rel=\"noopener\" class=\"wikipedia\">Sixi\u00e8me Sens<\/a>, mais suit le rythme d&rsquo;une <a title=\"F1 film\" href=\"https:\/\/fr.wikipedia.org\/wiki\/F1_(film)\" target=\"_blank\" rel=\"noopener\" class=\"wikipedia\">F1<\/a>.<\/p>\n<p><img decoding=\"async\" class=\"emoji\" role=\"img\" draggable=\"false\" src=\"https:\/\/s.w.org\/images\/core\/emoji\/17.0.2\/svg\/1f3bc.svg\" alt=\"\ud83c\udfbc\" \/><img decoding=\"async\" class=\"emoji\" role=\"img\" draggable=\"false\" src=\"https:\/\/s.w.org\/images\/core\/emoji\/17.0.2\/svg\/1f3b5.svg\" alt=\"\ud83c\udfb5\" \/> <img decoding=\"async\" class=\"emoji\" role=\"img\" draggable=\"false\" src=\"https:\/\/s.w.org\/images\/core\/emoji\/17.0.2\/svg\/1f3b6.svg\" alt=\"\ud83c\udfb6\" \/> <a title=\"Don Toliver - Lose My Mind\" href=\"https:\/\/www.youtube.com\/watch?v=WWEs82u37Mw&amp;list=RDWWEs82u37Mw&amp;start_radio=1\" target=\"_blank\" rel=\"noopener\" class=\"youtube\">Don Toliver &#8211; Lose My Mind<\/a> \ud83d\ude0e<\/p>\n","protected":false},"excerpt":{"rendered":"<p>Il est de coutume de remercier toutes contributions \u00e0 la r\u00e9alisation d&rsquo;une \u0153uvre, d&rsquo;avoir de la gratitude pour celles et ceux qui nous soutiennent dans nos travaux, ouvertement ou en silence, les l\u00e9gitimant en partie. Les auteurs choisissent g\u00e9n\u00e9ralement un \u00e9v\u00e9nement symbolique, une date particuli\u00e8re, marquant ainsi la m\u00e9moire du plus grand nombre. Rien de &hellip; <a href=\"https:\/\/sosi.expert\/index.php\/a-propos\/remerciements\/\" class=\"more-link\">Continuer la lecture<span class=\"screen-reader-text\"> de &laquo;&nbsp;\ud83d\ude4f\ud83c\udffd Remerciements&nbsp;&raquo;<\/span><\/a><\/p>\n","protected":false},"author":2,"featured_media":0,"parent":31,"menu_order":9,"comment_status":"closed","ping_status":"closed","template":"","meta":{"_uag_custom_page_level_css":"","_monsterinsights_skip_tracking":false,"_monsterinsights_sitenote_active":false,"_monsterinsights_sitenote_note":"","_monsterinsights_sitenote_category":0,"footnotes":""},"class_list":["post-1567","page","type-page","status-publish","hentry"],"aioseo_notices":[],"uagb_featured_image_src":{"full":false,"thumbnail":false,"medium":false,"medium_large":false,"large":false,"1536x1536":false,"2048x2048":false,"post-thumbnail":false},"uagb_author_info":{"display_name":"Patrick Millan","author_link":"https:\/\/sosi.expert\/index.php\/author\/patrick-millan\/"},"uagb_comment_info":0,"uagb_excerpt":"Il est de coutume de remercier toutes contributions \u00e0 la r\u00e9alisation d&rsquo;une \u0153uvre, d&rsquo;avoir de la gratitude pour celles et ceux qui nous soutiennent dans nos travaux, ouvertement ou en silence, les l\u00e9gitimant en partie. Les auteurs choisissent g\u00e9n\u00e9ralement un \u00e9v\u00e9nement symbolique, une date particuli\u00e8re, marquant ainsi la m\u00e9moire du plus grand nombre. Rien de\u2026","_links":{"self":[{"href":"https:\/\/sosi.expert\/index.php\/wp-json\/wp\/v2\/pages\/1567","targetHints":{"allow":["GET"]}}],"collection":[{"href":"https:\/\/sosi.expert\/index.php\/wp-json\/wp\/v2\/pages"}],"about":[{"href":"https:\/\/sosi.expert\/index.php\/wp-json\/wp\/v2\/types\/page"}],"author":[{"embeddable":true,"href":"https:\/\/sosi.expert\/index.php\/wp-json\/wp\/v2\/users\/2"}],"replies":[{"embeddable":true,"href":"https:\/\/sosi.expert\/index.php\/wp-json\/wp\/v2\/comments?post=1567"}],"version-history":[{"count":3,"href":"https:\/\/sosi.expert\/index.php\/wp-json\/wp\/v2\/pages\/1567\/revisions"}],"predecessor-version":[{"id":1744,"href":"https:\/\/sosi.expert\/index.php\/wp-json\/wp\/v2\/pages\/1567\/revisions\/1744"}],"up":[{"embeddable":true,"href":"https:\/\/sosi.expert\/index.php\/wp-json\/wp\/v2\/pages\/31"}],"wp:attachment":[{"href":"https:\/\/sosi.expert\/index.php\/wp-json\/wp\/v2\/media?parent=1567"}],"curies":[{"name":"wp","href":"https:\/\/api.w.org\/{rel}","templated":true}]}}