{"id":2116,"date":"2026-04-12T17:41:56","date_gmt":"2026-04-12T15:41:56","guid":{"rendered":"https:\/\/sosi.expert\/?page_id=2116"},"modified":"2026-04-13T08:26:23","modified_gmt":"2026-04-13T06:26:23","slug":"medias-et-culture","status":"publish","type":"page","link":"https:\/\/sosi.expert\/index.php\/a-propos\/medias-et-culture\/","title":{"rendered":"M\u00e9dias et Culture"},"content":{"rendered":"<p><em><strong>La Culture appartient \u00e0 toutes et \u00e0 tous.<\/strong><\/em><\/p>\n<p>Elle interroge, bouscule, remet en question les acquis.<\/p>\n<p>En r\u00e9sum\u00e9, elle nous permet <a class=\"wikipedia\" title=\"Assertivit\u00e9\" href=\"https:\/\/fr.wikipedia.org\/wiki\/Assertivit%C3%A9\" target=\"_blank\" rel=\"noopener ugc\">l&rsquo;assertivit\u00e9<\/a>, et non pas <a class=\"wikipedia\" title=\"Asservissement\" href=\"https:\/\/fr.wikipedia.org\/wiki\/Asservissement\" target=\"_blank\" rel=\"noopener ugc\">l&rsquo;asservissement<\/a>, dans un monde o\u00f9 cette derni\u00e8re a tendance \u00e0 cro\u00eetre, aid\u00e9e, comme indiqu\u00e9 dans ses d\u00e9finitions, par des outils automatiques produisant des automates.<\/p>\n<p><a title=\"arte\" href=\"https:\/\/sosi.expert\/index.php\/a-propos\/medias-et-culture\/arte\/\" target=\"_blank\" rel=\"noopener ugc\"><img loading=\"lazy\" decoding=\"async\" class=\"alignleft wp-image-1972 size-full\" src=\"https:\/\/sosi.expert\/wp-content\/uploads\/2026\/03\/Arte.png\" alt=\"arte\" width=\"960\" height=\"235\" srcset=\"https:\/\/sosi.expert\/wp-content\/uploads\/2026\/03\/Arte.png 960w, https:\/\/sosi.expert\/wp-content\/uploads\/2026\/03\/Arte-300x73.png 300w, https:\/\/sosi.expert\/wp-content\/uploads\/2026\/03\/Arte-768x188.png 768w\" sizes=\"auto, (max-width: 709px) 85vw, (max-width: 909px) 67vw, (max-width: 1362px) 62vw, 840px\" \/><\/a><\/p>\n<p>\u27a1\ufe0f <a class=\"sosi\" title=\"arte\" href=\"https:\/\/sosi.expert\/index.php\/a-propos\/medias-et-culture\/arte\/\" target=\"_blank\" rel=\"noopener ugc\">S\u00e9lection arte<\/a><\/p>\n<p><a href=\"https:\/\/sosi.expert\/index.php\/a-propos\/medias-et-culture\/france-tv\/\" target=\"_blank\" rel=\"noopener ugc\"><img loading=\"lazy\" decoding=\"async\" class=\"wp-image-2131 size-full\" src=\"https:\/\/sosi.expert\/wp-content\/uploads\/2026\/04\/FranceTv-france2.png\" alt=\"france.tv-france.2\" width=\"1696\" height=\"246\" srcset=\"https:\/\/sosi.expert\/wp-content\/uploads\/2026\/04\/FranceTv-france2.png 1696w, https:\/\/sosi.expert\/wp-content\/uploads\/2026\/04\/FranceTv-france2-300x44.png 300w, https:\/\/sosi.expert\/wp-content\/uploads\/2026\/04\/FranceTv-france2-1024x149.png 1024w, https:\/\/sosi.expert\/wp-content\/uploads\/2026\/04\/FranceTv-france2-768x111.png 768w, https:\/\/sosi.expert\/wp-content\/uploads\/2026\/04\/FranceTv-france2-1536x223.png 1536w, https:\/\/sosi.expert\/wp-content\/uploads\/2026\/04\/FranceTv-france2-1200x174.png 1200w\" sizes=\"auto, (max-width: 709px) 85vw, (max-width: 909px) 67vw, (max-width: 1362px) 62vw, 840px\" \/><\/a><\/p>\n<p>\u27a1\ufe0f <a class=\"sosi\" title=\"france.tv-france.2\" href=\"https:\/\/sosi.expert\/index.php\/a-propos\/medias-et-culture\/france-tv\/\" target=\"_blank\" rel=\"noopener ugc\">S\u00e9lection france.tv-france.2<\/a><\/p>\n<ul>\n<li><strong>Conseils litt\u00e9raires<\/strong><\/li>\n<\/ul>\n<table style=\"border: none;\">\n<tr style=\"border: none;\">\n<td style=\"border: none;\">\n<img loading=\"lazy\" decoding=\"async\" src=\"https:\/\/sosi.expert\/wp-content\/uploads\/2026\/04\/La-civilisation-du-poisson-rouge.png\" alt=\"La civilisation du poisson rouge\" width=\"189\" height=\"300\" \/>\n<\/td>\n<td style=\"border: none;\">\n<span>\u27a1\ufe0f <strong>La civilisation du poisson rouge :<br \/>Petit trait\u00e9 sur le march\u00e9 de l&rsquo;attention<\/strong><br \/>\n<br \/>De <a title=\"Bruno Patino\" href=\"https:\/\/fr.wikipedia.org\/wiki\/Bruno_Patino\" target=\"_blank\" rel=\"noopener ugc\" class=\"wikipedia\">Bruno Patino<\/a><br \/>\n<\/span>\n<\/td>\n<tr>\n<\/table>\n<hr>\n<table style=\"border: none;\">\n<tr style=\"border: none;\">\n<td style=\"border: none;\">\n<img loading=\"lazy\" decoding=\"async\" src=\"https:\/\/sosi.expert\/wp-content\/uploads\/2026\/04\/La-Fabrique-du-cretin-digital.png\" alt=\"La fabrique du cr\u00e9tin digital\" width=\"189\" height=\"300\" \/>\n<\/td>\n<td style=\"border: none;\">\n<span>\u27a1\ufe0f <strong>La fabrique du cr\u00e9tin digital<\/strong><br \/>\n<br \/>De <a title=\"Michel Desmurget\" href=\"https:\/\/fr.wikipedia.org\/wiki\/Michel_Desmurget\" target=\"_blank\" rel=\"noopener ugc\" class=\"wikipedia\">Michel Desmurget<\/a><br \/>\n<\/span>\n<\/td>\n<tr>\n<\/table>\n<hr>\n<table style=\"border: none;\">\n<tr style=\"border: none;\">\n<td style=\"border: none;\">\n<img loading=\"lazy\" decoding=\"async\" src=\"https:\/\/sosi.expert\/wp-content\/uploads\/2026\/04\/Psychologie-de-la-Connerie.png\" alt=\"Psychologie de la connerie\" width=\"189\" height=\"300\" \/>\n<\/td>\n<td style=\"border: none;\">\n<span>\u27a1\ufe0f <strong>Psychologie de la Connerie<br \/>&amp;<br \/>Histoire universelle de la Connerie<\/strong><br \/>\n<br \/>Sous la direction de Jean-Francois Marmion<br \/>\n<\/span>\n<\/td>\n<tr>\n<\/table>\n<p><img decoding=\"async\" src=\"https:\/\/sosi.expert\/wp-content\/uploads\/2026\/04\/Connerie.png\" alt=\"Histoire universelle de la connerie\" \/><\/p>\n","protected":false},"excerpt":{"rendered":"<p>La Culture appartient \u00e0 toutes et \u00e0 tous. Elle interroge, bouscule, remet en question les acquis. En r\u00e9sum\u00e9, elle nous permet l&rsquo;assertivit\u00e9, et non pas l&rsquo;asservissement, dans un monde o\u00f9 cette derni\u00e8re a tendance \u00e0 cro\u00eetre, aid\u00e9e, comme indiqu\u00e9 dans ses d\u00e9finitions, par des outils automatiques produisant des automates. \u27a1\ufe0f S\u00e9lection arte \u27a1\ufe0f S\u00e9lection france.tv-france.2 &hellip; <a href=\"https:\/\/sosi.expert\/index.php\/a-propos\/medias-et-culture\/\" class=\"more-link\">Continuer la lecture<span class=\"screen-reader-text\"> de &laquo;&nbsp;M\u00e9dias et Culture&nbsp;&raquo;<\/span><\/a><\/p>\n","protected":false},"author":2,"featured_media":2112,"parent":31,"menu_order":6,"comment_status":"closed","ping_status":"closed","template":"","meta":{"_uag_custom_page_level_css":"","_monsterinsights_skip_tracking":false,"_monsterinsights_sitenote_active":false,"_monsterinsights_sitenote_note":"","_monsterinsights_sitenote_category":0,"footnotes":""},"class_list":["post-2116","page","type-page","status-publish","has-post-thumbnail","hentry"],"aioseo_notices":[],"uagb_featured_image_src":{"full":["https:\/\/sosi.expert\/wp-content\/uploads\/2026\/04\/Medias-et-Culture.png",1920,1080,false],"thumbnail":["https:\/\/sosi.expert\/wp-content\/uploads\/2026\/04\/Medias-et-Culture-150x150.png",150,150,true],"medium":["https:\/\/sosi.expert\/wp-content\/uploads\/2026\/04\/Medias-et-Culture-300x169.png",300,169,true],"medium_large":["https:\/\/sosi.expert\/wp-content\/uploads\/2026\/04\/Medias-et-Culture-768x432.png",768,432,true],"large":["https:\/\/sosi.expert\/wp-content\/uploads\/2026\/04\/Medias-et-Culture-1024x576.png",840,473,true],"1536x1536":["https:\/\/sosi.expert\/wp-content\/uploads\/2026\/04\/Medias-et-Culture-1536x864.png",1536,864,true],"2048x2048":["https:\/\/sosi.expert\/wp-content\/uploads\/2026\/04\/Medias-et-Culture.png",1920,1080,false],"post-thumbnail":["https:\/\/sosi.expert\/wp-content\/uploads\/2026\/04\/Medias-et-Culture-1200x675.png",1200,675,true]},"uagb_author_info":{"display_name":"Patrick Millan","author_link":"https:\/\/sosi.expert\/index.php\/author\/patrick-millan\/"},"uagb_comment_info":0,"uagb_excerpt":"La Culture appartient \u00e0 toutes et \u00e0 tous. Elle interroge, bouscule, remet en question les acquis. En r\u00e9sum\u00e9, elle nous permet l&rsquo;assertivit\u00e9, et non pas l&rsquo;asservissement, dans un monde o\u00f9 cette derni\u00e8re a tendance \u00e0 cro\u00eetre, aid\u00e9e, comme indiqu\u00e9 dans ses d\u00e9finitions, par des outils automatiques produisant des automates. \u27a1\ufe0f S\u00e9lection arte \u27a1\ufe0f S\u00e9lection france.tv-france.2\u2026","_links":{"self":[{"href":"https:\/\/sosi.expert\/index.php\/wp-json\/wp\/v2\/pages\/2116","targetHints":{"allow":["GET"]}}],"collection":[{"href":"https:\/\/sosi.expert\/index.php\/wp-json\/wp\/v2\/pages"}],"about":[{"href":"https:\/\/sosi.expert\/index.php\/wp-json\/wp\/v2\/types\/page"}],"author":[{"embeddable":true,"href":"https:\/\/sosi.expert\/index.php\/wp-json\/wp\/v2\/users\/2"}],"replies":[{"embeddable":true,"href":"https:\/\/sosi.expert\/index.php\/wp-json\/wp\/v2\/comments?post=2116"}],"version-history":[{"count":43,"href":"https:\/\/sosi.expert\/index.php\/wp-json\/wp\/v2\/pages\/2116\/revisions"}],"predecessor-version":[{"id":2188,"href":"https:\/\/sosi.expert\/index.php\/wp-json\/wp\/v2\/pages\/2116\/revisions\/2188"}],"up":[{"embeddable":true,"href":"https:\/\/sosi.expert\/index.php\/wp-json\/wp\/v2\/pages\/31"}],"wp:featuredmedia":[{"embeddable":true,"href":"https:\/\/sosi.expert\/index.php\/wp-json\/wp\/v2\/media\/2112"}],"wp:attachment":[{"href":"https:\/\/sosi.expert\/index.php\/wp-json\/wp\/v2\/media?parent=2116"}],"curies":[{"name":"wp","href":"https:\/\/api.w.org\/{rel}","templated":true}]}}