{"id":31,"date":"2025-04-07T10:19:36","date_gmt":"2025-04-07T08:19:36","guid":{"rendered":"https:\/\/sosi.expert\/index.php\/a-propos\/"},"modified":"2026-04-12T21:18:42","modified_gmt":"2026-04-12T19:18:42","slug":"a-propos","status":"publish","type":"page","link":"https:\/\/sosi.expert\/","title":{"rendered":"\ud83c\uddeb\ud83c\uddf7 Bienvenue !<br \/>\ud83c\udde9\ud83c\uddea Willkommen !<br \/>\ud83c\uddec\ud83c\udde7 Welcome !"},"content":{"rendered":"<p>\r\n<em>\u00catre un Professionnel de la Sant\u00e9, peu importe son Domaine d&rsquo;intervention, c&rsquo;est avant tout prendre soin de sa propre Sant\u00e9, de son Environnement, de la Nature en g\u00e9n\u00e9ral.<\/em>\r\n<\/p>\r\n<div style=\"text-align: center;\">\r\n<figure class=\"wp-block-image is-style-rounded\"><img loading=\"lazy\" decoding=\"async\" src=\"https:\/\/sosi.expert\/wp-content\/uploads\/2025\/06\/Ophrys-bourdon-scaled.jpeg\" alt=\"L'Ophrys bourdon ou Ophrys frelon\" width=\"450\" height=\"600\" \/>\r\n<figcaption style=\"text-align: center;\"><a class=\"sosi\" href=\"https:\/\/sosi.expert\/wp-content\/uploads\/2025\/06\/Ophrys-bourdon-scaled.jpeg\" target=\"_blank\" rel=\"noopener\">L&rsquo;Ophrys bourdon ou Ophrys frelon (Ophrys fuciflora) &#8211; Juin 2025<\/a><\/figcaption>\r\n<\/figure>\r\n<\/div>\r\n<p><strong>\ud83d\udca1 Domaine d\u2019interventions \ud83c\uddeb\ud83c\uddf7 &amp; \ud83c\udde8\ud83c\udded <\/strong> <br \/><br \/>\ud83d\udc49\ud83c\udffd S\u00e9curisation des Donn\u00e9es informatiques de Sant\u00e9 \ud83e\uddd1\u200d\u2695\ufe0f \ud83d\ude91 \ud83c\udfe5 <br \/><br \/><strong>\ud83c\udfaf Objectifs<\/strong> <br \/><br \/>\ud83d\udc4d\ud83c\udffd Rassurer, S\u00e9curiser, Accompagner, Faire faire des \u00e9conomies budg\u00e9taires, Simplifier les processus <br \/><br \/><strong> \ud83d\udcdc Synth\u00e8se des Exp\u00e9riences et Comp\u00e9tences<\/strong> <br \/><\/p>\r\n\u2705 <a class=\"canard\" title=\"Profil LinkedIn de Patrick Millan\" href=\"https:\/\/www.linkedin.com\/in\/patrick-millan-\ud83c\udf40-8226b7185\" target=\"_blank\" rel=\"noopener\">10 ann\u00e9es d\u2019exp\u00e9riences<\/a> dans les laboratoires de Recherche\r\n<br \/>\r\n<br \/>\r\n<ul class=\"wp-block-social-links has-visible-labels is-style-logos-only\">\r\n<li class=\"wp-social-link wp-social-link-linkedin  wp-block-social-link\"><a href=\"https:\/\/www.linkedin.com\/in\/patrick-millan-\ud83c\udf40-8226b7185\" class=\"wp-block-social-link-anchor\"><svg width=\"24\" height=\"24\" viewBox=\"0 0 24 24\" version=\"1.1\" xmlns=\"http:\/\/www.w3.org\/2000\/svg\" aria-hidden=\"true\" focusable=\"false\"><path d=\"M19.7,3H4.3C3.582,3,3,3.582,3,4.3v15.4C3,20.418,3.582,21,4.3,21h15.4c0.718,0,1.3-0.582,1.3-1.3V4.3 C21,3.582,20.418,3,19.7,3z M8.339,18.338H5.667v-8.59h2.672V18.338z M7.004,8.574c-0.857,0-1.549-0.694-1.549-1.548 c0-0.855,0.691-1.548,1.549-1.548c0.854,0,1.547,0.694,1.547,1.548C8.551,7.881,7.858,8.574,7.004,8.574z M18.339,18.338h-2.669 v-4.177c0-0.996-0.017-2.278-1.387-2.278c-1.389,0-1.601,1.086-1.601,2.206v4.249h-2.667v-8.59h2.559v1.174h0.037 c0.356-0.675,1.227-1.387,2.526-1.387c2.703,0,3.203,1.779,3.203,4.092V18.338z\"><\/path><\/svg><span class=\"wp-block-social-link-label screen-reader-text\">LinkedIn<\/span><\/a><\/li>\r\n<a class=\"wp-block-social-links has-visible-labels is-style-logos-only\" title=\"Profil LinkedIn de Patrick Millan\" href=\"https:\/\/www.linkedin.com\/in\/patrick-millan-\ud83c\udf40-8226b7185\" target=\"_blank\" rel=\"noopener\" style=\"font-size: 18px; vertical-align: top; font-family: Source Sans;\">Page LinkedIn de SOSi.expert<\/a><\/ul>\r\n\r\n\u2705 Transition d\u2019une formation initiale en <a class=\"wikipedia\" title=\"Biologie\" href=\"https:\/\/fr.wikipedia.org\/wiki\/Biologie\" target=\"_blank\" rel=\"noopener\">Biologie<\/a> vers l\u2019<a class=\"wikipedia\" title=\"Informatique\" href=\"https:\/\/fr.wikipedia.org\/wiki\/Informatique\" target=\"_blank\" rel=\"noopener\">Informatique<\/a> via <a class=\"wikipedia\" title=\"Programmation orient\u00e9e objet\" href=\"https:\/\/fr.wikipedia.org\/wiki\/Programmation_orient%C3%A9e_objet\" target=\"_blank\" rel=\"noopener\">les concepts Objet<\/a> et le <a class=\"wikipedia\" title=\"Biomim\u00e9tisme\" href=\"https:\/\/fr.wikipedia.org\/wiki\/Biomim%C3%A9tisme\" target=\"_blank\" rel=\"noopener\">Biomim\u00e9tisme<\/a> (<a class=\"wikipedia\" title=\"R\u00e9seau de neurones artificiels\" href=\"https:\/\/fr.wikipedia.org\/wiki\/R%C3%A9seau_de_neurones_artificiels\" target=\"_blank\" rel=\"noopener\">Algorithmes Neuronaux<\/a> et <a class=\"wikipedia\" title=\"Algorithme g\u00e9n\u00e9tique\" href=\"https:\/\/fr.wikipedia.org\/wiki\/Algorithme_g%C3%A9n%C3%A9tique\" target=\"_blank\" rel=\"noopener\">Algorithmes G\u00e9n\u00e9tiques<\/a> dits de vie artificielle, bases de l&rsquo;<a class=\"wikipedia\" title=\"Intelligence artificielle\" href=\"https:\/\/fr.wikipedia.org\/wiki\/Intelligence_artificielle\" target=\"_blank\" rel=\"noopener\">Intelligence Artificielle &#8211; IA<\/a> actuellement promue)\r\n<br \/>\r\n<br \/>\r\n<div>\r\n<p style=\"float: left;\">\r\n<img decoding=\"async\" src=\"https:\/\/sosi.expert\/wp-content\/uploads\/2026\/04\/SOSi-little.png\" alt=\"SOSi\"\/>\r\n<\/p>\r\n<p> \u27a1\ufe0f <a class=\"sosi\" title=\"Publications de SOSi\" href=\"https:\/\/sosi.expert\/index.php\/2025\/04\/08\/publications-de-sosi\/\" target=\"_blank\" rel=\"noopener ugc\">Publications<\/a>\r\n<\/p>\r\n<\/div>\r\n\u2705 Comp\u00e9tences solides en Analyse\/Conception informatique (<a class=\"wikipedia\" title=\"Algorithmique\" href=\"https:\/\/fr.wikipedia.org\/wiki\/Algorithmique\" target=\"_blank\" rel=\"noopener\">algorithmique<\/a>, <a class=\"wikipedia\" title=\"Programmation informatique\" href=\"https:\/\/fr.wikipedia.org\/wiki\/Programmation_informatique\" target=\"_blank\" rel=\"noopener\">programmation<\/a>, architecture <a class=\"wikipedia\" title=\"Architecture logicielle\" href=\"https:\/\/fr.wikipedia.org\/wiki\/Architecture_logicielle\" target=\"_blank\" rel=\"noopener\">logicielle<\/a>\/<a class=\"wikipedia\" title=\"Architecture de r\u00e9seau\" href=\"https:\/\/fr.wikipedia.org\/wiki\/Architecture_de_r%C3%A9seau\" target=\"_blank\" rel=\"noopener\">r\u00e9seau<\/a>, <a class=\"wikipedia\" title=\"Administrateur r\u00e9seau\" href=\"https:\/\/fr.wikipedia.org\/wiki\/Administrateur_r%C3%A9seau\" target=\"_blank\" rel=\"noopener\">administration<\/a>, <a class=\"wikipedia\" title=\"Gestion de projet\" href=\"https:\/\/fr.wikipedia.org\/wiki\/Gestion_de_projet\" target=\"_blank\" rel=\"noopener\">gestion de Projets<\/a>)\r\n<br \/>\r\n<br \/>\r\n<div>\r\n<p style=\"float: left;\">\r\n<img decoding=\"async\" src=\"https:\/\/sosi.expert\/wp-content\/uploads\/2026\/04\/SOSi-little.png\" alt=\"SOSi\"\/>\r\n<\/p>\r\n<p> \u27a1\ufe0f <a class=\"sosi\" title=\"Si vis pacem, para bellum\" href=\"https:\/\/sosi.expert\/index.php\/2026\/01\/28\/si-vis-pacem-para-bellum\/\" target=\"_blank\" rel=\"noopener ugc\">Si vis pacem, para bellum<\/a>, <a class=\"sosi\" title=\"SOS \u00ab\u00a0Bo\u00eete Fant\u00f4me\u00a0\u00bb\" href=\"https:\/\/sosi.expert\/index.php\/2025\/11\/30\/sos-boite-fantome\/\" target=\"_blank\" rel=\"noopener ugc\">SOS \u00ab\u00a0Bo\u00eete Fant\u00f4me\u00a0\u00bb<\/a>\r\n<\/p>\r\n<\/div>\r\n\u2705 Plus de 10 ann\u00e9es \u00e0 travailler sous contraintes <a class=\"wikipedia\" title=\"Certification des h\u00e9bergeurs de donn\u00e9es de sant\u00e9\" href=\"https:\/\/fr.wikipedia.org\/wiki\/Certification_des_h%C3%A9bergeurs_de_donn%C3%A9es_de_sant%C3%A9\" target=\"_blank\" rel=\"noopener\">H\u00e9bergeur de Donn\u00e9es de Sant\u00e9 &#8211; HDS<\/a> et normes <a class=\"wikipedia\" title=\"ISO 9001\" href=\"https:\/\/fr.wikipedia.org\/wiki\/ISO_9001\" target=\"_blank\" rel=\"noopener\">Qualit\u00e9 ISO 9001<\/a>\r\n<br \/>\r\n<br \/>\r\n<div>\r\n<p style=\"float: left;\">\r\n<img decoding=\"async\" src=\"https:\/\/sosi.expert\/wp-content\/uploads\/2026\/04\/SOSi-little.png\" alt=\"SOSi\"\/>\r\n<\/p>\r\n<p> \u27a1\ufe0f <a class=\"sosi\" title=\"Cyber, La patte des Experts\" href=\"https:\/\/sosi.expert\/index.php\/cyber-la-patte-des-experts\/\" target=\"_blank\" rel=\"noopener ugc\">Cyber, La patte des Experts<\/a>, <a class=\"sosi\" title=\"Rencontre avec Joe White\" href=\"https:\/\/sosi.expert\/index.php\/2026\/04\/09\/rencontre-avec-joe-white\/\" target=\"_blank\" rel=\"noopener ugc\">Rencontre avec Joe White<\/a>\r\n<\/p>\r\n<\/div>\r\n\u2705 Forte exp\u00e9rience en tant qu\u2019<a class=\"wikipedia\" title=\"Analyse fonctionnelle (conception)\" href=\"https:\/\/fr.wikipedia.org\/wiki\/Analyse_fonctionnelle_(conception)\" target=\"_blank\" rel=\"noopener\">Analyste Fonctionnel<\/a> dans les Domaines de la <a class=\"wikipedia\" title=\"Sant\u00e9 mentale\" href=\"https:\/\/fr.wikipedia.org\/wiki\/Sant%C3%A9_mentale\" target=\"_blank\" rel=\"noopener\">Sant\u00e9 Mentale<\/a>\r\n<br \/>\r\n<br \/>\r\n<div>\r\n<p style=\"float: left;\">\r\n<img decoding=\"async\" src=\"https:\/\/sosi.expert\/wp-content\/uploads\/2026\/04\/SOSi-little.png\" alt=\"SOSi\"\/>\r\n<\/p>\r\n<p>\u00a0\u27a1\ufe0f <a title=\"\u00ab\u00a0S\u00e9minaires d\u2019entreprise\u00a0\u00bb : Coach vs Psychologue, \u00e0 en perdre son Latin\" href=\"https:\/\/sosi.expert\/index.php\/2026\/01\/19\/seminaires-dentreprise-coach-vs-psychologue-a-en-perdre-son-latin\/\" target=\"_blank\" rel=\"noopener ugc\" class=\"sosi\">\u00ab S\u00e9minaires d\u2019entreprise \u00bb :\u2028 Coach vs Psychologue, \u00e0 en perdre son Latin<\/a>, <a class=\"sosi\" title=\"La v\u00e9rit\u00e9 est-elle ailleurs ?\" href=\"https:\/\/sosi.expert\/index.php\/2026\/03\/25\/la-verite-est-elle-ailleurs\/\" target=\"_blank\" rel=\"noopener ugc\">La v\u00e9rit\u00e9 est-elle ailleurs ?<\/a>\r\n<\/p>\r\n<\/div>\r\n\u2705 Contr\u00f4leur de conformit\u00e9 des <a class=\"loi\" title=\"Mon Espace Sant\u00e9\" href=\"https:\/\/www.monespacesante.fr\/\" target=\"_blank\" rel=\"noopener\">Services Nationaux<\/a>, r\u00e9f\u00e9renc\u00e9 aupr\u00e8s de l\u2019<a class=\"loi\" title=\"Agence du Num\u00e9rique en Sant\u00e9 - ANS\" href=\"https:\/\/esante.gouv.fr\/\" target=\"_blank\" rel=\"noopener\">Agence du Num\u00e9rique en Sant\u00e9 &#8211; ANS<\/a> et la <a class=\"loi\" title=\"D\u00e9l\u00e9gation minist\u00e9rielle au Num\u00e9rique en Sant\u00e9 - DNS\" href=\"https:\/\/sante.gouv.fr\/ministere\/organisation\/organisation-des-directions-et-services\/article\/organisation-de-la-delegation-au-numerique-en-sante\" target=\"_blank\" rel=\"noopener\">D\u00e9l\u00e9gation minist\u00e9rielle au Num\u00e9rique en Sant\u00e9 &#8211; DNS<\/a>, form\u00e9 par la <a class=\"loi\" title=\"\" href=\"https:\/\/www.has-sante.fr\/\" target=\"_blank\" rel=\"noopener\">Haute Autorit\u00e9 de Sant\u00e9 &#8211; HAS<\/a>\r\n<br \/>\r\n<br \/>\r\n<div>\r\n<p style=\"float: left;\">\r\n<img decoding=\"async\" src=\"https:\/\/sosi.expert\/wp-content\/uploads\/2026\/04\/SOSi-little.png\" alt=\"SOSi\"\/>\r\n<\/p>\r\n<p> \u27a1\ufe0f <a class=\"sosi\" title=\"Les V\u00e9rif S\u00e9gurs\" href=\"https:\/\/sosi.expert\/index.php\/a-propos\/les-verifsegurs\/\" target=\"_blank\" rel=\"noopener ugc\">Les V\u00e9rif&rsquo; S\u00e9gurs<\/a>, <a class=\"sosi\" title=\"\u00c0 la Une\" href=\"https:\/\/sosi.expert\/index.php\/2026\/03\/21\/a-la-une\/\" target=\"_blank\" rel=\"noopener ugc\">\u00c0 la Une<\/a>, <a class=\"sosi\" title=\"L\u2019Interop\u00e9rabilit\u00e9 Gauloise\" href=\"https:\/\/sosi.expert\/index.php\/2026\/02\/21\/linteroperabilite-gauloise\/\" target=\"_blank\" rel=\"noopener ugc\">L\u2019Interop\u00e9rabilit\u00e9 Gauloise<\/a>\r\n<\/p>\r\n<\/div>\r\n<br \/>\r\n<p><strong>R\u00e9f\u00e9rences Nationales \ud83c\uddeb\ud83c\uddf7<\/strong><\/p>\r\n<div class=\"gallery gallery-columns-4 gallery-size-thumbnail\" style=\"text-align: center;\">\r\n<figure class=\"gallery-item\">\r\n<div class=\"gallery-icon\"><a href=\"https:\/\/www.has-sante.fr\/\" target=\"_blank\" rel=\"noopener\"><img decoding=\"async\" class=\"attachment-thumbnail size-thumbnail\" src=\"https:\/\/sosi.expert\/wp-content\/uploads\/2025\/12\/Logo_HAS.png\" alt=\"HAS\" \/><\/a><\/div>\r\n<figcaption class=\"wp-caption-text gallery-caption\"><a class=\"loi\" title=\"HAS\" href=\"https:\/\/www.has-sante.fr\/\" target=\"_blank\" rel=\"noopener\">La HAS<\/a><\/figcaption>\r\n<\/figure>\r\n<figure class=\"gallery-item\">\r\n<div class=\"gallery-icon\"><a href=\"https:\/\/esante.gouv.fr\/\" target=\"_blank\" rel=\"noopener\"><img decoding=\"async\" class=\"attachment-thumbnail size-thumbnail\" src=\"https:\/\/sosi.expert\/wp-content\/uploads\/2025\/12\/Logo_ANS.png\" alt=\"ANS\" \/><\/a><\/div>\r\n<figcaption class=\"wp-caption-text gallery-caption\"><a class=\"loi\" title=\"ANS\" href=\"https:\/\/esante.gouv.fr\/\" target=\"_blank\" rel=\"noopener\">L&rsquo;ANS<\/a><\/figcaption>\r\n<\/figure>\r\n<figure class=\"gallery-item\">\r\n<div class=\"gallery-icon\"><a href=\"https:\/\/sante.gouv.fr\/ministere\/organisation\/organisation-des-directions-et-services\/article\/organisation-de-la-delegation-au-numerique-en-sante\" target=\"_blank\" rel=\"noopener\"><img decoding=\"async\" class=\"attachment-thumbnail size-thumbnail\" src=\"https:\/\/sosi.expert\/wp-content\/uploads\/2025\/12\/Logo_DNS.png\" alt=\"DNS\" \/><\/a><\/div>\r\n<figcaption class=\"wp-caption-text gallery-caption\"><a class=\"loi\" title=\"DNS\" href=\"https:\/\/sante.gouv.fr\/ministere\/organisation\/organisation-des-directions-et-services\/article\/organisation-de-la-delegation-au-numerique-en-sante\" target=\"_blank\" rel=\"noopener\">La DNS<\/a><\/figcaption>\r\n<\/figure>\r\n<\/div>\r\n<div style=\"text-align: center;\">\r\n<figure class=\"wp-block-image is-style-rounded\"><img loading=\"lazy\" decoding=\"async\" src=\"https:\/\/sosi.expert\/wp-content\/uploads\/2026\/04\/Inflorescence-dOphrys-bourdon-scaled.jpeg\" alt=\"Inflorescence d'Ophrys bourdon\" width=\"450\" height=\"600\" \/>\r\n<figcaption style=\"text-align: center;\"><a class=\"sosi\" href=\"https:\/\/sosi.expert\/wp-content\/uploads\/2026\/04\/Inflorescence-dOphrys-bourdon-scaled.jpeg\" rel=\"noopener\">Inflorescence d&rsquo;Ophrys bourdon (Ophrys fuciflora) &#8211; Juin 2025<\/a><\/figcaption>\r\n<\/figure>\r\n<\/div>","protected":false},"excerpt":{"rendered":"<p>\u00catre un Professionnel de la Sant\u00e9, peu importe son Domaine d&rsquo;intervention, c&rsquo;est avant tout prendre soin de sa propre Sant\u00e9, de son Environnement, de la Nature en g\u00e9n\u00e9ral. L&rsquo;Ophrys bourdon ou Ophrys frelon (Ophrys fuciflora) &#8211; Juin 2025 \ud83d\udca1 Domaine d\u2019interventions \ud83c\uddeb\ud83c\uddf7 &amp; \ud83c\udde8\ud83c\udded \ud83d\udc49\ud83c\udffd S\u00e9curisation des Donn\u00e9es informatiques de Sant\u00e9 \ud83e\uddd1\u200d\u2695\ufe0f \ud83d\ude91 \ud83c\udfe5 \ud83c\udfaf &hellip; <a href=\"https:\/\/sosi.expert\/\" class=\"more-link\">Continuer la lecture<span class=\"screen-reader-text\"> de &laquo;&nbsp;\ud83c\uddeb\ud83c\uddf7 Bienvenue !<br \/>\ud83c\udde9\ud83c\uddea Willkommen !<br \/>\ud83c\uddec\ud83c\udde7 Welcome !&nbsp;&raquo;<\/span><\/a><\/p>\n","protected":false},"author":2,"featured_media":80,"parent":0,"menu_order":0,"comment_status":"closed","ping_status":"closed","template":"","meta":{"_uag_custom_page_level_css":"","_monsterinsights_skip_tracking":false,"_monsterinsights_sitenote_active":false,"_monsterinsights_sitenote_note":"","_monsterinsights_sitenote_category":0,"footnotes":""},"class_list":["post-31","page","type-page","status-publish","has-post-thumbnail","hentry"],"aioseo_notices":[],"uagb_featured_image_src":{"full":["https:\/\/sosi.expert\/wp-content\/uploads\/2025\/04\/cropped-Entete_SOSi.png",1200,355,false],"thumbnail":["https:\/\/sosi.expert\/wp-content\/uploads\/2025\/04\/cropped-Entete_SOSi-150x150.png",150,150,true],"medium":["https:\/\/sosi.expert\/wp-content\/uploads\/2025\/04\/cropped-Entete_SOSi-300x89.png",300,89,true],"medium_large":["https:\/\/sosi.expert\/wp-content\/uploads\/2025\/04\/cropped-Entete_SOSi-768x227.png",768,227,true],"large":["https:\/\/sosi.expert\/wp-content\/uploads\/2025\/04\/cropped-Entete_SOSi-1024x303.png",840,249,true],"1536x1536":["https:\/\/sosi.expert\/wp-content\/uploads\/2025\/04\/cropped-Entete_SOSi.png",1200,355,false],"2048x2048":["https:\/\/sosi.expert\/wp-content\/uploads\/2025\/04\/cropped-Entete_SOSi.png",1200,355,false],"post-thumbnail":["https:\/\/sosi.expert\/wp-content\/uploads\/2025\/04\/cropped-Entete_SOSi.png",1200,355,false]},"uagb_author_info":{"display_name":"Patrick Millan","author_link":"https:\/\/sosi.expert\/index.php\/author\/patrick-millan\/"},"uagb_comment_info":0,"uagb_excerpt":"\u00catre un Professionnel de la Sant\u00e9, peu importe son Domaine d&rsquo;intervention, c&rsquo;est avant tout prendre soin de sa propre Sant\u00e9, de son Environnement, de la Nature en g\u00e9n\u00e9ral. L&rsquo;Ophrys bourdon ou Ophrys frelon (Ophrys fuciflora) &#8211; Juin 2025 \ud83d\udca1 Domaine d\u2019interventions \ud83c\uddeb\ud83c\uddf7 &amp; \ud83c\udde8\ud83c\udded \ud83d\udc49\ud83c\udffd S\u00e9curisation des Donn\u00e9es informatiques de Sant\u00e9 \ud83e\uddd1\u200d\u2695\ufe0f \ud83d\ude91 \ud83c\udfe5 \ud83c\udfaf\u2026","_links":{"self":[{"href":"https:\/\/sosi.expert\/index.php\/wp-json\/wp\/v2\/pages\/31","targetHints":{"allow":["GET"]}}],"collection":[{"href":"https:\/\/sosi.expert\/index.php\/wp-json\/wp\/v2\/pages"}],"about":[{"href":"https:\/\/sosi.expert\/index.php\/wp-json\/wp\/v2\/types\/page"}],"author":[{"embeddable":true,"href":"https:\/\/sosi.expert\/index.php\/wp-json\/wp\/v2\/users\/2"}],"replies":[{"embeddable":true,"href":"https:\/\/sosi.expert\/index.php\/wp-json\/wp\/v2\/comments?post=31"}],"version-history":[{"count":297,"href":"https:\/\/sosi.expert\/index.php\/wp-json\/wp\/v2\/pages\/31\/revisions"}],"predecessor-version":[{"id":2187,"href":"https:\/\/sosi.expert\/index.php\/wp-json\/wp\/v2\/pages\/31\/revisions\/2187"}],"wp:featuredmedia":[{"embeddable":true,"href":"https:\/\/sosi.expert\/index.php\/wp-json\/wp\/v2\/media\/80"}],"wp:attachment":[{"href":"https:\/\/sosi.expert\/index.php\/wp-json\/wp\/v2\/media?parent=31"}],"curies":[{"name":"wp","href":"https:\/\/api.w.org\/{rel}","templated":true}]}}