{"id":352,"date":"2025-04-14T16:44:54","date_gmt":"2025-04-14T14:44:54","guid":{"rendered":"https:\/\/sosi.expert\/?page_id=352"},"modified":"2026-01-28T14:19:03","modified_gmt":"2026-01-28T13:19:03","slug":"les-verifsegurs","status":"publish","type":"page","link":"https:\/\/sosi.expert\/index.php\/a-propos\/les-verifsegurs\/","title":{"rendered":"Les V\u00e9rif&rsquo; S\u00e9gurs"},"content":{"rendered":"<div style=\"text-align:center;\">\n<figure class=\"wp-block-image is-style-rounded\">\n<img loading=\"lazy\" decoding=\"async\" src=\"https:\/\/sosi.expert\/wp-content\/uploads\/2025\/06\/Cephalanthere-scaled.jpeg\" alt=\"Ce\u0301phalanthe\u0300re\" width=\"480\" height=\"640\" \/><figcaption style=\"text-align:center;\"><a href=\"https:\/\/sosi.expert\/wp-content\/uploads\/2025\/06\/Cephalanthere-scaled.jpeg\" target=\"_blank\" class=\"sosi\">Ce\u0301phalanthe\u0300re (Cephalanthera) &#8211; Mai 2025<\/a><\/figcaption><\/figure>\n<\/div>\n<div style=\"text-align:center;\">\n<figure class=\"wp-block-image\">\n<img loading=\"lazy\" decoding=\"async\" src=\"https:\/\/sosi.expert\/wp-content\/uploads\/2025\/12\/Verif-Segur.png\" alt=\"V\u00e9rif' S\u00e9gur\" width=\"566\" height=\"137\" \/><figcaption class='wp-caption-text gallery-caption' style=\"text-align:center;\">Les V\u00e9rif&rsquo; S\u00e9gurs par l&rsquo;Agence du Num\u00e9rique en Sant\u00e9 &#8211; ANS<\/figcaption><\/figure>\n<\/div>\n<h5 style=\"text-align: center;\">Des Projectathons des Usages aux V\u00e9rif&rsquo; S\u00e9gurs<\/h5>\n<div>\n<span>Vid\u00e9o de pr\u00e9sentation des Pionniers de la d\u00e9marche Qualit\u00e9 appliqu\u00e9e aux logiciels de Sant\u00e9, avec et pour les professionnels de la Sant\u00e9 r\u00e9ellement investis dans leur Domaine.<\/span>\n<\/div>\n<div>\n<div id=\"wpfp_4d19eefb63f0bfba1f13e6ac0d21dd54\" data-item=\"{&quot;sources&quot;:[{&quot;src&quot;:&quot;http:\\\/\\\/sosi.expert\\\/wp-content\\\/uploads\\\/1744\\\/41\\\/Projectathon-Usages-MSSante-Retour-dexperience.mp4&quot;,&quot;type&quot;:&quot;video\\\/mp4&quot;}],&quot;id&quot;:&quot;1&quot;}\" class=\"flowplayer no-brand is-splash is-paused skin-custom no-svg fp-slim fp-outlined bottom-fs\" data-fv-embed=\"https:\/\/sosi.expert\/index.php\/a-propos\/les-verifsegurs\/fvp-1\/\" style=\"position:relative; max-width: 720px; max-height: 720px; \" data-ratio=\"1\" data-player-id=\"1\">\n\t<div class=\"fp-ratio\" style=\"padding-top: 100%\"><\/div>\n\t<div class=\"fp-ui\"><noscript>Please enable JavaScript<\/noscript><div class=\"fp-play fp-visible\"><svg class=\"fp-play-rounded-outline\" xmlns=\"http:\/\/www.w3.org\/2000\/svg\" viewBox=\"0 0 99.844 99.8434\"><defs><style>.fp-color-play{opacity:0.65;}.controlbutton{fill:#fff;}<\/style><\/defs><title>play-rounded-outline<\/title><path class=\"fp-color-play\" d=\"M49.9217-.078a50,50,0,1,0,50,50A50.0564,50.0564,0,0,0,49.9217-.078Z\"\/><path class=\"controlbutton\" d=\"M41.0359,71.19a5.0492,5.0492,0,0,1-2.5575-.6673c-1.8031-1.041-2.7958-3.1248-2.7958-5.8664V35.1887c0-2.7429.9933-4.8272,2.797-5.8676,1.8025-1.0422,4.1034-.86,6.48.5143L70.4782,44.5672c2.3751,1.3711,3.6826,3.2725,3.6832,5.3545s-1.3076,3.9845-3.6832,5.3562L44.9592,70.0114A7.9384,7.9384,0,0,1,41.0359,71.19Zm.0065-40.123a2.6794,2.6794,0,0,0-1.3582.3413c-1.0263.5926-1.5912,1.9349-1.5912,3.78V64.6563c0,1.8449.5649,3.1866,1.5906,3.7791,1.0281.5932,2.4733.4108,4.07-.512L69.273,53.1906c1.5983-.9227,2.478-2.0838,2.478-3.2689s-.88-2.3445-2.478-3.2666L43.754,31.9227A5.5685,5.5685,0,0,0,41.0423,31.0671Z\" filter=\"url(#f1)\"\/><\/svg><\/div><div class=\"fp-preload\"><b><\/b><b><\/b><b><\/b><b><\/b><\/div><\/div>\n<div class='fvp-share-bar'><ul class=\"fvp-sharing\">\r\n    <li><a class=\"sharing-facebook\" href=\"https:\/\/www.facebook.com\/sharer\/sharer.php?u=https%3A%2F%2Fsosi.expert%2Findex.php%2Fa-propos%2Fles-verifsegurs%2F\" target=\"_blank\"><\/a><\/li>\r\n    <li><a class=\"sharing-twitter\" href=\"https:\/\/twitter.com\/intent\/tweet?text=SOSi+&url=https%3A%2F%2Fsosi.expert%2Findex.php%2Fa-propos%2Fles-verifsegurs%2F\" target=\"_blank\"><\/a><\/li>\r\n    <li><a class=\"sharing-email\" href=\"mailto:?body=Check%20out%20the%20amazing%20video%20here%3A%20https%3A%2F%2Fsosi.expert%2Findex.php%2Fa-propos%2Fles-verifsegurs%2F\" target=\"_blank\"><\/a><\/li><\/ul><div><a class=\"sharing-link\" href=\"https:\/\/sosi.expert\/index.php\/a-propos\/les-verifsegurs\/\" target=\"_blank\">Link<\/a><\/div><div><label><a class=\"embed-code-toggle\" href=\"#\"><strong>Embed<\/strong><\/a><\/label><\/div><div class=\"embed-code\"><label>Copy and paste this HTML code into your webpage to embed.<\/label><textarea><\/textarea><\/div><\/div>\n<\/div>\n\n<\/div>\n<div>\n<strong>R\u00e9f\u00e9rences <img loading=\"lazy\" decoding=\"async\" src=\"https:\/\/sosi.expert\/wp-content\/uploads\/2025\/04\/cropped-SOSi.png\" alt=\"SOSi\" width=\"70\" height=\"70\" \/><\/strong><\/p>\n<ul>\n<li><a class=\"sosi\" title=\"L\u2019Interop\u00e9rabilit\u00e9 Gauloise\" href=\"https:\/\/sosi.expert\/index.php\/2025\/10\/01\/linteroperabilite-gauloise\/\" target=\"_blank\" rel=\"noopener\">L\u2019Interop\u00e9rabilit\u00e9 Gauloise<\/a><\/li>\n<li><a class=\"sosi\" title=\"En informatique, l\u2019abus de lessive nuit gravement \u00e0 la Sant\u00e9\" href=\"https:\/\/sosi.expert\/index.php\/2025\/10\/01\/en-informatique-labus-de-lessive-nuit-gravement-a-la-sante\/\" target=\"_blank\" rel=\"noopener\">En informatique, l\u2019abus de lessive nuit gravement \u00e0 la Sant\u00e9<\/a><\/li>\n<\/ul>\n<\/div>\n<p><strong>R\u00e9f\u00e9rences Nationales \ud83c\uddeb\ud83c\uddf7<\/strong><br \/>\n<\/p>\n<div style=\"text-align:center;\" class='gallery gallery-columns-4 gallery-size-thumbnail' >\n<figure class='gallery-item'>\n<div class='gallery-icon'>\n\t<a href='https:\/\/www.has-sante.fr\/' target=\"_blank\"><img decoding=\"async\" src=\"https:\/\/sosi.expert\/wp-content\/uploads\/2025\/12\/Logo_HAS.png\" class=\"attachment-thumbnail size-thumbnail\" alt=\"HAS\" \/><\/a>\n<\/div><figcaption class='wp-caption-text gallery-caption'>\n\t<a title=\"HAS\" href='https:\/\/www.has-sante.fr\/' target=\"_blank\" rel=\"noopener\" class=\"loi\">La HAS<\/a><br \/>\n<\/figcaption><\/figure>\n<figure class='gallery-item'>\n<div class='gallery-icon'>\n\t<a href='https:\/\/esante.gouv.fr\/' target=\"_blank\"><img decoding=\"async\" src=\"https:\/\/sosi.expert\/wp-content\/uploads\/2025\/12\/Logo_ANS.png\" class=\"attachment-thumbnail size-thumbnail\" alt=\"ANS\" \/><\/a>\n<\/div><figcaption class='wp-caption-text gallery-caption'>\n\t<a title=\"ANS\" href='https:\/\/esante.gouv.fr\/' target=\"_blank\" rel=\"noopener\" class=\"loi\">L&rsquo;ANS<\/a><br \/>\n<\/figcaption><\/figure>\n<figure class='gallery-item'>\n<div class='gallery-icon'>\n\t<a href='https:\/\/sante.gouv.fr\/ministere\/organisation\/organisation-des-directions-et-services\/article\/organisation-de-la-delegation-au-numerique-en-sante' target=\"_blank\"><img decoding=\"async\" src=\"https:\/\/sosi.expert\/wp-content\/uploads\/2025\/12\/Logo_DNS.png\" class=\"attachment-thumbnail size-thumbnail\" alt=\"DNS\" \/><\/a>\n<\/div><figcaption class='wp-caption-text gallery-caption'>\n\t<a title=\"DNS\" href='https:\/\/sante.gouv.fr\/ministere\/organisation\/organisation-des-directions-et-services\/article\/organisation-de-la-delegation-au-numerique-en-sante' target=\"_blank\" rel=\"noopener\" class=\"loi\">La DNS<\/a><br \/>\n<\/figcaption><\/figure>\n<\/div>\n","protected":false},"excerpt":{"rendered":"<p>Ce\u0301phalanthe\u0300re (Cephalanthera) &#8211; Mai 2025 Les V\u00e9rif&rsquo; S\u00e9gurs par l&rsquo;Agence du Num\u00e9rique en Sant\u00e9 &#8211; ANS Des Projectathons des Usages aux V\u00e9rif&rsquo; S\u00e9gurs Vid\u00e9o de pr\u00e9sentation des Pionniers de la d\u00e9marche Qualit\u00e9 appliqu\u00e9e aux logiciels de Sant\u00e9, avec et pour les professionnels de la Sant\u00e9 r\u00e9ellement investis dans leur Domaine. R\u00e9f\u00e9rences L\u2019Interop\u00e9rabilit\u00e9 Gauloise En informatique, &hellip; <a href=\"https:\/\/sosi.expert\/index.php\/a-propos\/les-verifsegurs\/\" class=\"more-link\">Continuer la lecture<span class=\"screen-reader-text\"> de &laquo;&nbsp;Les V\u00e9rif&rsquo; S\u00e9gurs&nbsp;&raquo;<\/span><\/a><\/p>\n","protected":false},"author":2,"featured_media":80,"parent":31,"menu_order":2,"comment_status":"closed","ping_status":"closed","template":"","meta":{"_uag_custom_page_level_css":"","_monsterinsights_skip_tracking":false,"_monsterinsights_sitenote_active":false,"_monsterinsights_sitenote_note":"","_monsterinsights_sitenote_category":0,"footnotes":""},"class_list":["post-352","page","type-page","status-publish","has-post-thumbnail","hentry"],"aioseo_notices":[],"uagb_featured_image_src":{"full":["https:\/\/sosi.expert\/wp-content\/uploads\/2025\/04\/cropped-Entete_SOSi.png",1200,355,false],"thumbnail":["https:\/\/sosi.expert\/wp-content\/uploads\/2025\/04\/cropped-Entete_SOSi-150x150.png",150,150,true],"medium":["https:\/\/sosi.expert\/wp-content\/uploads\/2025\/04\/cropped-Entete_SOSi-300x89.png",300,89,true],"medium_large":["https:\/\/sosi.expert\/wp-content\/uploads\/2025\/04\/cropped-Entete_SOSi-768x227.png",768,227,true],"large":["https:\/\/sosi.expert\/wp-content\/uploads\/2025\/04\/cropped-Entete_SOSi-1024x303.png",840,249,true],"1536x1536":["https:\/\/sosi.expert\/wp-content\/uploads\/2025\/04\/cropped-Entete_SOSi.png",1200,355,false],"2048x2048":["https:\/\/sosi.expert\/wp-content\/uploads\/2025\/04\/cropped-Entete_SOSi.png",1200,355,false],"post-thumbnail":["https:\/\/sosi.expert\/wp-content\/uploads\/2025\/04\/cropped-Entete_SOSi.png",1200,355,false]},"uagb_author_info":{"display_name":"Patrick Millan","author_link":"https:\/\/sosi.expert\/index.php\/author\/patrick-millan\/"},"uagb_comment_info":0,"uagb_excerpt":"Ce\u0301phalanthe\u0300re (Cephalanthera) &#8211; Mai 2025 Les V\u00e9rif&rsquo; S\u00e9gurs par l&rsquo;Agence du Num\u00e9rique en Sant\u00e9 &#8211; ANS Des Projectathons des Usages aux V\u00e9rif&rsquo; S\u00e9gurs Vid\u00e9o de pr\u00e9sentation des Pionniers de la d\u00e9marche Qualit\u00e9 appliqu\u00e9e aux logiciels de Sant\u00e9, avec et pour les professionnels de la Sant\u00e9 r\u00e9ellement investis dans leur Domaine. R\u00e9f\u00e9rences L\u2019Interop\u00e9rabilit\u00e9 Gauloise En informatique,\u2026","_links":{"self":[{"href":"https:\/\/sosi.expert\/index.php\/wp-json\/wp\/v2\/pages\/352","targetHints":{"allow":["GET"]}}],"collection":[{"href":"https:\/\/sosi.expert\/index.php\/wp-json\/wp\/v2\/pages"}],"about":[{"href":"https:\/\/sosi.expert\/index.php\/wp-json\/wp\/v2\/types\/page"}],"author":[{"embeddable":true,"href":"https:\/\/sosi.expert\/index.php\/wp-json\/wp\/v2\/users\/2"}],"replies":[{"embeddable":true,"href":"https:\/\/sosi.expert\/index.php\/wp-json\/wp\/v2\/comments?post=352"}],"version-history":[{"count":37,"href":"https:\/\/sosi.expert\/index.php\/wp-json\/wp\/v2\/pages\/352\/revisions"}],"predecessor-version":[{"id":1883,"href":"https:\/\/sosi.expert\/index.php\/wp-json\/wp\/v2\/pages\/352\/revisions\/1883"}],"up":[{"embeddable":true,"href":"https:\/\/sosi.expert\/index.php\/wp-json\/wp\/v2\/pages\/31"}],"wp:featuredmedia":[{"embeddable":true,"href":"https:\/\/sosi.expert\/index.php\/wp-json\/wp\/v2\/media\/80"}],"wp:attachment":[{"href":"https:\/\/sosi.expert\/index.php\/wp-json\/wp\/v2\/media?parent=352"}],"curies":[{"name":"wp","href":"https:\/\/api.w.org\/{rel}","templated":true}]}}