{"id":439,"date":"2025-04-17T14:11:17","date_gmt":"2025-04-17T12:11:17","guid":{"rendered":"https:\/\/sosi.expert\/?page_id=439"},"modified":"2025-04-17T14:55:13","modified_gmt":"2025-04-17T12:55:13","slug":"publications","status":"publish","type":"page","link":"https:\/\/sosi.expert\/index.php\/a-propos\/supports-pedagogiques\/publications\/","title":{"rendered":"Publications"},"content":{"rendered":"<div style=\"text-align:center;\">\n<figure class=\"wp-block-image is-style-rounded\">\n<img loading=\"lazy\" decoding=\"async\" src=\"https:\/\/sosi.expert\/wp-content\/uploads\/2025\/06\/Drosera-rotundifolia-scaled.jpeg\" alt=\"Dros\u00e9ra \u00e0 feuilles rondes\" width=\"320\" height=\"240\" \/><figcaption style=\"text-align:center;\"><a href=\"https:\/\/sosi.expert\/wp-content\/uploads\/2025\/06\/Drosera-rotundifolia-scaled.jpeg\" target=\"_blank\" class=\"sosi\">Dros\u00e9ra \u00e0 feuilles rondes (Drosera rotundifolia) &#8211; Juin 2025<\/a><\/figcaption><\/figure>\n<\/div>\n<ul>\n<li><strong><span aria-hidden=\"true\">S\u00e9lection num\u00e9rique guid\u00e9e et s\u00e9lection num\u00e9rique autonome d\u2019une \u00e9claircie dans le simulateur SimCop<\/span><\/strong><\/li>\n<\/ul>\n<p><em><span class=\"t-14 t-normal\"><span aria-hidden=\"true\">&#8211; <a title=\"Institut national de la recherche agronomique\" href=\"https:\/\/fr.wikipedia.org\/wiki\/Institut_national_de_la_recherche_agronomique\" target=\"_blank\" rel=\"noopener\" class=\"wikipedia\">Institut National de la Recherche Agronomique &#8211; INRA<\/a><br \/>&#8211; <a title=\"\u00c9cole nationale du g\u00e9nie rural, des eaux et des for\u00eats\" href=\"https:\/\/fr.wikipedia.org\/wiki\/%C3%89cole_nationale_du_g%C3%A9nie_rural,_des_eaux_et_des_for%C3%AAts\" target=\"_blank\" rel=\"noopener\" class=\"wikipedia\">\u00c9cole Nationale du G\u00e9nie Rural, des Eaux et des For\u00eats &#8211; ENGREF<\/a><br \/><strong>Auteur :<\/strong> Patrick Millan<br \/>30 ao\u00fbt 2005<\/span><\/span><\/em><\/p>\n<p><strong>&#8211; R\u00e9sum\u00e9 :<\/strong><\/p>\n<p><span aria-hidden=\"true\">L\u2019automatisation des \u00e9claircies facilite la simulation des diff\u00e9rents traitements et sc\u00e9narii sylvicoles.<br \/>\nL\u2019\u00e9valuation d\u2019une \u00e9claircie utilise comme crit\u00e8res le nombre d\u2019arbres s\u00e9lectionn\u00e9s et le coefficient d\u2019\u00e9claircie k, auxquels est ajout\u00e9e une notion de r\u00e9partition spatiale.<br \/>\nTrois m\u00e9thodes d\u2019\u00e9valuation de cette r\u00e9partition ont \u00e9t\u00e9 compar\u00e9es, les m\u00e9thodes du plus proche voisin, de l\u2019inertie et des Quadrats.<br \/>\nDeux modes de s\u00e9lection d\u2019arbres ont \u00e9t\u00e9 retenus : la s\u00e9lection num\u00e9rique guid\u00e9e et la s\u00e9lection num\u00e9rique autonome.<br \/>\nLa s\u00e9lection num\u00e9rique guid\u00e9e permet des \u00e9chantillonnages repr\u00e9sentatifs stratifi\u00e9s avec ou sans biais.<br \/>\nLa s\u00e9lection num\u00e9rique autonome fait appel aux algorithmes g\u00e9n\u00e9tiques.<br \/>\nCes algorithmes n\u00e9cessitent des ajustements lors de l\u2019impl\u00e9mentation (pour le codage du probl\u00e8me, les techniques de croisement et de mutation), et lors de l\u2019optimisation (le scaling, le sharing, ainsi que le choix des param\u00e8tres de dimensionnement du probl\u00e8me). <\/span><\/p>\n<p><span aria-hidden=\"true\"><strong>&#8211; Mots-cl\u00e9s :<\/strong> \u00e9claircie, s\u00e9lection num\u00e9rique guid\u00e9e, autonome, m\u00e9thodes du plus proche voisin, inertie, Quadrats, algorithmes g\u00e9n\u00e9tiques, scaling, sharing, dimensionnement.<\/span><\/p>\n<p><img loading=\"lazy\" decoding=\"async\" src=\"https:\/\/sosi.expert\/wp-content\/uploads\/2025\/04\/Icon_PDF.png\" alt=\"Lien vers un document PDF consultable\" width=\"25\" height=\"25\" \/> <a title=\"Publication INRA Patrick Millan\" href=\"https:\/\/sosi.expert\/wp-content\/uploads\/2025\/04\/Publication_INRA_Patrick_Millan.pdf\" target=\"_blank\" rel=\"noopener\" class=\"sosi\">Publication<\/a><\/p>\n<ul>\n<li><strong><span aria-hidden=\"true\">Visualisation de l&rsquo;Information<\/span><\/strong><\/li>\n<\/ul>\n<p><em><span class=\"t-14 t-normal\"><span aria-hidden=\"true\">&#8211; Unit\u00e9 de Recherche et Innovation &#8211; URI<br \/>au sein de l&rsquo;<a title=\"Institut de l'information scientifique et technique\" href=\"https:\/\/fr.wikipedia.org\/wiki\/Institut_de_l%27information_scientifique_et_technique\" target=\"_blank\" rel=\"noopener\" class=\"wikipedia\">Institut de l&rsquo;Information Scientifique et Technique &#8211; Inist<\/a><br \/>Rattach\u00e9 au <a title=\"Centre national de la recherche scientifique\" href=\"https:\/\/fr.wikipedia.org\/wiki\/Centre_national_de_la_recherche_scientifique\" target=\"_blank\" rel=\"noopener\" class=\"wikipedia\">Centre National de la Recherche Scientifique &#8211; CNRS<\/a><br \/><strong>Auteur :<\/strong> Patrick Millan<br \/>1 septembre 2002<\/span><\/span><\/em><\/p>\n<p><strong>&#8211; R\u00e9sum\u00e9 :<\/strong><\/p>\n<p><span aria-hidden=\"true\">L&rsquo;analyse de l&rsquo;information n\u00e9cessite l\u2019appropriation d&rsquo;une grande masse d&rsquo;information dont on exclut logiquement tout parcours s\u00e9quentiel.<br \/>\nElle r\u00e9pond aux besoins de veille scientifique et technologique, et d&rsquo;analyse strat\u00e9gique de la recherche.<br \/>\nToutes donn\u00e9es bibliographiques et\/ou textuelles est extraites et structur\u00e9es, en utilisant des indicateurs comme :<\/span><\/p>\n<p><span aria-hidden=\"true\">&#8211; Les mots-cl\u00e9s, indicateurs de la connaissance v\u00e9hicul\u00e9e par des documents ;<\/span><br \/>\n<span aria-hidden=\"true\">&#8211; Les classes (clusters), agr\u00e9gats de mots-cl\u00e9s et de documents, indiquant les th\u00e8mes et centres d&rsquo;int\u00e9r\u00eats regroupant une information (articles, auteurs, institutions&#8230;) ;<\/span><br \/>\n<span aria-hidden=\"true\">&#8211; Les cartes, procurant une vision globale, et strat\u00e9gique pour appr\u00e9cier la position relative dans l&rsquo;espace des connaissances th\u00e9matiques couvertes par des items analys\u00e9s. <\/span><\/p>\n<p><span aria-hidden=\"true\">L&rsquo;analyste cherche \u00e0 identifier dans une masse de donn\u00e9es, l&rsquo;information utile, celle comportant un int\u00e9r\u00eat pour son client.<\/span><\/p>\n<p><img loading=\"lazy\" decoding=\"async\" src=\"https:\/\/sosi.expert\/wp-content\/uploads\/2025\/04\/Icon_PDF.png\" alt=\"Lien vers un document PDF consultable\" width=\"25\" height=\"25\" \/> <a title=\"Visualisation de l'information Patrick Millan\" href=\"https:\/\/sosi.expert\/wp-content\/uploads\/2025\/04\/Visualisation_Information_Patrick_Millan.pdf\" target=\"_blank\" rel=\"noopener\" class=\"sosi\">Publication<\/a><\/p>\n","protected":false},"excerpt":{"rendered":"<p>Dros\u00e9ra \u00e0 feuilles rondes (Drosera rotundifolia) &#8211; Juin 2025 S\u00e9lection num\u00e9rique guid\u00e9e et s\u00e9lection num\u00e9rique autonome d\u2019une \u00e9claircie dans le simulateur SimCop &#8211; Institut National de la Recherche Agronomique &#8211; INRA&#8211; \u00c9cole Nationale du G\u00e9nie Rural, des Eaux et des For\u00eats &#8211; ENGREFAuteur : Patrick Millan30 ao\u00fbt 2005 &#8211; R\u00e9sum\u00e9 : L\u2019automatisation des \u00e9claircies facilite &hellip; <a href=\"https:\/\/sosi.expert\/index.php\/a-propos\/supports-pedagogiques\/publications\/\" class=\"more-link\">Continuer la lecture<span class=\"screen-reader-text\"> de &laquo;&nbsp;Publications&nbsp;&raquo;<\/span><\/a><\/p>\n","protected":false},"author":2,"featured_media":80,"parent":914,"menu_order":1,"comment_status":"closed","ping_status":"closed","template":"","meta":{"_uag_custom_page_level_css":"","_monsterinsights_skip_tracking":false,"_monsterinsights_sitenote_active":false,"_monsterinsights_sitenote_note":"","_monsterinsights_sitenote_category":0,"footnotes":""},"class_list":["post-439","page","type-page","status-publish","has-post-thumbnail","hentry"],"aioseo_notices":[],"uagb_featured_image_src":{"full":["https:\/\/sosi.expert\/wp-content\/uploads\/2025\/04\/cropped-Entete_SOSi.png",1200,355,false],"thumbnail":["https:\/\/sosi.expert\/wp-content\/uploads\/2025\/04\/cropped-Entete_SOSi-150x150.png",150,150,true],"medium":["https:\/\/sosi.expert\/wp-content\/uploads\/2025\/04\/cropped-Entete_SOSi-300x89.png",300,89,true],"medium_large":["https:\/\/sosi.expert\/wp-content\/uploads\/2025\/04\/cropped-Entete_SOSi-768x227.png",768,227,true],"large":["https:\/\/sosi.expert\/wp-content\/uploads\/2025\/04\/cropped-Entete_SOSi-1024x303.png",840,249,true],"1536x1536":["https:\/\/sosi.expert\/wp-content\/uploads\/2025\/04\/cropped-Entete_SOSi.png",1200,355,false],"2048x2048":["https:\/\/sosi.expert\/wp-content\/uploads\/2025\/04\/cropped-Entete_SOSi.png",1200,355,false],"post-thumbnail":["https:\/\/sosi.expert\/wp-content\/uploads\/2025\/04\/cropped-Entete_SOSi.png",1200,355,false]},"uagb_author_info":{"display_name":"Patrick Millan","author_link":"https:\/\/sosi.expert\/index.php\/author\/patrick-millan\/"},"uagb_comment_info":0,"uagb_excerpt":"Dros\u00e9ra \u00e0 feuilles rondes (Drosera rotundifolia) &#8211; Juin 2025 S\u00e9lection num\u00e9rique guid\u00e9e et s\u00e9lection num\u00e9rique autonome d\u2019une \u00e9claircie dans le simulateur SimCop &#8211; Institut National de la Recherche Agronomique &#8211; INRA&#8211; \u00c9cole Nationale du G\u00e9nie Rural, des Eaux et des For\u00eats &#8211; ENGREFAuteur : Patrick Millan30 ao\u00fbt 2005 &#8211; R\u00e9sum\u00e9 : L\u2019automatisation des \u00e9claircies facilite\u2026","_links":{"self":[{"href":"https:\/\/sosi.expert\/index.php\/wp-json\/wp\/v2\/pages\/439","targetHints":{"allow":["GET"]}}],"collection":[{"href":"https:\/\/sosi.expert\/index.php\/wp-json\/wp\/v2\/pages"}],"about":[{"href":"https:\/\/sosi.expert\/index.php\/wp-json\/wp\/v2\/types\/page"}],"author":[{"embeddable":true,"href":"https:\/\/sosi.expert\/index.php\/wp-json\/wp\/v2\/users\/2"}],"replies":[{"embeddable":true,"href":"https:\/\/sosi.expert\/index.php\/wp-json\/wp\/v2\/comments?post=439"}],"version-history":[{"count":32,"href":"https:\/\/sosi.expert\/index.php\/wp-json\/wp\/v2\/pages\/439\/revisions"}],"predecessor-version":[{"id":1121,"href":"https:\/\/sosi.expert\/index.php\/wp-json\/wp\/v2\/pages\/439\/revisions\/1121"}],"up":[{"embeddable":true,"href":"https:\/\/sosi.expert\/index.php\/wp-json\/wp\/v2\/pages\/914"}],"wp:featuredmedia":[{"embeddable":true,"href":"https:\/\/sosi.expert\/index.php\/wp-json\/wp\/v2\/media\/80"}],"wp:attachment":[{"href":"https:\/\/sosi.expert\/index.php\/wp-json\/wp\/v2\/media?parent=439"}],"curies":[{"name":"wp","href":"https:\/\/api.w.org\/{rel}","templated":true}]}}