{"id":520,"date":"2025-06-08T13:53:41","date_gmt":"2025-06-08T11:53:41","guid":{"rendered":"https:\/\/sosi.expert\/?page_id=520"},"modified":"2026-01-30T08:09:44","modified_gmt":"2026-01-30T07:09:44","slug":"ces-entreprises-vous-sont-elles-inconnus","status":"publish","type":"page","link":"https:\/\/sosi.expert\/index.php\/a-propos\/papillon-perdu-en-pensee\/ces-entreprises-vous-sont-elles-inconnus\/","title":{"rendered":"Ces entreprises vous sont-elles \u00ab Inconnus \u00bb ?"},"content":{"rendered":"<p><strong>Contexte<\/strong><\/p>\n<p class=\"p1\"><em>La qu\u00eate d&rsquo;\u00ab une totale libert\u00e9 de pens\u00e9e cosmique vers un nouvel \u00e2ge r\u00e9miniscent \u00bb est-elle n\u00e9cessaire en entreprise ?<\/em><\/p>\n<p><strong>Article<\/strong><\/p>\n<p>Le monde de l\u2019entreprise peut parfois <a title=\"Lorsque les entreprises abusent de leur pouvoir\" href=\"https:\/\/sosi.expert\/index.php\/a-propos\/le-papillon-perdu-dans-ses-pensees\/lorsque-les-entreprises-abusent-de-leur-pouvoir\/\" target=\"_blank\" rel=\"noopener\" class=\"sosi\">\u00eatre sujet aux d\u00e9rives sectaires<\/a>.<\/p>\n<p>Le documentaire suivant peut en illustrer le fonctionnement : <img loading=\"lazy\" decoding=\"async\" src=\"https:\/\/sosi.expert\/wp-content\/uploads\/2025\/04\/Youtube_Icon.png\" alt=\"Lien vers une page YouTube\" width=\"25\" height=\"25\" \/> <a title=\"Parodie des Inconnus - Skippy\" href=\"https:\/\/www.youtube.com\/watch?v=dOJwGl3yLMU\" target=\"_blank\" rel=\"noopener\" class=\"youtube\">Reportage sur la secte dirig\u00e9e par Skippy, le grand gourou<\/a>.<\/p>\n<p><strong>Toute initiative que tu d\u00e9tiens, est un bien qui te retient \ud83d\ude0e<\/strong><\/p>\n<p>Elles ont en effet tendance \u00e0 propager et g\u00e9n\u00e9raliser des \u00e9l\u00e9ments de langage au sein de ses adeptes, le tout se voulant en accord avec l\u2019influence du (ou des) gourou(s) mais, surtout, dans l\u2019int\u00e9r\u00eat du renforcement de leur emprise.<br \/>\nLe merchandising arborant l\u2019effigie de la secte y est pr\u00e9dominant.<br \/>\nLes symboles $ ou \u20ac ne sont bien \u00e9videment pas exploitables commercialement.<br \/>\nToutefois, plus le sigle est simple \u00e0 identifier, \u00e9voque une quelconque valeur financi\u00e8re, plus il semble efficace.<br \/>\nAjouter \u00e0 cela un nom clinquant, et le slogan publicitaire est vite trouv\u00e9.<br \/>\nM\u00eame si nous ne sommes pas en mesure d\u2019en comprendre le sens ni le rapport avec l\u2019activit\u00e9 et le domaine d\u2019intervention.<\/p>\n<p>Nous sommes certes loin d\u2019une campagne de publicit\u00e9 \u00e9lectorale et des travaux de r\u00e9flexion li\u00e9s, mais l\u2019id\u00e9e g\u00e9n\u00e9rale reste tr\u00e8s proche.<br \/>\nLa s\u00e9ance de brainstorming film\u00e9e suivante le d\u00e9montre : <img loading=\"lazy\" decoding=\"async\" src=\"https:\/\/sosi.expert\/wp-content\/uploads\/2025\/04\/Youtube_Icon.png\" alt=\"Lien vers une page YouTube\" width=\"25\" height=\"25\" \/> <a title=\"Sketch des Inconnus - La campagne \u00e9lectorale\" href=\"https:\/\/www.youtube.com\/watch?v=EptjzSi6Q9s\" target=\"_blank\" rel=\"noopener\" class=\"youtube\">La campagne \u00e9lectorale<\/a>.<\/p>\n<p>Si nous souhaitons comprendre l\u2019organisation interne de ces entreprises, nous nous heurtons avec rudesse aux langages herm\u00e9tiques des diff\u00e9rents services : <img loading=\"lazy\" decoding=\"async\" src=\"https:\/\/sosi.expert\/wp-content\/uploads\/2025\/04\/Youtube_Icon.png\" alt=\"Lien vers une page YouTube\" width=\"25\" height=\"25\" \/> <a title=\"Skecth des Inconnus - Les Langages Herm\u00e9tiques\" href=\"https:\/\/www.youtube.com\/watch?v=XbIaW_ZdJ0g\" target=\"_blank\" rel=\"noopener\" class=\"youtube\">Les Langages Herm\u00e9tiques<\/a>.<\/p>\n<p>Chacun d\u2019entre eux souhaite conserver ses \u00ab secrets de fabrication \u00bb et est donc incapable de faire preuve de p\u00e9dagogie, de vulgarisation ou autre mise \u00e0 niveau.<br \/>\nNous risquons de nous perdre en chemin, mettant gravement en danger notre Sant\u00e9 Mentale.<br \/>\nL\u2019art du pipeautage peut m\u00eame faire l\u2019objet de remises de dipl\u00f4me tout \u00e0 fait officielles.<br \/>\nDe quoi litt\u00e9ralement nous permettre d\u2019envoyer la musique : <img loading=\"lazy\" decoding=\"async\" src=\"https:\/\/sosi.expert\/wp-content\/uploads\/2025\/04\/Youtube_Icon.png\" alt=\"Lien vers une page YouTube\" width=\"25\" height=\"25\" \/> <a title=\"Parodie des Inconnus - Vice et versa\" href=\"https:\/\/www.youtube.com\/watch?v=ZTeqM5gciH8\" target=\"_blank\" rel=\"noopener\" class=\"youtube\">Vice et versa<\/a>.<\/p>\n<p>C\u00f4toyer ce type d\u2019environnement peut s\u2019av\u00e9rer tr\u00e8s rapidement toxique.<br \/>\nPour s\u2019extirper par le haut d\u2019un tel bourbier, nous n\u2019avons pas d\u2019autre choix que de lutter au quotidien pour pr\u00e9server notre int\u00e9grit\u00e9 morale.<br \/>\nBien que d\u00e9but\u00e9e avec de bonnes intentions, nous nous rendons compte, \u00e0 notre corps d\u00e9fendant, des risques d\u2019une liaison si dangereuse : <img loading=\"lazy\" decoding=\"async\" src=\"https:\/\/sosi.expert\/wp-content\/uploads\/2025\/04\/Youtube_Icon.png\" alt=\"Lien vers une page YouTube\" width=\"25\" height=\"25\" \/> <a title=\"Parodie des Inconnus - Les liaisons vachement dangereuses\" href=\"https:\/\/www.youtube.com\/watch?v=l1LWpgk5SgY\" target=\"_blank\" rel=\"noopener\" class=\"youtube\">Les liaisons vachement dangereuses<\/a>.<\/p>\n<p>Fuyons, si nous le pouvons, lorsque nos limites sont atteintes, avant de devenir nous m\u00eame mis\u00e9rables : <img loading=\"lazy\" decoding=\"async\" src=\"https:\/\/sosi.expert\/wp-content\/uploads\/2025\/04\/Youtube_Icon.png\" alt=\"Lien vers une page YouTube\" width=\"25\" height=\"25\" \/> <a title=\"Parodie des Inconnus - Les mis\u00e9ro\u00efdes\" href=\"https:\/\/www.youtube.com\/watch?v=hNaAFNFh9HA\" target=\"_blank\" rel=\"noopener\" class=\"youtube\">Les mis\u00e9ro\u00efdes<\/a>.<\/p>\n<p>Le monde du travail n\u2019est pas que commerce : <img loading=\"lazy\" decoding=\"async\" src=\"https:\/\/sosi.expert\/wp-content\/uploads\/2025\/04\/Youtube_Icon.png\" alt=\"Lien vers une page YouTube\" width=\"25\" height=\"25\" \/> <a title=\"Sketch des Inconnus - Les Commerces\" href=\"https:\/\/www.youtube.com\/watch?v=TpNYDEd5dx8\" target=\"_blank\" rel=\"noopener\" class=\"youtube\">Les Commerces<\/a>.<\/p>\n<p>Ce qui est tol\u00e9rable et peut \u00eatre assez dr\u00f4le pour une simple pile, ne le devrait pas dans d\u2019autres circonstances.<br \/>\nCeci \u00e9crit, parfois, des miracles peuvent se produire : <img loading=\"lazy\" decoding=\"async\" src=\"https:\/\/sosi.expert\/wp-content\/uploads\/2025\/04\/Youtube_Icon.png\" alt=\"Lien vers une page YouTube\" width=\"25\" height=\"25\" \/> <a title=\"Parodie des Inconnus - J\u00e9sus II le retour\" href=\"https:\/\/www.youtube.com\/watch?v=-xSORIDw1Sg\" target=\"_blank\" rel=\"noopener\" class=\"youtube\">Le retour<\/a>.<\/p>\n","protected":false},"excerpt":{"rendered":"<p>Contexte La qu\u00eate d&rsquo;\u00ab une totale libert\u00e9 de pens\u00e9e cosmique vers un nouvel \u00e2ge r\u00e9miniscent \u00bb est-elle n\u00e9cessaire en entreprise ? Article Le monde de l\u2019entreprise peut parfois \u00eatre sujet aux d\u00e9rives sectaires. Le documentaire suivant peut en illustrer le fonctionnement : Reportage sur la secte dirig\u00e9e par Skippy, le grand gourou. Toute initiative que &hellip; <a href=\"https:\/\/sosi.expert\/index.php\/a-propos\/papillon-perdu-en-pensee\/ces-entreprises-vous-sont-elles-inconnus\/\" class=\"more-link\">Continuer la lecture<span class=\"screen-reader-text\"> de &laquo;&nbsp;Ces entreprises vous sont-elles \u00ab Inconnus \u00bb ?&nbsp;&raquo;<\/span><\/a><\/p>\n","protected":false},"author":2,"featured_media":521,"parent":542,"menu_order":2,"comment_status":"closed","ping_status":"closed","template":"","meta":{"_uag_custom_page_level_css":"","_monsterinsights_skip_tracking":false,"_monsterinsights_sitenote_active":false,"_monsterinsights_sitenote_note":"","_monsterinsights_sitenote_category":0,"footnotes":""},"class_list":["post-520","page","type-page","status-publish","has-post-thumbnail","hentry"],"aioseo_notices":[],"uagb_featured_image_src":{"full":["https:\/\/sosi.expert\/wp-content\/uploads\/2025\/06\/Entreprises_Inconnus.png",1400,787,false],"thumbnail":["https:\/\/sosi.expert\/wp-content\/uploads\/2025\/06\/Entreprises_Inconnus-150x150.png",150,150,true],"medium":["https:\/\/sosi.expert\/wp-content\/uploads\/2025\/06\/Entreprises_Inconnus-300x169.png",300,169,true],"medium_large":["https:\/\/sosi.expert\/wp-content\/uploads\/2025\/06\/Entreprises_Inconnus-768x432.png",768,432,true],"large":["https:\/\/sosi.expert\/wp-content\/uploads\/2025\/06\/Entreprises_Inconnus-1024x576.png",840,473,true],"1536x1536":["https:\/\/sosi.expert\/wp-content\/uploads\/2025\/06\/Entreprises_Inconnus.png",1400,787,false],"2048x2048":["https:\/\/sosi.expert\/wp-content\/uploads\/2025\/06\/Entreprises_Inconnus.png",1400,787,false],"post-thumbnail":["https:\/\/sosi.expert\/wp-content\/uploads\/2025\/06\/Entreprises_Inconnus-1200x675.png",1200,675,true]},"uagb_author_info":{"display_name":"Patrick Millan","author_link":"https:\/\/sosi.expert\/index.php\/author\/patrick-millan\/"},"uagb_comment_info":0,"uagb_excerpt":"Contexte La qu\u00eate d&rsquo;\u00ab une totale libert\u00e9 de pens\u00e9e cosmique vers un nouvel \u00e2ge r\u00e9miniscent \u00bb est-elle n\u00e9cessaire en entreprise ? Article Le monde de l\u2019entreprise peut parfois \u00eatre sujet aux d\u00e9rives sectaires. Le documentaire suivant peut en illustrer le fonctionnement : Reportage sur la secte dirig\u00e9e par Skippy, le grand gourou. Toute initiative que\u2026","_links":{"self":[{"href":"https:\/\/sosi.expert\/index.php\/wp-json\/wp\/v2\/pages\/520","targetHints":{"allow":["GET"]}}],"collection":[{"href":"https:\/\/sosi.expert\/index.php\/wp-json\/wp\/v2\/pages"}],"about":[{"href":"https:\/\/sosi.expert\/index.php\/wp-json\/wp\/v2\/types\/page"}],"author":[{"embeddable":true,"href":"https:\/\/sosi.expert\/index.php\/wp-json\/wp\/v2\/users\/2"}],"replies":[{"embeddable":true,"href":"https:\/\/sosi.expert\/index.php\/wp-json\/wp\/v2\/comments?post=520"}],"version-history":[{"count":20,"href":"https:\/\/sosi.expert\/index.php\/wp-json\/wp\/v2\/pages\/520\/revisions"}],"predecessor-version":[{"id":1897,"href":"https:\/\/sosi.expert\/index.php\/wp-json\/wp\/v2\/pages\/520\/revisions\/1897"}],"up":[{"embeddable":true,"href":"https:\/\/sosi.expert\/index.php\/wp-json\/wp\/v2\/pages\/542"}],"wp:featuredmedia":[{"embeddable":true,"href":"https:\/\/sosi.expert\/index.php\/wp-json\/wp\/v2\/media\/521"}],"wp:attachment":[{"href":"https:\/\/sosi.expert\/index.php\/wp-json\/wp\/v2\/media?parent=520"}],"curies":[{"name":"wp","href":"https:\/\/api.w.org\/{rel}","templated":true}]}}