{"id":533,"date":"2025-06-08T14:30:52","date_gmt":"2025-06-08T12:30:52","guid":{"rendered":"https:\/\/sosi.expert\/?page_id=533"},"modified":"2025-12-15T10:30:22","modified_gmt":"2025-12-15T09:30:22","slug":"mentez-nous","status":"publish","type":"page","link":"https:\/\/sosi.expert\/index.php\/a-propos\/papillon-perdu-en-pensee\/mentez-nous\/","title":{"rendered":"Mentez Nous !"},"content":{"rendered":"<p>R\u00e9flexion sur le mensonge, sa signification, son influence.<\/p>\n<p><strong>Contexte<\/strong><\/p>\n<p class=\"p1\"><a title=\"Lien Wikip\u00e9dia - Lie to Me\" href=\"https:\/\/fr.wikipedia.org\/wiki\/Lie_to_Me\" target=\"_blank\" rel=\"noopener\" class=\"wikipedia\">\u00ab Lie to Me \u00bb<\/a> est une s\u00e9rie polici\u00e8re dat\u00e9e de 2009 mettant en sc\u00e8ne une \u00e9quipe de <a title=\"Psychologue\" href=\"https:\/\/fr.wikipedia.org\/wiki\/Psychologue\" target=\"_blank\" rel=\"noopener\" class=\"wikipedia\">psychologues<\/a> experts en d\u00e9tection des mensonges via l\u2019analyse de <a title=\"Micro-expression\" href=\"https:\/\/fr.wikipedia.org\/wiki\/Micro-expression\" target=\"_blank\" rel=\"noopener\" class=\"wikipedia\">micro-expressions<\/a>.<\/p>\n<p class=\"p1\">Elle est surtout le r\u00e9sultat d\u2019un travail de recherches tr\u00e8s avanc\u00e9 effectu\u00e9 conjointement par les sc\u00e9naristes, r\u00e9alisateurs et producteurs, se basant sur des \u00e9tudes scientifiques comportementales et psychologiques tr\u00e8s s\u00e9rieuses.<\/p>\n<p class=\"p1\">Malgr\u00e9 cette approche d\u2019apparence peu divertissante, donc \u00e0 priori peu grand public, elle rencontra un succ\u00e8s confortable.<\/p>\n<p class=\"p1\">Les personnages principaux sont interpr\u00e9t\u00e9s par<\/p>\n<ul>\n<li class=\"p1\"><a title=\"Tim Roth\" href=\"https:\/\/fr.wikipedia.org\/wiki\/Tim_Roth\" target=\"_blank\" rel=\"noopener\" class=\"wikipedia\">Tim Roth<\/a> (Docteur Cal Lightman),<\/li>\n<li class=\"p1\"><a title=\"Kelli Williams\" href=\"https:\/\/fr.wikipedia.org\/wiki\/Kelli_Williams\" target=\"_blank\" rel=\"noopener\" class=\"wikipedia\">Kelli Williams<\/a> (Docteur Gillian Foster),<\/li>\n<li class=\"p1\"><a title=\"Monica Raymund\" href=\"https:\/\/fr.wikipedia.org\/wiki\/Monica_Raymund\" target=\"_blank\" rel=\"noopener\" class=\"wikipedia\">Monica Raymund<\/a> (Ria Torres, ancien agent des douanes),<\/li>\n<li class=\"p1\"><a title=\"Brendan Hines\" href=\"https:\/\/fr.wikipedia.org\/wiki\/Brendan_Hines\" target=\"_blank\" rel=\"noopener\" class=\"wikipedia\">Brendan Hines<\/a> (Eli Loker, sp\u00e9cialis\u00e9 dans le rep\u00e9rage des micro-expressions, l&rsquo;analyse vocale et les ph\u00e9nom\u00e8nes de groupe).<\/li>\n<\/ul>\n<p class=\"p1\">Cet article s\u2019appuie sur cette s\u00e9rie fiction qui a souvent tendance \u00e0 rejoindre une r\u00e9alit\u00e9 trop actuelle.<\/p>\n<p><strong>Article<\/strong><\/p>\n<p class=\"p1\">Par les temps qui courent, o\u00f9 l\u2019individualisme semble prendre progressivement le dessus sur l\u2019int\u00e9r\u00eat collectif, o\u00f9 le \u00ab Je \u00bb cherche \u00e0 s\u2019imposer sur le \u00ab Nous \u00bb, o\u00f9 l\u2019illusion technologique hypnotise les individus s\u2019imaginant pouvoir s\u2019extraire, via ce biais, du marasme ambiant sans avoir recours \u00e0 autrui, le mensonge tente de se g\u00e9n\u00e9raliser.<\/p>\n<p class=\"p1\"><em>Sommes nous donc \u00e0 l\u2019aube d\u2019une d\u00e9-sociabilisation par le mensonge de l\u2019esp\u00e8ce humaine ?<\/em><\/p>\n<p class=\"p1\"><strong>L\u2019\u00eatre humain reste un animal<\/strong>, un animal vivant en soci\u00e9t\u00e9, donc sociable, fruit de plusieurs mill\u00e9naires d\u2019\u00e9volution, ayant construit son identit\u00e9 g\u00e9n\u00e9tique et comportementale au prix de nombreuses s\u00e9lections naturelles en relation \u00e9troite avec son environnement.<\/p>\n<p class=\"p1\">Nous avons donc s\u00e9lectionn\u00e9 naturellement des traits de caract\u00e8res favorisant ces <strong>relations sociales<\/strong>.<\/p>\n<p class=\"p1\">Ces particularit\u00e9s se concentrent au niveau c\u00e9r\u00e9bral avec des liens tr\u00e8s \u00e9troits et un impact sur notre gestuel, nos expressions et micro-expressions, faciales ou non, la dilatation de notre iris, notre rythme cardiaque \u2026 le tout \u00e9tant intimement li\u00e9 par le simple fait que nous sommes capables de ressentir des \u00e9motions, contrairement aux machines, et notamment la tr\u00e8s surfaite \u00ab Intelligence Artificielle \u00bb.<\/p>\n<p class=\"p1\">Nous parlerons, pour l\u2019occasion, d\u2019<a title=\"Intelligence \u00e9motionnelle\" href=\"https:\/\/fr.wikipedia.org\/wiki\/Intelligence_%C3%A9motionnelle\" target=\"_blank\" rel=\"noopener\" class=\"wikipedia\"><strong>Intelligence \u00c9motionnelle<\/strong><\/a>.<\/p>\n<p class=\"p1\"><strong>Malgr\u00e9 tout, qui dit s\u00e9lection, dit concurrence et lutte pour notre survie et notre reproduction.<\/strong><\/p>\n<p class=\"p1\">Nos anc\u00eatres n\u2019avaient tr\u00e8s probablement pas les m\u00eames caract\u00e9ristiques que nous.<\/p>\n<p class=\"p1\">En effet, <a title=\"\u00c9volution (biologie)\" href=\"https:\/\/fr.wikipedia.org\/wiki\/%C3%89volution_(biologie)\" target=\"_blank\" rel=\"noopener\" class=\"wikipedia\">l\u2019\u00e9volution<\/a> au sens <a title=\"Charles Darwin\" href=\"https:\/\/fr.wikipedia.org\/wiki\/Charles_Darwin\" target=\"_blank\" rel=\"noopener\" class=\"wikipedia\">darwinien<\/a> du terme, contrairement aux id\u00e9es re\u00e7ues, n\u2019a aucun lien avec le progr\u00e8s.<\/p>\n<p class=\"p1\">Elle correspond aussi bien \u00e0 une <strong>simplification<\/strong> qu\u2019\u00e0 une <strong>complexification<\/strong>, se succ\u00e9dant ainsi au fil du temps.<\/p>\n<p class=\"p1\">Notre environnement \u00e9tant tr\u00e8s al\u00e9atoire, <strong>la stagnation est rarissime<\/strong>.<\/p>\n<p class=\"p1\"><strong>Mentir est un \u00ab art \u00bb pratiqu\u00e9 depuis la nuit des temps.<\/strong><\/p>\n<p class=\"p1\">Parfois utile, il reste cependant l\u2019arme privil\u00e9gi\u00e9e des manipulateurs et manipulatrices les plus pervers et perverses.<\/p>\n<p class=\"p1\">Il peut \u00eatre, certes, un r\u00e9flexe, m\u00e9canisme de d\u00e9fense important, nous permettant de pr\u00e9server notre int\u00e9grit\u00e9 morale face \u00e0 des agressions externes.<\/p>\n<p class=\"p1\">Mais pouss\u00e9 \u00e0 l\u2019extr\u00eame, il divise, d\u00e9truit, oppresse, s\u00e8me le doute et le chaos en faveur des peu scrupuleux sp\u00e9cialistes en la mati\u00e8re, et toujours au d\u00e9triment du plus grand nombre.<\/p>\n<p class=\"p1\">Tout coupable est une ancienne victime qui aura tendance \u00e0 faire payer aux autres les cons\u00e9quences de ses souffrances pass\u00e9es.<\/p>\n<p class=\"p1\">Ces individus sont bien la conjonction de carences g\u00e9n\u00e9tiques non combl\u00e9es par un environnement d\u00e9faillant.<\/p>\n<p class=\"p1\">Tr\u00e8s souvent ce dernier est familial, particuli\u00e8rement dysfonctionnel, le syst\u00e8me \u00e9ducatif et les alertes soci\u00e9tales n\u2019ayant pu identifier \u00e0 temps les risques afin de les corriger.<\/p>\n<p class=\"p1\"><a title=\"Omert\u00e0\" href=\"https:\/\/fr.wikipedia.org\/wiki\/Omert%C3%A0\" target=\"_blank\" rel=\"noopener\" class=\"wikipedia\"><strong>La loi du silence<\/strong><\/a> est \u00e9galement responsable de cette situation via nos tabous culturels.<\/p>\n<p class=\"p1\"><strong>Ne soyons pas d\u00e9faitistes.<\/strong><\/p>\n<p class=\"p1\">L\u2019avantage que nous avons par rapport \u00e0 ces individus particuli\u00e8rement dangereux, est qu\u2019ils sont incapables de maintenir durablement une coh\u00e9sion de groupe, se contentant d\u2019organiser temporairement des bandes qui finissent toujours par \u00e9clater au grand jour en cas de difficult\u00e9s.<\/p>\n<p class=\"p1\">Surtout, <strong>il n\u2019existe pas de fatalit\u00e9<\/strong>.<\/p>\n<p class=\"p1\"><strong>La perte d\u2019<a title=\"Empathie\" href=\"https:\/\/fr.wikipedia.org\/wiki\/Empathie\" target=\"_blank\" rel=\"noopener\" class=\"wikipedia\">empathie<\/a><\/strong>, car c\u2019est bien \u00e0 elle que nous faisons allusion dans cet article, <strong>n\u2019est majoritairement pas r\u00e9dhibitoire<\/strong>.<\/p>\n<p class=\"p1\">Elle n\u00e9cessite un temps de r\u00e9\u00e9ducation plus ou moins important selon le degr\u00e9 d\u2019 \u00ab intoxication \u00bb.<\/p>\n<p class=\"p1\">Il existe \u00e9galement <a title=\"Bienvenue chez les Psys !\" href=\"https:\/\/sosi.expert\/index.php\/2025\/12\/03\/bienvenue-chez-les-psys\/\" target=\"_blank\" rel=\"noopener\" class=\"sosi\">des personnes ayant c\u00f4toy\u00e9 plus que n\u00e9cessaire<\/a>, tout au long de leur vie, ces environnements d\u00e9l\u00e9t\u00e8res et qui ont toujours refus\u00e9 de s\u2019y plier.<\/p>\n<p class=\"p1\">Par leurs actions justes, ils permettent de rompre ce cercle vicieux, ce cercle du diable (selon l\u2019expression allemande particuli\u00e8rement appropri\u00e9e \u00ab Teufelskreis \u00bb).<\/p>\n<p class=\"p1\">Leur long apprentissage leur permet de d\u00e9velopper des capacit\u00e9s \u00e0 percevoir ce qui ne va pas chez l\u2019autre, et de ne plus en faire un enfer.<\/p>\n<p class=\"p1\"><strong>Mentez Nous !<\/strong><\/p>\n","protected":false},"excerpt":{"rendered":"<p>R\u00e9flexion sur le mensonge, sa signification, son influence. Contexte \u00ab Lie to Me \u00bb est une s\u00e9rie polici\u00e8re dat\u00e9e de 2009 mettant en sc\u00e8ne une \u00e9quipe de psychologues experts en d\u00e9tection des mensonges via l\u2019analyse de micro-expressions. Elle est surtout le r\u00e9sultat d\u2019un travail de recherches tr\u00e8s avanc\u00e9 effectu\u00e9 conjointement par les sc\u00e9naristes, r\u00e9alisateurs et &hellip; <a href=\"https:\/\/sosi.expert\/index.php\/a-propos\/papillon-perdu-en-pensee\/mentez-nous\/\" class=\"more-link\">Continuer la lecture<span class=\"screen-reader-text\"> de &laquo;&nbsp;Mentez Nous !&nbsp;&raquo;<\/span><\/a><\/p>\n","protected":false},"author":2,"featured_media":534,"parent":542,"menu_order":9,"comment_status":"closed","ping_status":"closed","template":"","meta":{"_uag_custom_page_level_css":"","_monsterinsights_skip_tracking":false,"_monsterinsights_sitenote_active":false,"_monsterinsights_sitenote_note":"","_monsterinsights_sitenote_category":0,"footnotes":""},"class_list":["post-533","page","type-page","status-publish","has-post-thumbnail","hentry"],"aioseo_notices":[],"uagb_featured_image_src":{"full":["https:\/\/sosi.expert\/wp-content\/uploads\/2025\/06\/Mentez-Nous.png",1920,1080,false],"thumbnail":["https:\/\/sosi.expert\/wp-content\/uploads\/2025\/06\/Mentez-Nous-150x150.png",150,150,true],"medium":["https:\/\/sosi.expert\/wp-content\/uploads\/2025\/06\/Mentez-Nous-300x169.png",300,169,true],"medium_large":["https:\/\/sosi.expert\/wp-content\/uploads\/2025\/06\/Mentez-Nous-768x432.png",768,432,true],"large":["https:\/\/sosi.expert\/wp-content\/uploads\/2025\/06\/Mentez-Nous-1024x576.png",840,473,true],"1536x1536":["https:\/\/sosi.expert\/wp-content\/uploads\/2025\/06\/Mentez-Nous-1536x864.png",1536,864,true],"2048x2048":["https:\/\/sosi.expert\/wp-content\/uploads\/2025\/06\/Mentez-Nous.png",1920,1080,false],"post-thumbnail":["https:\/\/sosi.expert\/wp-content\/uploads\/2025\/06\/Mentez-Nous-1200x675.png",1200,675,true]},"uagb_author_info":{"display_name":"Patrick Millan","author_link":"https:\/\/sosi.expert\/index.php\/author\/patrick-millan\/"},"uagb_comment_info":0,"uagb_excerpt":"R\u00e9flexion sur le mensonge, sa signification, son influence. Contexte \u00ab Lie to Me \u00bb est une s\u00e9rie polici\u00e8re dat\u00e9e de 2009 mettant en sc\u00e8ne une \u00e9quipe de psychologues experts en d\u00e9tection des mensonges via l\u2019analyse de micro-expressions. Elle est surtout le r\u00e9sultat d\u2019un travail de recherches tr\u00e8s avanc\u00e9 effectu\u00e9 conjointement par les sc\u00e9naristes, r\u00e9alisateurs et\u2026","_links":{"self":[{"href":"https:\/\/sosi.expert\/index.php\/wp-json\/wp\/v2\/pages\/533","targetHints":{"allow":["GET"]}}],"collection":[{"href":"https:\/\/sosi.expert\/index.php\/wp-json\/wp\/v2\/pages"}],"about":[{"href":"https:\/\/sosi.expert\/index.php\/wp-json\/wp\/v2\/types\/page"}],"author":[{"embeddable":true,"href":"https:\/\/sosi.expert\/index.php\/wp-json\/wp\/v2\/users\/2"}],"replies":[{"embeddable":true,"href":"https:\/\/sosi.expert\/index.php\/wp-json\/wp\/v2\/comments?post=533"}],"version-history":[{"count":8,"href":"https:\/\/sosi.expert\/index.php\/wp-json\/wp\/v2\/pages\/533\/revisions"}],"predecessor-version":[{"id":1259,"href":"https:\/\/sosi.expert\/index.php\/wp-json\/wp\/v2\/pages\/533\/revisions\/1259"}],"up":[{"embeddable":true,"href":"https:\/\/sosi.expert\/index.php\/wp-json\/wp\/v2\/pages\/542"}],"wp:featuredmedia":[{"embeddable":true,"href":"https:\/\/sosi.expert\/index.php\/wp-json\/wp\/v2\/media\/534"}],"wp:attachment":[{"href":"https:\/\/sosi.expert\/index.php\/wp-json\/wp\/v2\/media?parent=533"}],"curies":[{"name":"wp","href":"https:\/\/api.w.org\/{rel}","templated":true}]}}