{"id":711,"date":"2025-08-15T19:50:20","date_gmt":"2025-08-15T17:50:20","guid":{"rendered":"https:\/\/sosi.expert\/?page_id=711"},"modified":"2026-01-28T12:26:32","modified_gmt":"2026-01-28T11:26:32","slug":"joue-la-comme-olivier-de-benoist","status":"publish","type":"page","link":"https:\/\/sosi.expert\/index.php\/a-propos\/papillon-perdu-en-pensee\/joue-la-comme-olivier-de-benoist\/","title":{"rendered":"Joue-la comme Olivier de Benoist"},"content":{"rendered":"<p class=\"p1\">Bonsoir !<\/p>\n<p class=\"p1\">bonsoir \u2026 pfff &#8230;<\/p>\n<p class=\"p1\">L\u2019autre jour !, notre directeur s\u2019est joint \u00e0 notre groupe de travail.<\/p>\n<p class=\"p1\">Il voulait que nous soyons plus innovants.<br \/>\nIl nous a dit que c\u2019\u00e9tait pour mieux p\u00e9n\u00e9trer le march\u00e9, y \u00eatre au top et qu\u2019on co-construisait l\u2019avenir.<\/p>\n<p class=\"p1\">Nous devions avancer, mais il appr\u00e9hendait sa propre progression \u00e0 reculons.<br \/>\nNous n\u2019avons pas tr\u00e8s bien compris dans quel sens il pr\u00e9sentait sa d\u00e9marche.<br \/>\nIl ne semblait pas tr\u00e8s couvert pour d\u00e9bloquer ou r\u00e9cup\u00e9rer des fonds.<br \/>\nL\u2019ambiance devait pourtant \u00eatre ludique, cela allait de soi, car il s\u2019exclama que l\u2019on devait s\u2019amuser en y meuglant.<\/p>\n<p class=\"p1\">Il a r\u00e9p\u00e9t\u00e9 que, dans notre secteur d\u2019activit\u00e9, plus nous sommes patients, moins nous avons de clients.<br \/>\nNous devions sans rel\u00e2che nous prendre fermement en main pour mieux toucher notre c\u0153ur de cibles.<br \/>\nIl nous distribua des guides pratiques \u00e0 lire, voire \u00e0 appliquer, ainsi que des plans d\u00e9taillants des itin\u00e9raires id\u00e9aux \u00e0 suivre, pour que nous n\u2019ayons pas trop \u00e0 battre le pav\u00e9 durant nos d\u00e9placements commerciaux.<\/p>\n<p class=\"p1\">L\u2019un d\u2019entre nous, de joie, s\u2019est imm\u00e9diatement exprim\u00e9.<br \/>\nIl \u00e9tait pr\u00eat \u00e0 mettre rapidement le paquet et \u00e0 envoyer du lourd, sans m\u00eame conna\u00eetre le fond des sujets \u00e0 traiter.<br \/>\nIl s\u2019est dress\u00e9 vent debout de mani\u00e8re trop pr\u00e9coce, si bien que les fruits de ses r\u00e9flexions trop simplistes lui sont revenus \u00e0 la figure.<br \/>\nIl redevint rapidement muet apr\u00e8s que sa bouche eut abrit\u00e9 de si grosses \u00e9normit\u00e9s.<\/p>\n<p class=\"p1\">Notre directeur insistait sur nos dates d&rsquo;engagements, afin de remplir au plus vite les agendas pr\u00e9visionnels.<br \/>\nIl voulait pouvoir faire des passes de fa\u00e7on r\u00e9p\u00e9t\u00e9e sur ceux-ci, les affichant sur le tableau collectif en ligne, sans avoir \u00e0 nous consulter un par un.<br \/>\nLes horaires des prises de rendez-vous devaient s\u2019enchainer sans rel\u00e2che, \u00eatre pr\u00e9cis, minut\u00e9s pour garantir un haut rendement.<\/p>\n<p class=\"p1\">Il ventait les bienfaits de l\u2019\u00e9conomie circulaire, insistant afin de nous voir pr\u00e9senter nos projets bout \u00e0 bout, chacun tournant en passant du temps avec l\u2019un, l\u2019une ou l\u2019autre.<\/p>\n<p class=\"p1\">Sans arr\u00eat, <a title=\"Que fait \u00ab Malotru \u00bb dans son bureau ?\" href=\"https:\/\/sosi.expert\/index.php\/a-propos\/le-papillon-perdu-dans-ses-pensees\/que-fait-malotru-dans-son-bureau\/\" target=\"_blank\" rel=\"noopener\" class=\"sosi\">il nous observait de loin<\/a>.<br \/>\nIl n\u2019h\u00e9sitait pas \u00e0 se servir de nos esquisses comme documents \u00e0 pr\u00e9senter \u00e0 ses fournisseurs, ces derni\u00e8res \u00e9tant enregistr\u00e9es et archiv\u00e9es sur le serveur de partage.<br \/>\nNous l\u2019apprenions toujours par la suite, si bien que nous ne pouvions plus y faire nos ajustements, les erreurs et loup\u00e9s \u00e9ventuels apparaissant au grand jour.<\/p>\n<p class=\"p1\">Nous \u00e9tions frustr\u00e9s.<br \/>\nNous ne pouvions pas pleinement b\u00e9n\u00e9ficier de la jouissance de l\u2019application pratique de nos travaux.<\/p>\n<p class=\"p1\">Au final, son PC se fit pirater, faute d\u2019avoir veill\u00e9 \u00e0 mettre \u00e0 jour son anti-virus.<br \/>\nIl perdit tout, y compris sa cr\u00e9dibilit\u00e9, malgr\u00e9 une tentative malencontreuse, et \u00e0 l\u2019arrache, de r\u00e9cup\u00e9ration des donn\u00e9es.<br \/>\nIl contamina pour l&rsquo;occasion une partie de l\u2019entreprise.<\/p>\n<p class=\"p1\">Pour ne pas perdre la face, il justifia ses strat\u00e9gies marketing et management en jurant que <a title=\"Mentez Nous !\" href=\"https:\/\/sosi.expert\/index.php\/a-propos\/le-papillon-perdu-dans-ses-pensees\/mentez-nous\/\" target=\"_blank\" rel=\"noopener\" class=\"sosi\">\u00ab Plus c\u2019est gros, mieux \u00e7a passe ! \u00bb<\/a>.<br \/>\nIl avoua, un peu tard, qu\u2019il aurait mieux fait de prendre un Mac.<\/p>\n<p class=\"p2\">\ud83d\ude4f\ud83c\udffd \u00e0 <img loading=\"lazy\" decoding=\"async\" src=\"https:\/\/sosi.expert\/wp-content\/uploads\/2025\/04\/Youtube_Icon.png\" alt=\"Lien vers une page YouTube\" width=\"25\" height=\"25\" \/> <a class=\"youtube\" title=\"On n'demande qu'\u00e0 en rire\" href=\"https:\/\/www.youtube.com\/watch?v=J-ePAphbtJo\" target=\"_blank\" rel=\"noopener\" class=\"youtube\">\u00ab On n&rsquo;demande qu&rsquo;\u00e0 en rire \u00bb<\/a> et particuli\u00e8rement \u00e0 <a title=\"Arnaud Tsamere\" href=\"https:\/\/fr.wikipedia.org\/wiki\/Arnaud_Tsamere\" target=\"_blank\" rel=\"noopener\" class=\"wikipedia\">Arnaud Tsamere<\/a> et <a title=\"Olivier de Benoist\" href=\"https:\/\/fr.wikipedia.org\/wiki\/Olivier_de_Benoist\" target=\"_blank\" rel=\"noopener\" class=\"wikipedia\">Olivier de Benoist<\/a> pour leurs inspirations.<\/p>\n","protected":false},"excerpt":{"rendered":"<p>Bonsoir ! bonsoir \u2026 pfff &#8230; L\u2019autre jour !, notre directeur s\u2019est joint \u00e0 notre groupe de travail. Il voulait que nous soyons plus innovants. Il nous a dit que c\u2019\u00e9tait pour mieux p\u00e9n\u00e9trer le march\u00e9, y \u00eatre au top et qu\u2019on co-construisait l\u2019avenir. Nous devions avancer, mais il appr\u00e9hendait sa propre progression \u00e0 reculons. &hellip; <a href=\"https:\/\/sosi.expert\/index.php\/a-propos\/papillon-perdu-en-pensee\/joue-la-comme-olivier-de-benoist\/\" class=\"more-link\">Continuer la lecture<span class=\"screen-reader-text\"> de &laquo;&nbsp;Joue-la comme Olivier de Benoist&nbsp;&raquo;<\/span><\/a><\/p>\n","protected":false},"author":2,"featured_media":742,"parent":542,"menu_order":3,"comment_status":"closed","ping_status":"closed","template":"","meta":{"_uag_custom_page_level_css":"","_monsterinsights_skip_tracking":false,"_monsterinsights_sitenote_active":false,"_monsterinsights_sitenote_note":"","_monsterinsights_sitenote_category":0,"footnotes":""},"class_list":["post-711","page","type-page","status-publish","has-post-thumbnail","hentry"],"aioseo_notices":[],"uagb_featured_image_src":{"full":["https:\/\/sosi.expert\/wp-content\/uploads\/2025\/08\/ODB.png",1920,1079,false],"thumbnail":["https:\/\/sosi.expert\/wp-content\/uploads\/2025\/08\/ODB-150x150.png",150,150,true],"medium":["https:\/\/sosi.expert\/wp-content\/uploads\/2025\/08\/ODB-300x169.png",300,169,true],"medium_large":["https:\/\/sosi.expert\/wp-content\/uploads\/2025\/08\/ODB-768x432.png",768,432,true],"large":["https:\/\/sosi.expert\/wp-content\/uploads\/2025\/08\/ODB-1024x575.png",840,472,true],"1536x1536":["https:\/\/sosi.expert\/wp-content\/uploads\/2025\/08\/ODB-1536x863.png",1536,863,true],"2048x2048":["https:\/\/sosi.expert\/wp-content\/uploads\/2025\/08\/ODB.png",1920,1079,false],"post-thumbnail":["https:\/\/sosi.expert\/wp-content\/uploads\/2025\/08\/ODB-1200x674.png",1200,674,true]},"uagb_author_info":{"display_name":"Patrick Millan","author_link":"https:\/\/sosi.expert\/index.php\/author\/patrick-millan\/"},"uagb_comment_info":0,"uagb_excerpt":"Bonsoir ! bonsoir \u2026 pfff &#8230; L\u2019autre jour !, notre directeur s\u2019est joint \u00e0 notre groupe de travail. Il voulait que nous soyons plus innovants. Il nous a dit que c\u2019\u00e9tait pour mieux p\u00e9n\u00e9trer le march\u00e9, y \u00eatre au top et qu\u2019on co-construisait l\u2019avenir. Nous devions avancer, mais il appr\u00e9hendait sa propre progression \u00e0 reculons.\u2026","_links":{"self":[{"href":"https:\/\/sosi.expert\/index.php\/wp-json\/wp\/v2\/pages\/711","targetHints":{"allow":["GET"]}}],"collection":[{"href":"https:\/\/sosi.expert\/index.php\/wp-json\/wp\/v2\/pages"}],"about":[{"href":"https:\/\/sosi.expert\/index.php\/wp-json\/wp\/v2\/types\/page"}],"author":[{"embeddable":true,"href":"https:\/\/sosi.expert\/index.php\/wp-json\/wp\/v2\/users\/2"}],"replies":[{"embeddable":true,"href":"https:\/\/sosi.expert\/index.php\/wp-json\/wp\/v2\/comments?post=711"}],"version-history":[{"count":10,"href":"https:\/\/sosi.expert\/index.php\/wp-json\/wp\/v2\/pages\/711\/revisions"}],"predecessor-version":[{"id":1856,"href":"https:\/\/sosi.expert\/index.php\/wp-json\/wp\/v2\/pages\/711\/revisions\/1856"}],"up":[{"embeddable":true,"href":"https:\/\/sosi.expert\/index.php\/wp-json\/wp\/v2\/pages\/542"}],"wp:featuredmedia":[{"embeddable":true,"href":"https:\/\/sosi.expert\/index.php\/wp-json\/wp\/v2\/media\/742"}],"wp:attachment":[{"href":"https:\/\/sosi.expert\/index.php\/wp-json\/wp\/v2\/media?parent=711"}],"curies":[{"name":"wp","href":"https:\/\/api.w.org\/{rel}","templated":true}]}}