{"id":714,"date":"2025-05-16T12:00:02","date_gmt":"2025-05-16T10:00:02","guid":{"rendered":"https:\/\/sosi.expert\/?page_id=714"},"modified":"2026-01-28T12:26:48","modified_gmt":"2026-01-28T11:26:48","slug":"la-parade-des-canards-quon-frit","status":"publish","type":"page","link":"https:\/\/sosi.expert\/index.php\/a-propos\/papillon-perdu-en-pensee\/la-parade-des-canards-quon-frit\/","title":{"rendered":"La parade des canards qu\u2019on frit"},"content":{"rendered":"<p class=\"p1\">Alors qu\u2019en coulisses<br \/>\n<a title=\"Le Syndrome du Titanic\" href=\"https:\/\/sosi.expert\/index.php\/2025\/12\/03\/le-syndrome-du-titanic\/\" target=\"_blank\" rel=\"noopener\" class=\"sosi\">monte la temp\u00e9rature<\/a>,<br \/>\nles volatiles volailles avec malice,<br \/>\ntentent fi\u00e8re allure.<\/p>\n<p class=\"p1\">S\u2019affichant sur la Croisette,<br \/>\ndu haut de l\u2019estrade aux marches in\u00e9gales,<br \/>\ntelle une starlette,<br \/>\nl\u2019entreprise cane durant son festival.<\/p>\n<p class=\"p1\">Paradant sur le tapis rouge d\u00e9roul\u00e9,<br \/>\narborant leur sourire de carnaval,<br \/>\nles convives r\u00e9quisitionn\u00e9s<br \/>\n\u00e0 l\u2019occasion de ce man\u00e8ge bancal,<br \/>\nveillent sciemment \u00e0 masquer<br \/>\nleurs illusions d\u00e9senchant\u00e9es.<\/p>\n<p class=\"p1\">Autant de tours de passe-passe,<br \/>\nen tentant de sauver la face,<br \/>\nbien que tout ceci n\u2019agira plus jamais,<br \/>\nen regard de l\u2019actualit\u00e9 des m\u00e9faits.<\/p>\n<p class=\"p1\">Tant de belles paroles trop peu souvent tenues<br \/>\net par des traces \u00e9crites r\u00e9ellement entretenues,<br \/>\nont trahi leur impuissance,<br \/>\ncons\u00e9quence de leurs incomp\u00e9tences,<br \/>\njusqu\u2019alors vilement masqu\u00e9es<br \/>\net sous silence pass\u00e9es.<\/p>\n<p class=\"p1\">Les victimes sont prises pour idiotes,<br \/>\nillettr\u00e9es, incultes ou t\u00eates de linotte,<br \/>\nalors que dans les faits,<br \/>\nbien leur en sied,<br \/>\nces derni\u00e8res cultivaient \u00e0 raison,<br \/>\nleurs doutes sans concession.<\/p>\n<p class=\"p1\">Les fruits r\u00e9colt\u00e9s durant la belle saison,<br \/>\nsucrera alors ces subtiles papilles,<br \/>\nrepues de ce nectar de passions,<br \/>\ntelles des abeilles qui fr\u00e9tillent.<\/p>\n<p class=\"p1\">Les plus courageuses papillonneront<br \/>\nautour de pots de miel \u00e0 foison,<br \/>\nfestin de la note sal\u00e9e,<br \/>\ndue par ces malandrins,<br \/>\njouant aux plus malins,<br \/>\nmais malotrus mal fam\u00e9s.<\/p>\n<p class=\"p1\">Pr\u00e9tendre \u00e0 un environnement s\u00e9cure<br \/>\nne peut \u00eatre revendiqu\u00e9,<br \/>\nsi berner autrui est dans la culture<br \/>\nde cette incoh\u00e9rente ignominie,<br \/>\nincapable d\u2019\u00e9voluer,<br \/>\nmaintenant \u00e0 grands frais,<br \/>\ntoutes ces grotesques manies.<\/p>\n<p class=\"p1\">Le scandale \u00e9clatera d\u2019autant plus vite,<br \/>\nque ces individus aux pratiques douteuses<br \/>\nadeptes des arrangements \u00e0 la va-vite,<br \/>\ncontinueront ces parades couteuses.<\/p>\n<p class=\"p1\">Au m\u00eame moment, comme des mouches,<br \/>\nse ramassent malades \u00e0 la louche,<br \/>\nces derniers ayant trop ouvert leur bouche,<br \/>\nsubissant intoxication alimentaire,<br \/>\nlib\u00e9rant d\u2019effroyables odeurs,<br \/>\nSans aucune pudeur,<br \/>\nfautes \u00e0 leurs faibles sphincters<br \/>\n\u00e0 cette occasion fortement irrit\u00e9s,<br \/>\net r\u00e9v\u00e9lant <a title=\"Mentez Nous !\" href=\"https:\/\/sosi.expert\/index.php\/a-propos\/le-papillon-perdu-dans-ses-pensees\/mentez-nous\/\" target=\"_blank\" rel=\"noopener\" class=\"sosi\">l\u2019effroyable v\u00e9rit\u00e9<\/a>.<\/p>\n","protected":false},"excerpt":{"rendered":"<p>Alors qu\u2019en coulisses monte la temp\u00e9rature, les volatiles volailles avec malice, tentent fi\u00e8re allure. S\u2019affichant sur la Croisette, du haut de l\u2019estrade aux marches in\u00e9gales, telle une starlette, l\u2019entreprise cane durant son festival. Paradant sur le tapis rouge d\u00e9roul\u00e9, arborant leur sourire de carnaval, les convives r\u00e9quisitionn\u00e9s \u00e0 l\u2019occasion de ce man\u00e8ge bancal, veillent sciemment &hellip; <a href=\"https:\/\/sosi.expert\/index.php\/a-propos\/papillon-perdu-en-pensee\/la-parade-des-canards-quon-frit\/\" class=\"more-link\">Continuer la lecture<span class=\"screen-reader-text\"> de &laquo;&nbsp;La parade des canards qu\u2019on frit&nbsp;&raquo;<\/span><\/a><\/p>\n","protected":false},"author":2,"featured_media":715,"parent":542,"menu_order":5,"comment_status":"closed","ping_status":"closed","template":"","meta":{"_uag_custom_page_level_css":"","_monsterinsights_skip_tracking":false,"_monsterinsights_sitenote_active":false,"_monsterinsights_sitenote_note":"","_monsterinsights_sitenote_category":0,"footnotes":""},"class_list":["post-714","page","type-page","status-publish","has-post-thumbnail","hentry"],"aioseo_notices":[],"uagb_featured_image_src":{"full":["https:\/\/sosi.expert\/wp-content\/uploads\/2025\/08\/Coin-coin.png",1920,1079,false],"thumbnail":["https:\/\/sosi.expert\/wp-content\/uploads\/2025\/08\/Coin-coin-150x150.png",150,150,true],"medium":["https:\/\/sosi.expert\/wp-content\/uploads\/2025\/08\/Coin-coin-300x169.png",300,169,true],"medium_large":["https:\/\/sosi.expert\/wp-content\/uploads\/2025\/08\/Coin-coin-768x432.png",768,432,true],"large":["https:\/\/sosi.expert\/wp-content\/uploads\/2025\/08\/Coin-coin-1024x575.png",840,472,true],"1536x1536":["https:\/\/sosi.expert\/wp-content\/uploads\/2025\/08\/Coin-coin-1536x863.png",1536,863,true],"2048x2048":["https:\/\/sosi.expert\/wp-content\/uploads\/2025\/08\/Coin-coin.png",1920,1079,false],"post-thumbnail":["https:\/\/sosi.expert\/wp-content\/uploads\/2025\/08\/Coin-coin-1200x674.png",1200,674,true]},"uagb_author_info":{"display_name":"Patrick Millan","author_link":"https:\/\/sosi.expert\/index.php\/author\/patrick-millan\/"},"uagb_comment_info":0,"uagb_excerpt":"Alors qu\u2019en coulisses monte la temp\u00e9rature, les volatiles volailles avec malice, tentent fi\u00e8re allure. S\u2019affichant sur la Croisette, du haut de l\u2019estrade aux marches in\u00e9gales, telle une starlette, l\u2019entreprise cane durant son festival. Paradant sur le tapis rouge d\u00e9roul\u00e9, arborant leur sourire de carnaval, les convives r\u00e9quisitionn\u00e9s \u00e0 l\u2019occasion de ce man\u00e8ge bancal, veillent sciemment\u2026","_links":{"self":[{"href":"https:\/\/sosi.expert\/index.php\/wp-json\/wp\/v2\/pages\/714","targetHints":{"allow":["GET"]}}],"collection":[{"href":"https:\/\/sosi.expert\/index.php\/wp-json\/wp\/v2\/pages"}],"about":[{"href":"https:\/\/sosi.expert\/index.php\/wp-json\/wp\/v2\/types\/page"}],"author":[{"embeddable":true,"href":"https:\/\/sosi.expert\/index.php\/wp-json\/wp\/v2\/users\/2"}],"replies":[{"embeddable":true,"href":"https:\/\/sosi.expert\/index.php\/wp-json\/wp\/v2\/comments?post=714"}],"version-history":[{"count":4,"href":"https:\/\/sosi.expert\/index.php\/wp-json\/wp\/v2\/pages\/714\/revisions"}],"predecessor-version":[{"id":1857,"href":"https:\/\/sosi.expert\/index.php\/wp-json\/wp\/v2\/pages\/714\/revisions\/1857"}],"up":[{"embeddable":true,"href":"https:\/\/sosi.expert\/index.php\/wp-json\/wp\/v2\/pages\/542"}],"wp:featuredmedia":[{"embeddable":true,"href":"https:\/\/sosi.expert\/index.php\/wp-json\/wp\/v2\/media\/715"}],"wp:attachment":[{"href":"https:\/\/sosi.expert\/index.php\/wp-json\/wp\/v2\/media?parent=714"}],"curies":[{"name":"wp","href":"https:\/\/api.w.org\/{rel}","templated":true}]}}