{"id":746,"date":"2025-09-04T11:28:10","date_gmt":"2025-09-04T09:28:10","guid":{"rendered":"https:\/\/sosi.expert\/?page_id=746"},"modified":"2026-01-28T14:21:16","modified_gmt":"2026-01-28T13:21:16","slug":"urbanisation-interoperabilite","status":"publish","type":"page","link":"https:\/\/sosi.expert\/index.php\/a-propos\/supports-pedagogiques\/urbanisation-interoperabilite\/","title":{"rendered":"Urbanisation &#038; Interop\u00e9rabilit\u00e9"},"content":{"rendered":"<div style=\"text-align:center;\">\n<figure class=\"wp-block-image is-style-rounded\">\n<img loading=\"lazy\" decoding=\"async\" src=\"https:\/\/sosi.expert\/wp-content\/uploads\/2025\/09\/Colchique-scaled.jpeg\" alt=\"Colchique\"  width=\"320\" height=\"240\" \/><figcaption style=\"text-align:center;\"><a href=\"https:\/\/sosi.expert\/wp-content\/uploads\/2025\/09\/Colchique-scaled.jpeg\" target=\"_blank\" class=\"sosi\">Colchique (Colchicum) &#8211; Septembre 2025<\/a><\/figcaption><\/figure>\n<\/div>\n<ul>\n<li><strong><span aria-hidden=\"true\">L&rsquo;Urbanisation &amp; l&rsquo;Interop\u00e9rabilit\u00e9 expliqu\u00e9es simplement<\/span><\/strong><\/li>\n<\/ul>\n<p><em><span class=\"t-14 t-normal\"><span aria-hidden=\"true\">&#8211; Pr\u00e9sentation r\u00e9alis\u00e9e en partenariat avec les instances r\u00e9gulatrices<br \/><strong>Auteur :<\/strong> Patrick Millan<br \/>31 ao\u00fbt 2025<\/span><\/span><\/em><\/p>\n<p><strong>&#8211; R\u00e9sum\u00e9 :<\/strong><\/p>\n<p>L&rsquo;Urbanisation et l\u2019Interop\u00e9rabilit\u00e9 sont deux concepts d&rsquo;architecture logicielle li\u00e9s dont les principes sont d&rsquo;apparences complexes pour les non-initi\u00e9s.<br \/>\n<br \/>\nCependant leurs barri\u00e8res s\u00e9mantiques se doivent d&rsquo;\u00eatre franchies pour permettre une meilleure compr\u00e9hension des contraintes m\u00e9tiers li\u00e9es aux domaines de la Sant\u00e9, ainsi qu&rsquo;une meilleure prise en compte par des professionnels Terrain impliqu\u00e9s dans l&rsquo;am\u00e9lioration de l&rsquo;efficacit\u00e9 de la prise en charge des patients et usagers.<\/p>\n<p><strong>&#8211; Mots-cl\u00e9s :<\/strong> Urbanisation, Interop\u00e9rabilit\u00e9, Urbanisme, Analogie urbaine, S\u00e9curit\u00e9, Standards, Sant\u00e9, eSant\u00e9.<\/p>\n<div id=\"wpfp_fc8fe892a8d2b4348769f0d724527d2e\" data-item=\"{&quot;sources&quot;:[{&quot;src&quot;:&quot;http:\\\/\\\/sosi.expert\\\/wp-content\\\/uploads\\\/1757\\\/12\\\/UrbanisationInteroperabilite-par-SOSi.mp4&quot;,&quot;type&quot;:&quot;video\\\/mp4&quot;}],&quot;id&quot;:&quot;11&quot;}\" class=\"flowplayer no-brand is-splash is-paused skin-custom no-svg fp-slim fp-outlined bottom-fs\" data-fv-embed=\"https:\/\/sosi.expert\/index.php\/a-propos\/supports-pedagogiques\/urbanisation-interoperabilite\/fvp-11\/\" style=\"position:relative; max-width: 960px; max-height: 540px; \" data-ratio=\"0.5625\" data-player-id=\"11\">\n\t<div class=\"fp-ratio\" style=\"padding-top: 56.25%\"><\/div>\n\t<div class=\"fp-ui\"><noscript>Please enable JavaScript<\/noscript><div class=\"fp-play fp-visible\"><svg class=\"fp-play-rounded-outline\" xmlns=\"http:\/\/www.w3.org\/2000\/svg\" viewBox=\"0 0 99.844 99.8434\"><defs><style>.fp-color-play{opacity:0.65;}.controlbutton{fill:#fff;}<\/style><\/defs><title>play-rounded-outline<\/title><path class=\"fp-color-play\" d=\"M49.9217-.078a50,50,0,1,0,50,50A50.0564,50.0564,0,0,0,49.9217-.078Z\"\/><path class=\"controlbutton\" d=\"M41.0359,71.19a5.0492,5.0492,0,0,1-2.5575-.6673c-1.8031-1.041-2.7958-3.1248-2.7958-5.8664V35.1887c0-2.7429.9933-4.8272,2.797-5.8676,1.8025-1.0422,4.1034-.86,6.48.5143L70.4782,44.5672c2.3751,1.3711,3.6826,3.2725,3.6832,5.3545s-1.3076,3.9845-3.6832,5.3562L44.9592,70.0114A7.9384,7.9384,0,0,1,41.0359,71.19Zm.0065-40.123a2.6794,2.6794,0,0,0-1.3582.3413c-1.0263.5926-1.5912,1.9349-1.5912,3.78V64.6563c0,1.8449.5649,3.1866,1.5906,3.7791,1.0281.5932,2.4733.4108,4.07-.512L69.273,53.1906c1.5983-.9227,2.478-2.0838,2.478-3.2689s-.88-2.3445-2.478-3.2666L43.754,31.9227A5.5685,5.5685,0,0,0,41.0423,31.0671Z\" filter=\"url(#f1)\"\/><\/svg><\/div><div class=\"fp-preload\"><b><\/b><b><\/b><b><\/b><b><\/b><\/div><\/div>\n<div class='fvp-share-bar'><ul class=\"fvp-sharing\">\r\n    <li><a class=\"sharing-facebook\" href=\"https:\/\/www.facebook.com\/sharer\/sharer.php?u=https%3A%2F%2Fsosi.expert%2Findex.php%2Fa-propos%2Fsupports-pedagogiques%2Furbanisation-interoperabilite%2F\" target=\"_blank\"><\/a><\/li>\r\n    <li><a class=\"sharing-twitter\" href=\"https:\/\/twitter.com\/intent\/tweet?text=SOSi+&url=https%3A%2F%2Fsosi.expert%2Findex.php%2Fa-propos%2Fsupports-pedagogiques%2Furbanisation-interoperabilite%2F\" target=\"_blank\"><\/a><\/li>\r\n    <li><a class=\"sharing-email\" href=\"mailto:?body=Check%20out%20the%20amazing%20video%20here%3A%20https%3A%2F%2Fsosi.expert%2Findex.php%2Fa-propos%2Fsupports-pedagogiques%2Furbanisation-interoperabilite%2F\" target=\"_blank\"><\/a><\/li><\/ul><div><a class=\"sharing-link\" href=\"https:\/\/sosi.expert\/index.php\/a-propos\/supports-pedagogiques\/urbanisation-interoperabilite\/\" target=\"_blank\">Link<\/a><\/div><div><label><a class=\"embed-code-toggle\" href=\"#\"><strong>Embed<\/strong><\/a><\/label><\/div><div class=\"embed-code\"><label>Copy and paste this HTML code into your webpage to embed.<\/label><textarea><\/textarea><\/div><\/div>\n<\/div>\n\n<p><img loading=\"lazy\" decoding=\"async\" src=\"https:\/\/sosi.expert\/wp-content\/uploads\/2025\/04\/Icon_PDF.png\" alt=\"Lien vers un document PDF consultable\" width=\"25\" height=\"25\" \/> <a title=\"Support t\u00e9l\u00e9chargeable\" href=\"https:\/\/sosi.expert\/wp-content\/uploads\/1756\/76\/UrbanisationInteroperabilite-par-SOSi.pdf\" target=\"_blank\" rel=\"noopener\" class=\"sosi\">Support<\/a><\/p>\n<p>\ud83c\udfbc\ud83c\udfb5 \ud83c\udfb6 <img loading=\"lazy\" decoding=\"async\" src=\"https:\/\/sosi.expert\/wp-content\/uploads\/2025\/04\/Youtube_Icon.png\" alt=\"Lien vers une page YouTube\" width=\"25\" height=\"25\" \/> <a title=\"Ennio Morricone - Le vent, le cri\" href=\"https:\/\/www.youtube.com\/watch?v=K6uyG0i4X28&#038;list=RDK6uyG0i4X28&#038;start_radio=1\" target=\"_blank\" rel=\"noopener\" class=\"youtube\">Ennio Morricone &#8211; Le vent, le cri<\/a><\/p>\n<p><strong>R\u00e9f\u00e9rences Wikip\u00e9dia<\/strong><br \/>\n<\/p>\n<ul>\n<li>\n<a title=\"Ennio Morricone\" href=\"https:\/\/fr.wikipedia.org\/wiki\/Ennio_Morricone\" target=\"_blank\" rel=\"noopener\" class=\"wikipedia\">Ennio Morricone<\/a>\n<\/li>\n<li>\n<a title=\"Le Professionnel\" href=\"https:\/\/fr.wikipedia.org\/wiki\/Le_Professionnel\" target=\"_blank\" rel=\"noopener\" class=\"wikipedia\">Le Professionnel<\/a>\n<\/li>\n<\/ul>\n<p><strong>R\u00e9f\u00e9rences Nationales \ud83c\uddeb\ud83c\uddf7<\/strong><br \/>\n<\/p>\n<div style=\"text-align:center;\" class='gallery gallery-columns-4 gallery-size-thumbnail' >\n<figure class='gallery-item'>\n<div class='gallery-icon'>\n\t<a href='https:\/\/www.has-sante.fr\/' target=\"_blank\"><img decoding=\"async\" src=\"https:\/\/sosi.expert\/wp-content\/uploads\/2025\/12\/Logo_HAS.png\" class=\"attachment-thumbnail size-thumbnail\" alt=\"HAS\" \/><\/a>\n<\/div><figcaption class='wp-caption-text gallery-caption'>\n\t<a title=\"HAS\" href='https:\/\/www.has-sante.fr\/' target=\"_blank\" rel=\"noopener\" class=\"loi\">La HAS<\/a><br \/>\n<\/figcaption><\/figure>\n<figure class='gallery-item'>\n<div class='gallery-icon'>\n\t<a href='https:\/\/esante.gouv.fr\/' target=\"_blank\"><img decoding=\"async\" src=\"https:\/\/sosi.expert\/wp-content\/uploads\/2025\/12\/Logo_ANS.png\" class=\"attachment-thumbnail size-thumbnail\" alt=\"ANS\" \/><\/a>\n<\/div><figcaption class='wp-caption-text gallery-caption'>\n\t<a title=\"ANS\" href='https:\/\/esante.gouv.fr\/' target=\"_blank\" rel=\"noopener\" class=\"loi\">L&rsquo;ANS<\/a><br \/>\n<\/figcaption><\/figure>\n<figure class='gallery-item'>\n<div class='gallery-icon'>\n\t<a href='https:\/\/sante.gouv.fr\/ministere\/organisation\/organisation-des-directions-et-services\/article\/organisation-de-la-delegation-au-numerique-en-sante' target=\"_blank\"><img decoding=\"async\" src=\"https:\/\/sosi.expert\/wp-content\/uploads\/2025\/12\/Logo_DNS.png\" class=\"attachment-thumbnail size-thumbnail\" alt=\"DNS\" \/><\/a>\n<\/div><figcaption class='wp-caption-text gallery-caption'>\n\t<a title=\"DNS\" href='https:\/\/sante.gouv.fr\/ministere\/organisation\/organisation-des-directions-et-services\/article\/organisation-de-la-delegation-au-numerique-en-sante' target=\"_blank\" rel=\"noopener\" class=\"loi\">La DNS<\/a><br \/>\n<\/figcaption><\/figure>\n<\/div>\n","protected":false},"excerpt":{"rendered":"<p>Colchique (Colchicum) &#8211; Septembre 2025 L&rsquo;Urbanisation &amp; l&rsquo;Interop\u00e9rabilit\u00e9 expliqu\u00e9es simplement &#8211; Pr\u00e9sentation r\u00e9alis\u00e9e en partenariat avec les instances r\u00e9gulatricesAuteur : Patrick Millan31 ao\u00fbt 2025 &#8211; R\u00e9sum\u00e9 : L&rsquo;Urbanisation et l\u2019Interop\u00e9rabilit\u00e9 sont deux concepts d&rsquo;architecture logicielle li\u00e9s dont les principes sont d&rsquo;apparences complexes pour les non-initi\u00e9s. Cependant leurs barri\u00e8res s\u00e9mantiques se doivent d&rsquo;\u00eatre franchies pour permettre &hellip; <a href=\"https:\/\/sosi.expert\/index.php\/a-propos\/supports-pedagogiques\/urbanisation-interoperabilite\/\" class=\"more-link\">Continuer la lecture<span class=\"screen-reader-text\"> de &laquo;&nbsp;Urbanisation &#038; Interop\u00e9rabilit\u00e9&nbsp;&raquo;<\/span><\/a><\/p>\n","protected":false},"author":2,"featured_media":80,"parent":914,"menu_order":2,"comment_status":"closed","ping_status":"closed","template":"","meta":{"_uag_custom_page_level_css":"","_monsterinsights_skip_tracking":false,"_monsterinsights_sitenote_active":false,"_monsterinsights_sitenote_note":"","_monsterinsights_sitenote_category":0,"footnotes":""},"class_list":["post-746","page","type-page","status-publish","has-post-thumbnail","hentry"],"aioseo_notices":[],"uagb_featured_image_src":{"full":["https:\/\/sosi.expert\/wp-content\/uploads\/2025\/04\/cropped-Entete_SOSi.png",1200,355,false],"thumbnail":["https:\/\/sosi.expert\/wp-content\/uploads\/2025\/04\/cropped-Entete_SOSi-150x150.png",150,150,true],"medium":["https:\/\/sosi.expert\/wp-content\/uploads\/2025\/04\/cropped-Entete_SOSi-300x89.png",300,89,true],"medium_large":["https:\/\/sosi.expert\/wp-content\/uploads\/2025\/04\/cropped-Entete_SOSi-768x227.png",768,227,true],"large":["https:\/\/sosi.expert\/wp-content\/uploads\/2025\/04\/cropped-Entete_SOSi-1024x303.png",840,249,true],"1536x1536":["https:\/\/sosi.expert\/wp-content\/uploads\/2025\/04\/cropped-Entete_SOSi.png",1200,355,false],"2048x2048":["https:\/\/sosi.expert\/wp-content\/uploads\/2025\/04\/cropped-Entete_SOSi.png",1200,355,false],"post-thumbnail":["https:\/\/sosi.expert\/wp-content\/uploads\/2025\/04\/cropped-Entete_SOSi.png",1200,355,false]},"uagb_author_info":{"display_name":"Patrick Millan","author_link":"https:\/\/sosi.expert\/index.php\/author\/patrick-millan\/"},"uagb_comment_info":0,"uagb_excerpt":"Colchique (Colchicum) &#8211; Septembre 2025 L&rsquo;Urbanisation &amp; l&rsquo;Interop\u00e9rabilit\u00e9 expliqu\u00e9es simplement &#8211; Pr\u00e9sentation r\u00e9alis\u00e9e en partenariat avec les instances r\u00e9gulatricesAuteur : Patrick Millan31 ao\u00fbt 2025 &#8211; R\u00e9sum\u00e9 : L&rsquo;Urbanisation et l\u2019Interop\u00e9rabilit\u00e9 sont deux concepts d&rsquo;architecture logicielle li\u00e9s dont les principes sont d&rsquo;apparences complexes pour les non-initi\u00e9s. Cependant leurs barri\u00e8res s\u00e9mantiques se doivent d&rsquo;\u00eatre franchies pour permettre\u2026","_links":{"self":[{"href":"https:\/\/sosi.expert\/index.php\/wp-json\/wp\/v2\/pages\/746","targetHints":{"allow":["GET"]}}],"collection":[{"href":"https:\/\/sosi.expert\/index.php\/wp-json\/wp\/v2\/pages"}],"about":[{"href":"https:\/\/sosi.expert\/index.php\/wp-json\/wp\/v2\/types\/page"}],"author":[{"embeddable":true,"href":"https:\/\/sosi.expert\/index.php\/wp-json\/wp\/v2\/users\/2"}],"replies":[{"embeddable":true,"href":"https:\/\/sosi.expert\/index.php\/wp-json\/wp\/v2\/comments?post=746"}],"version-history":[{"count":40,"href":"https:\/\/sosi.expert\/index.php\/wp-json\/wp\/v2\/pages\/746\/revisions"}],"predecessor-version":[{"id":1884,"href":"https:\/\/sosi.expert\/index.php\/wp-json\/wp\/v2\/pages\/746\/revisions\/1884"}],"up":[{"embeddable":true,"href":"https:\/\/sosi.expert\/index.php\/wp-json\/wp\/v2\/pages\/914"}],"wp:featuredmedia":[{"embeddable":true,"href":"https:\/\/sosi.expert\/index.php\/wp-json\/wp\/v2\/media\/80"}],"wp:attachment":[{"href":"https:\/\/sosi.expert\/index.php\/wp-json\/wp\/v2\/media?parent=746"}],"curies":[{"name":"wp","href":"https:\/\/api.w.org\/{rel}","templated":true}]}}