{"id":779,"date":"2025-09-13T08:54:04","date_gmt":"2025-09-13T06:54:04","guid":{"rendered":"https:\/\/sosi.expert\/?page_id=779"},"modified":"2026-01-28T12:27:25","modified_gmt":"2026-01-28T11:27:25","slug":"cyber-la-patte-des-experts","status":"publish","type":"page","link":"https:\/\/sosi.expert\/index.php\/a-propos\/papillon-perdu-en-pensee\/cyber-la-patte-des-experts\/","title":{"rendered":"Cyber, La patte des Experts"},"content":{"rendered":"<p><a title=\"Cyberattaques\" href=\"https:\/\/www.caducee.net\/actualite-medicale\/16643\/cyberattaques-contre-les-hopitaux-des-donnees-administratives-de-patients-volees.html\" target=\"_blank\" rel=\"noopener\" class=\"canard\"><strong>La une des m\u00e9dias<\/strong><\/a> (journaux t\u00e9l\u00e9vis\u00e9s, presse \u00e9crite, r\u00e9seaux sociaux \u2026) et leurs faits divers, regorge d\u2019\u00e9v\u00e9nements relatant des cyberattaques d\u2019h\u00f4pitaux, laboratoires ou autres structures de <strong>Sant\u00e9<\/strong> m\u00e9dicales ou param\u00e9dicales \u2026<br \/>\n<strong>Il n\u2019est jamais agr\u00e9able de se retrouver ainsi projet\u00e9 en pleine lumi\u00e8re.<\/strong><br \/>\nLa <strong>cr\u00e9dibilit\u00e9<\/strong> des victimes, et de leur organisation, s\u2019en trouve durablement atteinte.<\/p>\n<p>Quelle perte de temps pour toutes et tous !<br \/>\nMais surtout, quel danger pour les <strong>patients et usagers<\/strong>.<\/p>\n<p>En informatique, <em>l\u2019origine du probl\u00e8me se situe g\u00e9n\u00e9ralement entre le clavier et la chaise.<\/em><\/p>\n<p>Lire un document quelconque relatant les bonnes pratiques \u00e0 suivre ne suffit pas.<br \/>\nEncore faut-il le <strong>comprendre<\/strong>, et surtout l\u2019<strong>appliquer<\/strong>.<\/p>\n<p>Les attaquants du monde <strong>virtuel<\/strong> utilisent des techniques <strong>r\u00e9elles<\/strong> d\u2019approches <strong>physiques<\/strong>.<br \/>\n<strong>G\u00e9rer ces situations \u00e0 distance n\u2019a donc aucun sens.<\/strong><\/p>\n<p>Le <a title=\"Hame\u00e7onnage\" href=\"https:\/\/fr.wikipedia.org\/wiki\/Hame%C3%A7onnage\" target=\"_blank\" rel=\"noopener\" class=\"wikipedia\">phishing (ou hame\u00e7onnage)<\/a> ne n\u00e9cessite pas de maitriser une canne \u00e0 p\u00eache en lan\u00e7ant un app\u00e2t dans le prolongement d\u2019un fil de nylon, mais de conna\u00eetre les m\u00e9andres de la psychologie humaine.<br \/>\n<strong>Nous parlerons ici pr\u00e9cis\u00e9ment de <a title=\"Psychologie\" href=\"https:\/\/fr.wikipedia.org\/wiki\/Psychologie\" target=\"_blank\" rel=\"noopener\" class=\"wikipedia\">psychologie<\/a> et d\u2019<a title=\"Ing\u00e9nierie sociale (s\u00e9curit\u00e9 de l'information)\" href=\"https:\/\/fr.wikipedia.org\/wiki\/Ing%C3%A9nierie_sociale_(s%C3%A9curit%C3%A9_de_l%27information)\" target=\"_blank\" rel=\"noopener\" class=\"wikipedia\">ing\u00e9nierie sociales<\/a>.<\/strong><\/p>\n<p>Les Experts \u00e0 solliciter, en cas de probl\u00e8me identifi\u00e9, sont aguerris dans ce domaine, tout autant qu\u2019en technique informatique.<\/p>\n<p>Ils ne communiquent pas via des selfies pris devant un stand d\u2019une entreprise quelconque au logo mena\u00e7ant, car ils savent que, face au danger, les premiers r\u00e9flexes sont <strong>l\u2019humilit\u00e9 et <a title=\"Que fait \u00ab Malotru \u00bb dans son bureau ?\" href=\"https:\/\/sosi.expert\/index.php\/a-propos\/le-papillon-perdu-dans-ses-pensees\/que-fait-malotru-dans-son-bureau\/\" target=\"_blank\" rel=\"noopener\" class=\"sosi\">un minimum de conservation de son sang froid<\/a><\/strong>.<\/p>\n<p>Si ils savent que p\u00e9n\u00e9trer dans un v\u00e9ritable <a title=\"Centre de donn\u00e9es\" href=\"https:\/\/fr.wikipedia.org\/wiki\/Centre_de_donn%C3%A9es\" target=\"_blank\" rel=\"noopener\" class=\"wikipedia\">data-center (ou centre de donn\u00e9es)<\/a> en se laissant glisser \u00e0 la verticale le long d\u2019une corde apr\u00e8s s\u2019\u00eatre faufil\u00e9 par un conduit d\u2019a\u00e9ration d\u2019un b\u00e2timent rutilant de lumi\u00e8re aux vitres blind\u00e9es est impossible, c\u2019est simplement parce qu\u2019ils ont d\u00e9j\u00e0 re\u00e7u une accr\u00e9ditation pour passer tous les contr\u00f4les d\u2019acc\u00e8s \u00e0 un bunker dont l\u2019\u00e9paisseur de b\u00e9ton arm\u00e9 sur tous les pans est relative.<br \/>\nCelle-ci va du plus fin (pour le toit du local de stockage des batteries du groupe \u00e9lectrog\u00e8ne de secours) au plus \u00e9pais (soutenant l&rsquo;\u00e9norme poids des serveurs les plus puissants).<\/p>\n<p>Ils ne s\u2019imaginent pas non plus que <a title=\"Fibre optique noire\" href=\"https:\/\/fr.wikipedia.org\/wiki\/Fibre_optique_noire\" target=\"_blank\" rel=\"noopener\" class=\"wikipedia\">la fibre noire<\/a> est en relation avec le cot\u00e9 obscur de la force.<\/p>\n<p>Ils travaillent en r\u00e9seau, ont particip\u00e9 \u00e0 des \u00e9v\u00e9nements nationaux de tests des solutions et sont r\u00e9f\u00e9renc\u00e9s par les instances r\u00e9gulatrices.<br \/>\nSi ils peuvent se r\u00e9unir dans des caf\u00e9s, ce n\u2019est pas que dans le but de pousser la s\u00e9r\u00e9nade.<\/p>\n<p>Mais surtout, ils ont <strong>une <a title=\"\u00c9thique\" href=\"https:\/\/fr.wikipedia.org\/wiki\/%C3%89thique\" target=\"_blank\" rel=\"noopener\" class=\"wikipedia\">\u00e9thique<\/a><\/strong> et suivent <strong><a title=\"ISO 9001\" href=\"https:\/\/fr.wikipedia.org\/wiki\/ISO_9001\" target=\"_blank\" rel=\"noopener\" class=\"wikipedia\">des normes Qualit\u00e9 contraignantes<\/a>.<\/strong><\/p>\n<p>Bref, ils ont <em>La patte des Experts<\/em>.<\/p>\n","protected":false},"excerpt":{"rendered":"<p>La une des m\u00e9dias (journaux t\u00e9l\u00e9vis\u00e9s, presse \u00e9crite, r\u00e9seaux sociaux \u2026) et leurs faits divers, regorge d\u2019\u00e9v\u00e9nements relatant des cyberattaques d\u2019h\u00f4pitaux, laboratoires ou autres structures de Sant\u00e9 m\u00e9dicales ou param\u00e9dicales \u2026 Il n\u2019est jamais agr\u00e9able de se retrouver ainsi projet\u00e9 en pleine lumi\u00e8re. La cr\u00e9dibilit\u00e9 des victimes, et de leur organisation, s\u2019en trouve durablement atteinte. &hellip; <a href=\"https:\/\/sosi.expert\/index.php\/a-propos\/papillon-perdu-en-pensee\/cyber-la-patte-des-experts\/\" class=\"more-link\">Continuer la lecture<span class=\"screen-reader-text\"> de &laquo;&nbsp;Cyber, La patte des Experts&nbsp;&raquo;<\/span><\/a><\/p>\n","protected":false},"author":2,"featured_media":778,"parent":542,"menu_order":10,"comment_status":"closed","ping_status":"closed","template":"","meta":{"_uag_custom_page_level_css":"","_monsterinsights_skip_tracking":false,"_monsterinsights_sitenote_active":false,"_monsterinsights_sitenote_note":"","_monsterinsights_sitenote_category":0,"footnotes":""},"class_list":["post-779","page","type-page","status-publish","has-post-thumbnail","hentry"],"aioseo_notices":[],"uagb_featured_image_src":{"full":["https:\/\/sosi.expert\/wp-content\/uploads\/2025\/09\/Cyber.png",1920,1080,false],"thumbnail":["https:\/\/sosi.expert\/wp-content\/uploads\/2025\/09\/Cyber-150x150.png",150,150,true],"medium":["https:\/\/sosi.expert\/wp-content\/uploads\/2025\/09\/Cyber-300x169.png",300,169,true],"medium_large":["https:\/\/sosi.expert\/wp-content\/uploads\/2025\/09\/Cyber-768x432.png",768,432,true],"large":["https:\/\/sosi.expert\/wp-content\/uploads\/2025\/09\/Cyber-1024x576.png",840,473,true],"1536x1536":["https:\/\/sosi.expert\/wp-content\/uploads\/2025\/09\/Cyber-1536x864.png",1536,864,true],"2048x2048":["https:\/\/sosi.expert\/wp-content\/uploads\/2025\/09\/Cyber.png",1920,1080,false],"post-thumbnail":["https:\/\/sosi.expert\/wp-content\/uploads\/2025\/09\/Cyber-1200x675.png",1200,675,true]},"uagb_author_info":{"display_name":"Patrick Millan","author_link":"https:\/\/sosi.expert\/index.php\/author\/patrick-millan\/"},"uagb_comment_info":0,"uagb_excerpt":"La une des m\u00e9dias (journaux t\u00e9l\u00e9vis\u00e9s, presse \u00e9crite, r\u00e9seaux sociaux \u2026) et leurs faits divers, regorge d\u2019\u00e9v\u00e9nements relatant des cyberattaques d\u2019h\u00f4pitaux, laboratoires ou autres structures de Sant\u00e9 m\u00e9dicales ou param\u00e9dicales \u2026 Il n\u2019est jamais agr\u00e9able de se retrouver ainsi projet\u00e9 en pleine lumi\u00e8re. La cr\u00e9dibilit\u00e9 des victimes, et de leur organisation, s\u2019en trouve durablement atteinte.\u2026","_links":{"self":[{"href":"https:\/\/sosi.expert\/index.php\/wp-json\/wp\/v2\/pages\/779","targetHints":{"allow":["GET"]}}],"collection":[{"href":"https:\/\/sosi.expert\/index.php\/wp-json\/wp\/v2\/pages"}],"about":[{"href":"https:\/\/sosi.expert\/index.php\/wp-json\/wp\/v2\/types\/page"}],"author":[{"embeddable":true,"href":"https:\/\/sosi.expert\/index.php\/wp-json\/wp\/v2\/users\/2"}],"replies":[{"embeddable":true,"href":"https:\/\/sosi.expert\/index.php\/wp-json\/wp\/v2\/comments?post=779"}],"version-history":[{"count":11,"href":"https:\/\/sosi.expert\/index.php\/wp-json\/wp\/v2\/pages\/779\/revisions"}],"predecessor-version":[{"id":1860,"href":"https:\/\/sosi.expert\/index.php\/wp-json\/wp\/v2\/pages\/779\/revisions\/1860"}],"up":[{"embeddable":true,"href":"https:\/\/sosi.expert\/index.php\/wp-json\/wp\/v2\/pages\/542"}],"wp:featuredmedia":[{"embeddable":true,"href":"https:\/\/sosi.expert\/index.php\/wp-json\/wp\/v2\/media\/778"}],"wp:attachment":[{"href":"https:\/\/sosi.expert\/index.php\/wp-json\/wp\/v2\/media?parent=779"}],"curies":[{"name":"wp","href":"https:\/\/api.w.org\/{rel}","templated":true}]}}