{"id":840,"date":"2025-10-04T11:45:32","date_gmt":"2025-10-04T09:45:32","guid":{"rendered":"https:\/\/sosi.expert\/?page_id=840"},"modified":"2026-01-28T13:57:30","modified_gmt":"2026-01-28T12:57:30","slug":"les-entreprises-bisounours-lorsque-la-precision-chirurgicale-des-faits-met-en-evidence-une-dynamique-manageriale-passive-agressive","status":"publish","type":"page","link":"https:\/\/sosi.expert\/index.php\/a-propos\/papillon-perdu-en-pensee\/les-entreprises-bisounours-lorsque-la-precision-chirurgicale-des-faits-met-en-evidence-une-dynamique-manageriale-passive-agressive\/","title":{"rendered":"Lorsque la pr\u00e9cision \u00ab chirurgicale \u00bb des faits met en \u00e9vidence<br \/>une dynamique manag\u00e9riale passive\/agressive"},"content":{"rendered":"<p><strong>Mention l\u00e9gale<\/strong><\/p>\n<p><strong>Toute ressemblance avec des faits et des personnages existants ou ayant exist\u00e9 serait purement fortuite et ne pourrait \u00eatre que le fruit d&rsquo;une pure co\u00efncidence.<\/strong><\/p>\n<p><strong>Cet article se base sur une chronologie et un contenu de faits th\u00e9orique<\/strong><\/p>\n<p>Il est une r\u00e9flexion sur la chronologie des faits, leur pr\u00e9cision et l&rsquo;importance de cette derni\u00e8re en cas de r\u00e8glement d&rsquo;un litige entre un salari\u00e9 et son employeur.<\/p>\n<p>&nbsp;<\/p>\n<p><strong>Contexte<\/strong><\/p>\n<p class=\"p1\"><a class=\"wikipedia\" title=\"Les Bisounours\" href=\"https:\/\/fr.wikipedia.org\/wiki\/Bisounours\" target=\"_blank\" rel=\"noopener\" class=\"wikipedia\">Les Bisounours<\/a>, en France, ou les Calinours, au Canada fran\u00e7ais (en anglais : the Care Bears), sont initialement des peluches popularis\u00e9es dans les ann\u00e9es 1980.<\/p>\n<p class=\"p1\">Le concept a \u00e9t\u00e9 retranscrit par la suite \u00e0 la t\u00e9l\u00e9vision sous forme de dessins anim\u00e9s.<\/p>\n<p class=\"p1\">De cet Univers enfantin fut tir\u00e9 un certain nombre d&rsquo;expressions, trahissant une niaiserie certaine, en rapport avec notre environnement social.<\/p>\n<p class=\"p1\">Souvent, des entreprises s&rsquo;ing\u00e9nient \u00e0 renvoyer une image ext\u00e9rieure tr\u00e8s \u00e9loign\u00e9e de la r\u00e9alit\u00e9 r\u00e9gnant en son sein et des faits constat\u00e9s.<\/p>\n<p class=\"p1\">Nous pouvons les qualifier, selon l&rsquo;usage, d&rsquo;entreprises \u00ab Bisounours \u00bb.<\/p>\n<p>&nbsp;<\/p>\n<p><strong>Article<\/strong><\/p>\n<p class=\"p1\">Certaines entreprises se targuent ouvertement d\u2019appliquer des principes et concepts particuli\u00e8rement avant-gardistes et bienveillants dans leur gestion manag\u00e9riale.<\/p>\n<p class=\"p1\">Sur les r\u00e9seaux sociaux professionnels, les publications de responsables, Ressources Humaines ou non, vantant l\u2019application interne de cette \u00ab politique \u00bb, ne manquent pas.<\/p>\n<p class=\"p1\">Nous sommes cependant en droit d\u2019\u00e9mettre quelques r\u00e9serves.<\/p>\n<p class=\"p1\">En tout cas, d\u2019\u00eatre plus attentif sur la r\u00e9alit\u00e9 des faits, de douter.<\/p>\n<p class=\"p1\"><strong>Simple constat : un fait reste un fait.<\/strong><\/p>\n<p class=\"p1\">Il se caract\u00e9rise par des traces \u00e9crites, des preuves mat\u00e9rielles, suivant une chronologie logique.<\/p>\n<p class=\"p1\">Plus cette chronologie est pr\u00e9cise, plus les faits sont av\u00e9r\u00e9s.<\/p>\n<p class=\"p1\">Cette pr\u00e9cision des dates et horaires de l\u2019ensemble renforce leur pertinence, en plus, \u00e9videmment, du contenu des traces associ\u00e9es.<\/p>\n<p class=\"p1\">En cas d\u2019enqu\u00eate pr\u00e9alable \u00e0 toutes d\u00e9cisions de justice, la justification de ces pr\u00e9cisions facilite grandement le travail du personnel mandat\u00e9 et comp\u00e9tent.<\/p>\n<p class=\"p1\">\u00c9tudions, par l\u2019exemple, le cas d\u2019un employ\u00e9 responsable, lanceur d\u2019alertes, au sein d\u2019une de ces entreprises d\u2019apparence idyllique.<\/p>\n<p class=\"p1\"><em><span class=\"s2\">\u2022 <\/span>29\/03\/2022<\/em><\/p>\n<p class=\"p1\"><strong>13h43m<\/strong><\/p>\n<p class=\"p1\">L\u2019employ\u00e9 fait part au responsable RH, via le canal d\u2019\u00e9change interne, de son inqui\u00e9tude concernant 2 de ses coll\u00e8gues en grande situation de d\u00e9tresse pour leur Sant\u00e9 Mentale.<\/p>\n<p class=\"p1\">La premi\u00e8re a \u00e9clat\u00e9 en sanglot en pleine r\u00e9union, face cam\u00e9ra, et s\u2019est vue accorder plusieurs arr\u00eats de travail successifs par le corps m\u00e9dical.<\/p>\n<p class=\"p1\">Le second en fera de m\u00eame peu de temps apr\u00e8s.<\/p>\n<p class=\"p1\">Il s\u2019inqui\u00e8te ouvertement et signale qu\u2019il fait partie d\u2019un collectif veillant au respect des droits des salari\u00e9s en de telles circonstances.<\/p>\n<p class=\"p1\">Ce message, restant sans r\u00e9ponse, est pourtant vu par le responsable comme l\u2019atteste l\u2019\u0153il en bas \u00e0 droite du fil de conversations.<\/p>\n<p class=\"p1\"><em><span class=\"s2\">\u2022 <\/span>11\/05\/2022<\/em><\/p>\n<p class=\"p1\"><strong>08h35m03s<\/strong><\/p>\n<p class=\"p1\">L\u2019employ\u00e9 envoie au responsable RH un compte-rendu \u00e0 froid, concernant un entretien ayant eu lieu le Lundi en pr\u00e9sence de la coll\u00e8gue en difficult\u00e9, du directeur adjoint, d\u2019un repr\u00e9sentant du personnel et de lui m\u00eame.<\/p>\n<p class=\"p1\">De fa\u00e7on courtoise, il renouvelle ses interrogations concernant l\u2019ambiance au sein de l\u2019entreprise et son r\u00f4le face \u00e0 ce qu\u2019il faut bien appeler une \u00e9pid\u00e9mie de burn-out.<\/p>\n<p class=\"p1\">Deux ont \u00e9t\u00e9 constat\u00e9s par ses soins aupr\u00e8s de coll\u00e8gues tr\u00e8s proches en l\u2019espace d\u2019un an.<\/p>\n<p class=\"p1\">Il remercie malgr\u00e9 tout le responsable, et indique que la coll\u00e8gue soutenue derni\u00e8rement se sent mieux, tout comme lui d&rsquo;ailleurs sur le moment.<\/p>\n<p class=\"p1\"><em><span class=\"s2\">\u2022 <\/span>22\/06\/2022<\/em><\/p>\n<p class=\"p1\"><strong>09h51m58s<\/strong><\/p>\n<p class=\"p1\">L\u2019employ\u00e9 lanceur d\u2019alerte re\u00e7oit une convocation du responsable RH, en petite salle de r\u00e9union sur site, pour le <strong>23\/06\/2022 \u00e0 9h00m<\/strong>, en pr\u00e9sence du directeur, en copie du courriel, sans pr\u00e9ciser le motif.<\/p>\n<p class=\"p1\"><strong>11h13m44s<\/strong><\/p>\n<p class=\"p1\">Il accuse r\u00e9ception et demande plus de pr\u00e9cisions sur l\u2019ordre du jour de cette r\u00e9union.<\/p>\n<p class=\"p1\"><strong>13h41m24s<\/strong><\/p>\n<p class=\"p1\">Le directeur r\u00e9pond, laconiquement, que l\u2019objet du message du responsable RH est explicite, toujours sans pr\u00e9ciser les points, m\u00eame si il indique clairement que plusieurs d\u2019entre eux seront \u00e9voqu\u00e9s.<\/p>\n<p class=\"p1\"><strong>14h24m32s<\/strong><\/p>\n<p class=\"p1\">L\u2019employ\u00e9, en retour, renouvelle son interrogation et indique pour l\u2019occasion, et avec pr\u00e9cisions, tous les points importants qu\u2019il souhaite, lui, \u00e9voquer en rapport avec son travail, concluant, toujours par \u00e9crit, de sa volont\u00e9 de faire preuve d\u2019ouverture d\u2019esprit.<\/p>\n<p class=\"p1\"><em><span class=\"s2\">\u2022 <\/span>07\/09\/2022<\/em><\/p>\n<p class=\"p1\"><strong>00h06m<\/strong><\/p>\n<p class=\"p1\">L\u2019employ\u00e9 re\u00e7oit un message sur sa messagerie priv\u00e9e du responsable en charge des coll\u00e8gues pour lesquels il a pris ouvertement et publiquement la d\u00e9fense.<\/p>\n<p class=\"p1\">Il concerne une offre d\u2019emploi sens\u00e9e \u00eatre en relation avec son activit\u00e9 professionnelle, ses comp\u00e9tences et son niveau d\u2019\u00e9tude.<\/p>\n<p class=\"p1\"><strong>06h30m<\/strong><\/p>\n<p class=\"p1\">Alors qu\u2019il se rend sur son lieu de travail, via la prise d\u2019une s\u00e9rie de transports en commun, l\u2019employ\u00e9 s\u2019inqui\u00e8te, en r\u00e9ponse, de l\u2019horaire inhabituel d\u2019envoi de cette offre.<\/p>\n<p class=\"p1\">Il propose l\u2019\u00e9change.<\/p>\n<p class=\"p1\"><strong>08h10m<\/strong><\/p>\n<p class=\"p1\">La r\u00e9ponse re\u00e7ue indique les motifs de l\u2019envoi, avec aveux de ne pas \u00eatre sp\u00e9cialiste du domaine.<\/p>\n<p class=\"p1\"><strong>08h15m<\/strong><\/p>\n<p class=\"p1\">L\u2019employ\u00e9 renouvelle son sentiment d\u2019inqui\u00e9tudes.<\/p>\n<p class=\"p1\"><strong>08h16m<\/strong><\/p>\n<p class=\"p1\">Les nouveaux \u00e9crits re\u00e7us en r\u00e9ponse sont\u00a0des propos rassurants, indiquant la possibilit\u00e9 de pouvoir se rendre sur site, aux bureaux, dans la matin\u00e9e.<\/p>\n<p class=\"p1\"><strong>08h17m<\/strong><\/p>\n<p class=\"p1\">L\u2019employ\u00e9 prend note, et indique \u00eatre victime d\u2019un petit retard dans les transports, du \u00e0 une forte affluence.<\/p>\n<p class=\"p1\"><em><span class=\"s2\">\u2022 <\/span>09\/09\/2022<\/em><\/p>\n<p class=\"p1\"><strong>08h02m25s<\/strong><\/p>\n<p class=\"p1\">L\u2019employ\u00e9 envoie un courriel au responsable RH relatant les faits s\u2019\u00e9tant produits sur la messagerie priv\u00e9e.<\/p>\n<p class=\"p1\">Apr\u00e8s v\u00e9rification, il s\u2019av\u00e8re que l\u2019offre transmise ne correspondait ni \u00e0 son poste ni \u00e0 ses comp\u00e9tences professionnelles.<\/p>\n<p class=\"p1\">Plus grave encore, cette derni\u00e8re est clairement d\u00e9gradante en terme de responsabilit\u00e9s et, surtout, de r\u00e9mun\u00e9ration.<\/p>\n<p class=\"p1\">Il indique que cette pratique a d\u00e9j\u00e0 \u00e9t\u00e9 signal\u00e9e par ailleurs par les coll\u00e8gues dont il a pris derni\u00e8rement, ouvertement et publiquement la d\u00e9fense.<\/p>\n<p class=\"p1\"><strong>12h31m12s<\/strong><\/p>\n<p class=\"p1\">L\u2019employ\u00e9 envoie un nouveau courriel au responsable RH, pr\u00e9cisant son m\u00e9contentement, le contexte, le fait d\u2019avoir respect\u00e9 la voie hi\u00e9rarchique habituelle, en indiquant un signalement oral \u00e0 son propre responsable, et autorise la publication du contenu des \u00e9changes priv\u00e9s.<\/p>\n<p class=\"p1\"><strong>19h10m39s<\/strong><\/p>\n<p class=\"p1\">Nouvel envoi de l\u2019employ\u00e9 qui confirme la r\u00e9union en visioconf\u00e9rence ayant eu lieu l\u2019apr\u00e8s-midi, en pr\u00e9sence de son responsable, du responsable incrimin\u00e9, d\u2019un repr\u00e9sentant du personnel et, \u00e9videment, du responsable RH.<\/p>\n<p class=\"p1\">Dans l\u2019entre-fait, l\u2019employ\u00e9 ajoute, en pr\u00e9cisions, qu&rsquo;envoi pass\u00e9 portant sur une autre offre d\u2019emploi du m\u00eame type, le <em>14\/07\/2022<\/em> \u00e0 <strong>00h15m<\/strong>, accus\u00e9e r\u00e9ception par l\u2019employ\u00e9 le <em>18\/07\/2022<\/em> \u00e0 <strong>10h20m<\/strong>, le tout \u00e9tant jug\u00e9 dans la foul\u00e9e \u00ab Parfait! \u00bb par le responsable \u00e0 <strong>10h24m<\/strong>.<\/p>\n<p class=\"p1\"><em><span class=\"s2\">\u2022 <\/span>06\/09\/2024<\/em><\/p>\n<p class=\"p1\">Un peu moins de 2 ans apr\u00e8s les faits, dans une lettre de licenciement, des griefs sont r\u00e9dig\u00e9s ayant rapport avec l&rsquo;\u00e9pisode en question.<\/p>\n<p class=\"p1\">La date indiqu\u00e9e du signalement hi\u00e9rarchique initial est le <em>28\/09\/2022<\/em> et ne correspond absolument pas aux traces \u00e9crites de l\u2019\u00e9poque, <a title=\"Que fait \u00ab Malotru \u00bb dans son bureau ?\" href=\"https:\/\/sosi.expert\/index.php\/a-propos\/le-papillon-perdu-dans-ses-pensees\/que-fait-malotru-dans-son-bureau\/\" target=\"_blank\" rel=\"noopener\" class=\"sosi\">recueillies et conserv\u00e9es<\/a>, \u00e0 raison, par l\u2019employ\u00e9.<\/p>\n<p class=\"p1\">Un t\u00e9moignage oral sur de suppos\u00e9s agissements ayant lieu le <em>17\/04\/2024<\/em> en la pr\u00e9sence du responsable vis\u00e9, y sont d\u00e9crits.<\/p>\n<p class=\"p1\">Dans la lettre, le temps calcul\u00e9 entre ces \u00e9v\u00e9nements, est de 2 ans.<\/p>\n<p class=\"p1\"><em><span class=\"s2\">\u2022 <\/span>07\/11\/2024<\/em><\/p>\n<p class=\"p1\"><strong>14h38m<\/strong><\/p>\n<p class=\"p1\">Le responsable de l\u2019\u00e9poque, toujours dans un message priv\u00e9, exprime ouvertement son agacement envers le consid\u00e9r\u00e9 ex-employ\u00e9, indiquant se sentir opprim\u00e9 en permanence par ce dernier, lui reprochant son manque d\u2019implication dans la d\u00e9fense des salari\u00e9s de l\u2019entreprise, mais surtout se vante d\u2019avoir \u00ab le meilleur score de la bo\u00eete! \u00bb.<\/p>\n<p class=\"p1\"><strong><em>Que pouvons nous d\u00e9duire de toute cette chronologie ?<\/em><\/strong><\/p>\n<p class=\"p1\">Sans avoir besoin de conna\u00eetre l\u2019ensemble des d\u00e9tails et, en particulier, le d\u00e9roulement et le contenu des diff\u00e9rents points et autres r\u00e9unions indiqu\u00e9es, nous pouvons affirmer que la s\u00e9r\u00e9nit\u00e9 n\u2019est pas de mise dans cette entreprise.<\/p>\n<p class=\"p1\">L\u2019importance accord\u00e9e en interne \u00e0 l\u2019image va bien au del\u00e0 des faits.<\/p>\n<p class=\"p1\">La mise en lecture de la liste de griefs reproch\u00e9s et l\u2019anciennet\u00e9 des dates indiqu\u00e9es, suffit \u00e0 faire bondir n\u2019importe quel Avocat p\u00e9naliste consult\u00e9.<\/p>\n<p class=\"p1\">\u00c0 la lecture de toutes les traces recueillies, la constitution d\u2019un dossier \u00e0 charge grossier ne fait, au final, aucun doute.<\/p>\n<p class=\"p1\">Les structures utilisant ce genre de stratag\u00e8mes honteux ne peuvent, en aucun cas, pr\u00e9tendre \u00e0 la bienveillance et ne sont, finalement, que le reflet d\u2019un ensemble de pratiques douteuses et fortement r\u00e9pr\u00e9hensibles par la Loi.<\/p>\n<p><strong>La pratique du <a title=\"Harc\u00e8lement moral\" href=\"https:\/\/www.legifrance.gouv.fr\/codes\/id\/LEGISCTA000006177845\" target=\"_blank\" rel=\"noopener\" class=\"loi\">harc\u00e8lement moral institutionnel<\/a> est d\u00e9montr\u00e9e.<\/strong><\/p>\n<p class=\"p1\">Pour finir sur une note plus douce et sur le ton de l\u2019Humour, en lien, la vid\u00e9o suivante, nous permet de prendre du recul, de la Hauteur: <img loading=\"lazy\" decoding=\"async\" src=\"https:\/\/sosi.expert\/wp-content\/uploads\/2025\/04\/Youtube_Icon.png\" alt=\"Lien vers une page YouTube\" width=\"25\" height=\"25\" \/> <a title=\"Vous \u00eates polyamoureux\" href=\"https:\/\/www.youtube.com\/watch?v=1g3pYRxCTwM\" target=\"_blank\" rel=\"noopener\" class=\"youtube\">Vous \u00eates polyamoureux<\/a><\/p>\n<p class=\"p2\">\ud83d\ude4f donc \u00e0 <a title=\"On n'demande qu'\u00e0 en rire\" href=\"https:\/\/fr.wikipedia.org\/wiki\/On_n%27demande_qu%27%C3%A0_en_rire\" target=\"_blank\" rel=\"noopener\" class=\"wikipedia\">\u00ab On n&rsquo;demande qu&rsquo;\u00e0 en rire \u00bb<\/a> et particuli\u00e8rement \u00e0 <a title=\"Arnaud Tsamere\" href=\"https:\/\/fr.wikipedia.org\/wiki\/Arnaud_Tsamere\" class=\"wikipedia\">Arnaud Tsamere<\/a> et <a title=\"J\u00e9r\u00e9my Ferrari\" href=\"https:\/\/fr.wikipedia.org\/wiki\/J%C3%A9r%C3%A9my_Ferrari\" target=\"_blank\" rel=\"noopener\" class=\"wikipedia\">J\u00e9r\u00e9my Ferrari<\/a>.<\/p>\n","protected":false},"excerpt":{"rendered":"<p>Mention l\u00e9gale Toute ressemblance avec des faits et des personnages existants ou ayant exist\u00e9 serait purement fortuite et ne pourrait \u00eatre que le fruit d&rsquo;une pure co\u00efncidence. Cet article se base sur une chronologie et un contenu de faits th\u00e9orique Il est une r\u00e9flexion sur la chronologie des faits, leur pr\u00e9cision et l&rsquo;importance de cette &hellip; <a href=\"https:\/\/sosi.expert\/index.php\/a-propos\/papillon-perdu-en-pensee\/les-entreprises-bisounours-lorsque-la-precision-chirurgicale-des-faits-met-en-evidence-une-dynamique-manageriale-passive-agressive\/\" class=\"more-link\">Continuer la lecture<span class=\"screen-reader-text\"> de &laquo;&nbsp;Lorsque la pr\u00e9cision \u00ab chirurgicale \u00bb des faits met en \u00e9vidence<br \/>une dynamique manag\u00e9riale passive\/agressive&nbsp;&raquo;<\/span><\/a><\/p>\n","protected":false},"author":2,"featured_media":849,"parent":542,"menu_order":12,"comment_status":"closed","ping_status":"closed","template":"","meta":{"_uag_custom_page_level_css":"","_monsterinsights_skip_tracking":false,"_monsterinsights_sitenote_active":false,"_monsterinsights_sitenote_note":"","_monsterinsights_sitenote_category":0,"footnotes":""},"class_list":["post-840","page","type-page","status-publish","has-post-thumbnail","hentry"],"aioseo_notices":[],"uagb_featured_image_src":{"full":["https:\/\/sosi.expert\/wp-content\/uploads\/2025\/10\/Les-entreprises-Bisounours.png",1920,1079,false],"thumbnail":["https:\/\/sosi.expert\/wp-content\/uploads\/2025\/10\/Les-entreprises-Bisounours-150x150.png",150,150,true],"medium":["https:\/\/sosi.expert\/wp-content\/uploads\/2025\/10\/Les-entreprises-Bisounours-300x169.png",300,169,true],"medium_large":["https:\/\/sosi.expert\/wp-content\/uploads\/2025\/10\/Les-entreprises-Bisounours-768x432.png",768,432,true],"large":["https:\/\/sosi.expert\/wp-content\/uploads\/2025\/10\/Les-entreprises-Bisounours-1024x575.png",840,472,true],"1536x1536":["https:\/\/sosi.expert\/wp-content\/uploads\/2025\/10\/Les-entreprises-Bisounours-1536x863.png",1536,863,true],"2048x2048":["https:\/\/sosi.expert\/wp-content\/uploads\/2025\/10\/Les-entreprises-Bisounours.png",1920,1079,false],"post-thumbnail":["https:\/\/sosi.expert\/wp-content\/uploads\/2025\/10\/Les-entreprises-Bisounours-1200x674.png",1200,674,true]},"uagb_author_info":{"display_name":"Patrick Millan","author_link":"https:\/\/sosi.expert\/index.php\/author\/patrick-millan\/"},"uagb_comment_info":0,"uagb_excerpt":"Mention l\u00e9gale Toute ressemblance avec des faits et des personnages existants ou ayant exist\u00e9 serait purement fortuite et ne pourrait \u00eatre que le fruit d&rsquo;une pure co\u00efncidence. Cet article se base sur une chronologie et un contenu de faits th\u00e9orique Il est une r\u00e9flexion sur la chronologie des faits, leur pr\u00e9cision et l&rsquo;importance de cette\u2026","_links":{"self":[{"href":"https:\/\/sosi.expert\/index.php\/wp-json\/wp\/v2\/pages\/840","targetHints":{"allow":["GET"]}}],"collection":[{"href":"https:\/\/sosi.expert\/index.php\/wp-json\/wp\/v2\/pages"}],"about":[{"href":"https:\/\/sosi.expert\/index.php\/wp-json\/wp\/v2\/types\/page"}],"author":[{"embeddable":true,"href":"https:\/\/sosi.expert\/index.php\/wp-json\/wp\/v2\/users\/2"}],"replies":[{"embeddable":true,"href":"https:\/\/sosi.expert\/index.php\/wp-json\/wp\/v2\/comments?post=840"}],"version-history":[{"count":30,"href":"https:\/\/sosi.expert\/index.php\/wp-json\/wp\/v2\/pages\/840\/revisions"}],"predecessor-version":[{"id":1880,"href":"https:\/\/sosi.expert\/index.php\/wp-json\/wp\/v2\/pages\/840\/revisions\/1880"}],"up":[{"embeddable":true,"href":"https:\/\/sosi.expert\/index.php\/wp-json\/wp\/v2\/pages\/542"}],"wp:featuredmedia":[{"embeddable":true,"href":"https:\/\/sosi.expert\/index.php\/wp-json\/wp\/v2\/media\/849"}],"wp:attachment":[{"href":"https:\/\/sosi.expert\/index.php\/wp-json\/wp\/v2\/media?parent=840"}],"curies":[{"name":"wp","href":"https:\/\/api.w.org\/{rel}","templated":true}]}}