{"id":852,"date":"2025-10-04T15:27:45","date_gmt":"2025-10-04T13:27:45","guid":{"rendered":"https:\/\/sosi.expert\/?page_id=852"},"modified":"2026-01-28T12:28:48","modified_gmt":"2026-01-28T11:28:48","slug":"lorsque-les-entreprises-abusent-de-leur-pouvoir","status":"publish","type":"page","link":"https:\/\/sosi.expert\/index.php\/a-propos\/papillon-perdu-en-pensee\/lorsque-les-entreprises-abusent-de-leur-pouvoir\/","title":{"rendered":"Lorsque les entreprises abusent de leur pouvoir"},"content":{"rendered":"<p><strong>Contexte<\/strong><\/p>\n<p>R\u00e9flexion sur ce que nous pouvons l\u00e9gitimement qualifier de d\u00e9rives sectaires en entreprise.<\/p>\n<p><strong>Article<\/strong><\/p>\n<p>Un r\u00e9seau social professionnel est un outil formidable, bien plus encadr\u00e9 et pertinent que d\u2019autres tr\u00e8s orient\u00e9s grand public.<\/p>\n<p>Il permet \u00e0 chacun et chacune d\u2019entre nous de tisser des liens permettant de faire avancer nos projets.<\/p>\n<p>Cependant, il n&rsquo;est pas exempt\u00e9 de d\u00e9rives.<\/p>\n<p>Chacun et chacune cherchent \u00e0 donner en toute l\u00e9gitimit\u00e9 son avis.<\/p>\n<p>Rien de n\u00e9gatif en soi.<\/p>\n<p>Sauf, quand celui-ci tourne \u00e0 l\u2019imposition de pratiques sectaires.<\/p>\n<p>Le (ou la) gourou s&rsquo;exprime sur un sujet quelconque en relation avec son activit\u00e9 professionnelle, de mani\u00e8re relative comme tout point de vue.<\/p>\n<p><strong><em>\u00ab L\u2019\u0153il ne voit que ce que l\u2019esprit est pr\u00eat \u00e0 comprendre \u00bb<\/em><\/strong> <a title=\"Henri Bergson\" href=\"https:\/\/fr.wikipedia.org\/wiki\/Henri_Bergson\" target=\"_blank\" rel=\"noopener\" class=\"wikipedia\">Henri Bergson<\/a><\/p>\n<p>Dans la foul\u00e9e, l\u2019ensemble de ses adeptes r\u00e9agissent en ajoutant des likes en grand nombre, des commentaires tous \u00e9logieux ou en republiant le texte sacr\u00e9.\u2028<\/p>\n<p>\u00c9videmment celui-ci ruisselle de \u00ab bon sens \u00bb (Gratuit ?).<\/p>\n<p>Souvent aussi, l\u2019illustration retenue est (trop) flatteuse, voir paradisiaque.<\/p>\n<p>M\u00e9fions-nous aussi des selfies ne comprenant qu\u2019une personne vue sous un angle trop avantageux.<\/p>\n<p>Soyons particuli\u00e8rement attentif \u00e0 la banni\u00e8re du Profil.<\/p>\n<p>Dans ces \u00ab sectes \u00bb, les gourous imposent, contre toutes Lois, leurs banni\u00e8res.\u2028<\/p>\n<p>Nous ne sommes pas homme-femme sandwich.<\/p>\n<p>Notre profil est priv\u00e9, personnel et nous appartient exclusivement.<\/p>\n<p>Libre !<\/p>\n<p><strong><em>\u00ab Venez comme vous \u00eates \u00bb<\/em><\/strong> <a title=\"Ronald McDonald\" href=\"https:\/\/fr.wikipedia.org\/wiki\/Ronald_McDonald\" target=\"_blank\" rel=\"noopener\" class=\"wikipedia\">Ronald McDonald<\/a><\/p>\n<p>Toutes ses \u00ab bonnes \u00bb pratiques ont pour but bien entendu de r\u00e9aliser une campagne de promotion \u00e0 moindre co\u00fbt et d\u2019assoir par l\u00e0 son influence.<\/p>\n<p>Les algorithmes provoquant l\u2019affichage du message sur le fil d\u2019actualit\u00e9 sont ainsi manipul\u00e9s.<\/p>\n<p><strong>Rien de neuf me direz-vous ?<\/strong><\/p>\n<p>Ne soyons pas dupe tout de m\u00eame.<\/p>\n<p>La qualit\u00e9 d\u2019un texte est souvent inversement proportionnelle au nombre d\u2019occurrences du pronom personnel \u00ab je \u00bb.<\/p>\n<p><em><strong>\u00ab Moi Father Tom, P\u00e8re de l\u2019\u00c9glise \u00e9vang\u00e9liste du Saint R\u00e9dempteur, je crois en lui. Et comme lui, c\u2019est moi, je crois en moi &#8230; \u00bb<\/strong><\/em> <a title=\"Les Robins des Bois\" href=\"https:\/\/fr.wikipedia.org\/wiki\/Les_Robins_des_Bois\" target=\"_blank\" rel=\"noopener\" class=\"wikipedia\">Les Robins des Bois<\/a> ( <img loading=\"lazy\" decoding=\"async\" src=\"https:\/\/sosi.expert\/wp-content\/uploads\/2025\/04\/Youtube_Icon.png\" alt=\"Lien vers une page YouTube\" width=\"25\" height=\"25\" \/> <a title=\"Father Tom\" href=\"https:\/\/www.youtube.com\/watch?v=rQRcDzr4MAY\" target=\"_blank\" rel=\"noopener\" class=\"youtube\">Father Tom<\/a>)<\/p>\n<p>L\u2019emploi du \u00ab\u00a0il me semble\u00a0\u00bb ou autres r\u00e9f\u00e9rences directes \u00e0 l&rsquo;auteur de l&rsquo;article \u00e9quivaut au \u00ab\u00a0je\u00a0\u00bb.<\/p>\n<p>Ajoutons \u00e0 cela la proximit\u00e9 professionnelle des fans affich\u00e9s, et nous avons l\u2019assurance d\u2019avoir affaire \u00e0 une entreprise sectaire.<\/p>\n<p><em>Ce texte vous semble tenir du discours d\u2019un tribun ?<\/em><\/p>\n<p>N\u2019h\u00e9sitez pas \u00e0 r\u00e9agir dans ce cas.<\/p>\n<p><em><strong>\u00ab Il n\u2019est jamais trop tard pour renoncer \u00e0 vos pr\u00e9jug\u00e9s \u00bb<\/strong><\/em> <a title=\"Henri David Thoreau\" href=\"https:\/\/fr.wikipedia.org\/wiki\/Henry_David_Thoreau\" target=\"_blank\" rel=\"noopener\" class=\"wikipedia\">Henri David Thoreau<\/a><\/p>\n<p>N\u2019oublions pas que les gens ouverts d\u2019esprit se fichent d\u2019avoir raison, tout ce qui leurs importe est de comprendre les points de vue diff\u00e9rents.<\/p>\n<p>Il n\u2019y a jamais de bonne ou de mauvaise r\u00e9ponse, tout est une histoire de point de vue, et d\u2019ouverture d\u2019esprit.<\/p>\n<p><em><strong>\u00ab La mesure de l\u2019Intelligence est la capacit\u00e9 \u00e0 changer \u00bb<\/strong><\/em> <a title=\"Albert Einstein\" href=\"https:\/\/fr.wikipedia.org\/wiki\/Albert_Einstein\" target=\"_blank\" rel=\"noopener\" class=\"wikipedia\">Albert Einstein<\/a><\/p>\n<p>Gardons donc bon espoir, car, tr\u00e8s souvent, l\u2019emprise d\u2019une secte n\u2019est que temporaire.<\/p>\n<p>\u00c0 toutes et tous ses membres, la plus sage recommandation reste la suivante :<\/p>\n<p><em><strong>\u00ab Une fois par an, allez quelque part o\u00f9 vous n\u2019\u00eates jamais all\u00e9 \u00bb<\/strong><\/em> <a title=\"Dala\u00ef-Lama\" href=\"https:\/\/fr.wikipedia.org\/wiki\/Dala%C3%AF-lama\" target=\"_blank\" rel=\"noopener\" class=\"wikipedia\">Dala\u00ef-Lama<\/a><\/p>\n<p>\ud83d\ude4f\ud83c\udffd aux Robins et \u00e0 <a title=\"Maurice Barth\u00e9lemy\" href=\"https:\/\/fr.wikipedia.org\/wiki\/Maurice_Barth%C3%A9lemy_(acteur)\" target=\"_blank\" rel=\"noopener\" class=\"wikipedia\">Maurice Barth\u00e9lemy<\/a><\/p>\n<p><strong>R\u00e9f\u00e9rences Nationales \ud83c\uddeb\ud83c\uddf7<\/strong><br \/>\n<\/p>\n<div style=\"text-align:center;\" class='gallery gallery-columns-3 gallery-size-thumbnail' >\n<figure class='gallery-item'>\n<div class='gallery-icon'>\n\t<a href='https:\/\/www.legifrance.gouv.fr\/' target=\"_blank\"><img decoding=\"async\" src=\"https:\/\/sosi.expert\/wp-content\/uploads\/2025\/12\/LegiFrance.png\" class=\"attachment-thumbnail size-thumbnail\" alt=\"L\u00e9gifrance\" \/><\/a>\n<\/div><figcaption class='wp-caption-text gallery-caption'>\n\t<a title=\"HAS\" href='https:\/\/www.legifrance.gouv.fr\/' target=\"_blank\" rel=\"noopener\" class=\"loi\">Site officiel de L\u00e9gifrance<\/a><br \/>\n<\/figcaption><\/figure>\n<figure class='gallery-item'>\n<div class='gallery-icon'>\n\t<a href='https:\/\/www.francenum.gouv.fr\/' target=\"_blank\"><img decoding=\"async\" src=\"https:\/\/sosi.expert\/wp-content\/uploads\/2025\/12\/FranceNum.png\" class=\"attachment-thumbnail size-thumbnail\" alt=\"FranceNum\" \/><\/a>\n<\/div><figcaption class='wp-caption-text gallery-caption'>\n\t<a title=\"ANS\" href='https:\/\/www.francenum.gouv.fr\/' target=\"_blank\" rel=\"noopener\" class=\"loi\">Site officiel de FranceNum<\/a><br \/>\n<\/figcaption><\/figure>\n<\/div>\n<p><strong>Liens utiles <\/strong><\/p>\n<ul>\n<li class=\"main-title\"><a title=\"LOI n\u00b0 2023-451 du 9 juin 2023 visant \u00e0 encadrer l'influence commerciale et \u00e0 lutter contre les d\u00e9rives des influenceurs sur les r\u00e9seaux sociaux\" href=\"https:\/\/www.legifrance.gouv.fr\/jorf\/id\/JORFTEXT000047663185\" target=\"_blank\" rel=\"noopener\" class=\"loi\">LOI n\u00b0 2023-451 du 9 juin 2023 visant \u00e0 encadrer l&rsquo;influence commerciale et \u00e0 lutter contre les d\u00e9rives des influenceurs sur les r\u00e9seaux sociaux<\/a><\/li>\n<li class=\"main-title\"><a title=\"LOI n\u00b0 2023-566 du 7 juillet 2023 visant \u00e0 instaurer une majorit\u00e9 num\u00e9rique et \u00e0 lutter contre la haine en ligne\" href=\"https:\/\/www.legifrance.gouv.fr\/jorf\/id\/JORFTEXT000047799533\" target=\"_blank\" rel=\"noopener\" class=\"loi\">LOI n\u00b0 2023-566 du 7 juillet 2023 visant \u00e0 instaurer une majorit\u00e9 num\u00e9rique et \u00e0 lutter contre la haine en ligne<\/a><\/li>\n<li class=\"main-title\"><a title=\"R\u00e9seaux sociaux\" href=\"https:\/\/www.francenum.gouv.fr\/guides-et-conseils\/communication-et-publicite\/reseaux-sociaux\" target=\"_blank\" rel=\"noopener\" class=\"loi\">R\u00e9seaux sociaux<\/a><\/li>\n<li class=\"main-title\"><a title=\"Comment bien utiliser les r\u00e9seaux sociaux pour son entreprise\" href=\"https:\/\/www.francenum.gouv.fr\/guides-et-conseils\/communication-et-publicite\/reseaux-sociaux\/comment-bien-utiliser-les-reseaux\" target=\"_blank\" rel=\"noopener\" class=\"loi\">Comment bien utiliser les r\u00e9seaux sociaux pour son entreprise<\/a><\/li>\n<\/ul>\n","protected":false},"excerpt":{"rendered":"<p>Contexte R\u00e9flexion sur ce que nous pouvons l\u00e9gitimement qualifier de d\u00e9rives sectaires en entreprise. Article Un r\u00e9seau social professionnel est un outil formidable, bien plus encadr\u00e9 et pertinent que d\u2019autres tr\u00e8s orient\u00e9s grand public. Il permet \u00e0 chacun et chacune d\u2019entre nous de tisser des liens permettant de faire avancer nos projets. Cependant, il n&rsquo;est &hellip; <a href=\"https:\/\/sosi.expert\/index.php\/a-propos\/papillon-perdu-en-pensee\/lorsque-les-entreprises-abusent-de-leur-pouvoir\/\" class=\"more-link\">Continuer la lecture<span class=\"screen-reader-text\"> de &laquo;&nbsp;Lorsque les entreprises abusent de leur pouvoir&nbsp;&raquo;<\/span><\/a><\/p>\n","protected":false},"author":2,"featured_media":855,"parent":542,"menu_order":14,"comment_status":"closed","ping_status":"closed","template":"","meta":{"_uag_custom_page_level_css":"","_monsterinsights_skip_tracking":false,"_monsterinsights_sitenote_active":false,"_monsterinsights_sitenote_note":"","_monsterinsights_sitenote_category":0,"footnotes":""},"class_list":["post-852","page","type-page","status-publish","has-post-thumbnail","hentry"],"aioseo_notices":[],"uagb_featured_image_src":{"full":["https:\/\/sosi.expert\/wp-content\/uploads\/2025\/10\/Les-Entreprises-Alleluia.png",1400,787,false],"thumbnail":["https:\/\/sosi.expert\/wp-content\/uploads\/2025\/10\/Les-Entreprises-Alleluia-150x150.png",150,150,true],"medium":["https:\/\/sosi.expert\/wp-content\/uploads\/2025\/10\/Les-Entreprises-Alleluia-300x169.png",300,169,true],"medium_large":["https:\/\/sosi.expert\/wp-content\/uploads\/2025\/10\/Les-Entreprises-Alleluia-768x432.png",768,432,true],"large":["https:\/\/sosi.expert\/wp-content\/uploads\/2025\/10\/Les-Entreprises-Alleluia-1024x576.png",840,473,true],"1536x1536":["https:\/\/sosi.expert\/wp-content\/uploads\/2025\/10\/Les-Entreprises-Alleluia.png",1400,787,false],"2048x2048":["https:\/\/sosi.expert\/wp-content\/uploads\/2025\/10\/Les-Entreprises-Alleluia.png",1400,787,false],"post-thumbnail":["https:\/\/sosi.expert\/wp-content\/uploads\/2025\/10\/Les-Entreprises-Alleluia-1200x675.png",1200,675,true]},"uagb_author_info":{"display_name":"Patrick Millan","author_link":"https:\/\/sosi.expert\/index.php\/author\/patrick-millan\/"},"uagb_comment_info":0,"uagb_excerpt":"Contexte R\u00e9flexion sur ce que nous pouvons l\u00e9gitimement qualifier de d\u00e9rives sectaires en entreprise. Article Un r\u00e9seau social professionnel est un outil formidable, bien plus encadr\u00e9 et pertinent que d\u2019autres tr\u00e8s orient\u00e9s grand public. Il permet \u00e0 chacun et chacune d\u2019entre nous de tisser des liens permettant de faire avancer nos projets. Cependant, il n&rsquo;est\u2026","_links":{"self":[{"href":"https:\/\/sosi.expert\/index.php\/wp-json\/wp\/v2\/pages\/852","targetHints":{"allow":["GET"]}}],"collection":[{"href":"https:\/\/sosi.expert\/index.php\/wp-json\/wp\/v2\/pages"}],"about":[{"href":"https:\/\/sosi.expert\/index.php\/wp-json\/wp\/v2\/types\/page"}],"author":[{"embeddable":true,"href":"https:\/\/sosi.expert\/index.php\/wp-json\/wp\/v2\/users\/2"}],"replies":[{"embeddable":true,"href":"https:\/\/sosi.expert\/index.php\/wp-json\/wp\/v2\/comments?post=852"}],"version-history":[{"count":26,"href":"https:\/\/sosi.expert\/index.php\/wp-json\/wp\/v2\/pages\/852\/revisions"}],"predecessor-version":[{"id":1864,"href":"https:\/\/sosi.expert\/index.php\/wp-json\/wp\/v2\/pages\/852\/revisions\/1864"}],"up":[{"embeddable":true,"href":"https:\/\/sosi.expert\/index.php\/wp-json\/wp\/v2\/pages\/542"}],"wp:featuredmedia":[{"embeddable":true,"href":"https:\/\/sosi.expert\/index.php\/wp-json\/wp\/v2\/media\/855"}],"wp:attachment":[{"href":"https:\/\/sosi.expert\/index.php\/wp-json\/wp\/v2\/media?parent=852"}],"curies":[{"name":"wp","href":"https:\/\/api.w.org\/{rel}","templated":true}]}}